{"id":231291,"date":"2022-10-20T19:45:06","date_gmt":"2022-10-20T17:45:06","guid":{"rendered":"http:\/\/dev.claret.cat\/producte\/mirem-al-cel\/"},"modified":"2023-01-28T20:56:16","modified_gmt":"2023-01-28T19:56:16","slug":"mirem-al-cel-9788448941161","status":"publish","type":"product","link":"https:\/\/www.claret.cat\/es\/libro\/mirem-al-cel-9788448941161\/","title":{"rendered":"MIREM AL CEL"},"content":{"rendered":"<p>Aquesta \u00e9s una selecci\u00f3 de rodolins amb molt de ritme que facilita la recitaci\u00f3 i la memoritzaci\u00f3, alhora que convida els infants a descobrir alguns fen\u00f2mens atmosf\u00e8rics i alguns aspectes relacionats amb l&#8221;astronomia.<br \/> \u00abRodolem Rodolins\u00bb \u00e9s una col\u00b7lecci\u00f3 de llibres adre\u00e7ada a primers lectors que ofereix dos elements fonamentals per a l&#8221;aprenentatge de la lectura global: d&#8221;una banda, el text format per rodolins i escrit amb lletra lligada i lletra de pal, i de l&#8221;altra les imatges amb, fotografies i amb dibuixos.<\/p>\n","protected":false},"excerpt":{"rendered":"<p>MART\u00cd I BERTRAN, PERE<\/p>\n","protected":false},"featured_media":231292,"template":"","meta":{"_acf_changed":false,"om_disable_all_campaigns":false,"rs_blank_template":"","rs_page_bg_color":"","slide_template_v7":"","inline_featured_image":false,"_monsterinsights_skip_tracking":false,"_monsterinsights_sitenote_active":false,"_monsterinsights_sitenote_note":"","_monsterinsights_sitenote_category":0},"product_brand":[],"product_cat":[86],"product_tag":[],"class_list":{"0":"post-231291","1":"product","2":"type-product","3":"status-publish","4":"has-post-thumbnail","6":"product_cat-infantil","8":"first","9":"instock","10":"taxable","11":"shipping-taxable","12":"purchasable","13":"product-type-simple"},"acf":{"autor":"MART\u00cd I BERTRAN, PERE","codart":"844894116","libros-coleccion":"","ediciones":"1","encuadernacion":"R\u00fastica","fecha_de_publicacion":"01\/07\/2016","novedad":"0","paginas":"24","subtitulo":"","orden":"999","portada":"0","idioma":"cat","editorial":[{"ID":147526,"post_author":"3","post_date":"2022-10-14 11:51:15","post_date_gmt":"2022-10-14 09:51:15","post_content":"","post_title":"BARCANOVA, EDITORIAL","post_excerpt":"","post_status":"publish","comment_status":"closed","ping_status":"closed","post_password":"","post_name":"barcanova-editorial","to_ping":"","pinged":"","post_modified":"2022-10-14 11:51:15","post_modified_gmt":"2022-10-14 09:51:15","post_content_filtered":"","post_parent":0,"guid":"http:\/\/dev.claret.cat\/editorial\/barcanova-editorial\/","menu_order":0,"post_type":"editorial","post_mime_type":"","comment_count":"0","filter":"raw"}],"autores-libros":[{"ID":167033,"post_author":"3","post_date":"2022-10-14 18:08:00","post_date_gmt":"2022-10-14 16:08:00","post_content":"","post_title":"PERE MARTI I BERTRAN","post_excerpt":"","post_status":"publish","comment_status":"closed","ping_status":"closed","post_password":"","post_name":"pere-marti-i-bertran","to_ping":"","pinged":"","post_modified":"2022-10-14 18:08:00","post_modified_gmt":"2022-10-14 16:08:00","post_content_filtered":"","post_parent":0,"guid":"http:\/\/dev.claret.cat\/autor\/pere-marti-i-bertran\/","menu_order":0,"post_type":"autor","post_mime_type":"","comment_count":"0","filter":"raw"}]},"aioseo_notices":[],"_links":{"self":[{"href":"https:\/\/www.claret.cat\/es\/wp-json\/wp\/v2\/product\/231291","targetHints":{"allow":["GET"]}}],"collection":[{"href":"https:\/\/www.claret.cat\/es\/wp-json\/wp\/v2\/product"}],"about":[{"href":"https:\/\/www.claret.cat\/es\/wp-json\/wp\/v2\/types\/product"}],"wp:featuredmedia":[{"embeddable":true,"href":"https:\/\/www.claret.cat\/es\/wp-json\/wp\/v2\/media\/231292"}],"wp:attachment":[{"href":"https:\/\/www.claret.cat\/es\/wp-json\/wp\/v2\/media?parent=231291"}],"wp:term":[{"taxonomy":"product_brand","embeddable":true,"href":"https:\/\/www.claret.cat\/es\/wp-json\/wp\/v2\/product_brand?post=231291"},{"taxonomy":"product_cat","embeddable":true,"href":"https:\/\/www.claret.cat\/es\/wp-json\/wp\/v2\/product_cat?post=231291"},{"taxonomy":"product_tag","embeddable":true,"href":"https:\/\/www.claret.cat\/es\/wp-json\/wp\/v2\/product_tag?post=231291"}],"curies":[{"name":"wp","href":"https:\/\/api.w.org\/{rel}","templated":true}]}}