{"id":231383,"date":"2022-10-20T19:47:19","date_gmt":"2022-10-20T17:47:19","guid":{"rendered":"http:\/\/dev.claret.cat\/producte\/las-aventuras-de-huckleberry-finn-5\/"},"modified":"2023-01-28T06:24:50","modified_gmt":"2023-01-28T05:24:50","slug":"las-aventuras-de-huckleberry-finn-9788416358199","status":"publish","type":"product","link":"https:\/\/www.claret.cat\/es\/libro\/las-aventuras-de-huckleberry-finn-9788416358199\/","title":{"rendered":"LAS AVENTURAS DE HUCKLEBERRY FINN"},"content":{"rendered":"<p>Huckleberry, pese a los denodados intentos de la viuda Douglas por \u00abcivilizarlo\u00bb, sigue siendo un canalla entra\u00f1able y asilvestrado. Obligado a escapar de las palizas de su padre alcoh\u00f3lico, el camino de Huck se cruzar\u00e1 con el de Jim, un esclavo negro que se ha fugado al enterarse de que quieren venderlo. En ese camino de huida, ambos trabar\u00e1n una sincera amistad, llena de lealtad y admiraci\u00f3n mutua. La aparici\u00f3n final de Tom Sawyer, con sus estramb\u00f3ticos planes de siempre, pone la guinda al pastel. Canto a la amistad, la libertad, los sue\u00f1os y el idealismo, Las aventuras de Huckleberry Finn es una obra inmortal, una lectura inolvidable.<br \/> Las soberbias ilustraciones de Pablo Auladell multiplican el placer de revisitar o descubrir este cl\u00e1sico imperecedero.<\/p>\n","protected":false},"excerpt":{"rendered":"<p>TWAIN, MARK<\/p>\n","protected":false},"featured_media":231384,"template":"","meta":{"_acf_changed":false,"om_disable_all_campaigns":false,"rs_blank_template":"","rs_page_bg_color":"","slide_template_v7":"","inline_featured_image":false,"_monsterinsights_skip_tracking":false,"_monsterinsights_sitenote_active":false,"_monsterinsights_sitenote_note":"","_monsterinsights_sitenote_category":0},"product_brand":[],"product_cat":[87],"product_tag":[],"class_list":{"0":"post-231383","1":"product","2":"type-product","3":"status-publish","4":"has-post-thumbnail","6":"product_cat-literatura","8":"first","9":"instock","10":"taxable","11":"shipping-taxable","12":"purchasable","13":"product-type-simple"},"acf":{"autor":"TWAIN, MARK","codart":"841635819","libros-coleccion":"","ediciones":"1","encuadernacion":"R\u00fastica","fecha_de_publicacion":"27\/06\/2016","novedad":"0","paginas":"344","subtitulo":"","orden":"999","portada":"0","idioma":"spa","editorial":[{"ID":148035,"post_author":"3","post_date":"2022-10-14 11:55:08","post_date_gmt":"2022-10-14 09:55:08","post_content":"","post_title":"Editorial Sexto Piso","post_excerpt":"","post_status":"publish","comment_status":"closed","ping_status":"closed","post_password":"","post_name":"editorial-sexto-piso","to_ping":"","pinged":"","post_modified":"2022-10-14 11:55:08","post_modified_gmt":"2022-10-14 09:55:08","post_content_filtered":"","post_parent":0,"guid":"http:\/\/dev.claret.cat\/editorial\/editorial-sexto-piso\/","menu_order":0,"post_type":"editorial","post_mime_type":"","comment_count":"0","filter":"raw"}],"autores-libros":[{"ID":164092,"post_author":"3","post_date":"2022-10-14 17:44:17","post_date_gmt":"2022-10-14 15:44:17","post_content":"","post_title":"MARK TWAIN","post_excerpt":"","post_status":"publish","comment_status":"closed","ping_status":"closed","post_password":"","post_name":"mark-twain","to_ping":"","pinged":"","post_modified":"2022-10-14 17:44:17","post_modified_gmt":"2022-10-14 15:44:17","post_content_filtered":"","post_parent":0,"guid":"http:\/\/dev.claret.cat\/autor\/mark-twain\/","menu_order":0,"post_type":"autor","post_mime_type":"","comment_count":"0","filter":"raw"}]},"aioseo_notices":[],"_links":{"self":[{"href":"https:\/\/www.claret.cat\/es\/wp-json\/wp\/v2\/product\/231383","targetHints":{"allow":["GET"]}}],"collection":[{"href":"https:\/\/www.claret.cat\/es\/wp-json\/wp\/v2\/product"}],"about":[{"href":"https:\/\/www.claret.cat\/es\/wp-json\/wp\/v2\/types\/product"}],"wp:featuredmedia":[{"embeddable":true,"href":"https:\/\/www.claret.cat\/es\/wp-json\/wp\/v2\/media\/231384"}],"wp:attachment":[{"href":"https:\/\/www.claret.cat\/es\/wp-json\/wp\/v2\/media?parent=231383"}],"wp:term":[{"taxonomy":"product_brand","embeddable":true,"href":"https:\/\/www.claret.cat\/es\/wp-json\/wp\/v2\/product_brand?post=231383"},{"taxonomy":"product_cat","embeddable":true,"href":"https:\/\/www.claret.cat\/es\/wp-json\/wp\/v2\/product_cat?post=231383"},{"taxonomy":"product_tag","embeddable":true,"href":"https:\/\/www.claret.cat\/es\/wp-json\/wp\/v2\/product_tag?post=231383"}],"curies":[{"name":"wp","href":"https:\/\/api.w.org\/{rel}","templated":true}]}}