{"id":231411,"date":"2022-10-20T19:48:01","date_gmt":"2022-10-20T17:48:01","guid":{"rendered":"http:\/\/dev.claret.cat\/producte\/mira-en-la-noche\/"},"modified":"2024-04-11T11:27:40","modified_gmt":"2024-04-11T09:27:40","slug":"mira-en-la-noche-9789876374149","status":"publish","type":"product","link":"https:\/\/www.claret.cat\/es\/libro\/mira-en-la-noche-9789876374149\/","title":{"rendered":"MIRA EN LA NOCHE"},"content":{"rendered":"<p>La noche fascina y sorprende al beb\u00e9. Para que se deslice suavemente en el sue\u00f1o, es importante que se sienta tranquilo y protegido. Mirar estas p\u00e1ginas contigo lo ayudar\u00e1n a aceptar la separaci\u00f3n que impone el sue\u00f1o. Siguiendo al gatito, haz que tu beb\u00e9 imagine todo lo que puebla la noche, descubra todo lo que se esconde en ella&#8230; y se deje llevar.<\/p>\n","protected":false},"excerpt":{"rendered":"<p>CATHERINE JOUSSELME<\/p>\n","protected":false},"featured_media":231412,"template":"","meta":{"_acf_changed":false,"om_disable_all_campaigns":false,"rs_blank_template":"","rs_page_bg_color":"","slide_template_v7":"","inline_featured_image":false,"_monsterinsights_skip_tracking":false,"_monsterinsights_sitenote_active":false,"_monsterinsights_sitenote_note":"","_monsterinsights_sitenote_category":0},"product_brand":[],"product_cat":[352,86],"product_tag":[],"class_list":{"0":"post-231411","1":"product","2":"type-product","3":"status-publish","4":"has-post-thumbnail","6":"product_cat-infantil-3_infantil-juvenil-spa","7":"product_cat-infantil","9":"first","10":"instock","11":"taxable","12":"shipping-taxable","13":"purchasable","14":"product-type-simple"},"acf":{"autor":"CATHERINE JOUSSELME","codart":"987637414","libros-coleccion":"","ediciones":"1","encuadernacion":"R\u00fastica","fecha_de_publicacion":"27\/06\/2016","novedad":"0","paginas":"12","subtitulo":"","orden":"999","portada":"0","idioma":"spa","editorial":[{"ID":8225,"post_author":"3","post_date":"2022-09-30 09:21:13","post_date_gmt":"2022-09-30 07:21:13","post_content":"","post_title":"CATAPULTA EDITORES","post_excerpt":"","post_status":"publish","comment_status":"closed","ping_status":"closed","post_password":"","post_name":"catapulta-editores","to_ping":"","pinged":"","post_modified":"2022-09-30 09:21:13","post_modified_gmt":"2022-09-30 07:21:13","post_content_filtered":"","post_parent":0,"guid":"http:\/\/dev.claret.cat\/editorial\/catapulta-editores\/","menu_order":0,"post_type":"editorial","post_mime_type":"","comment_count":"0","filter":"raw"}],"autores-libros":[{"ID":421192,"post_author":"3","post_date":"2023-05-16 06:53:03","post_date_gmt":"2023-05-16 04:53:03","post_content":"","post_title":"CATHERINE JOUSSELME","post_excerpt":"","post_status":"publish","comment_status":"closed","ping_status":"closed","post_password":"","post_name":"catherine-jousselme-2","to_ping":"","pinged":"","post_modified":"2023-05-16 06:53:03","post_modified_gmt":"2023-05-16 04:53:03","post_content_filtered":"","post_parent":0,"guid":"https:\/\/www.claret.cat\/autor\/catherine-jousselme-2\/","menu_order":0,"post_type":"autor","post_mime_type":"","comment_count":"0","filter":"raw"}]},"aioseo_notices":[],"_links":{"self":[{"href":"https:\/\/www.claret.cat\/es\/wp-json\/wp\/v2\/product\/231411","targetHints":{"allow":["GET"]}}],"collection":[{"href":"https:\/\/www.claret.cat\/es\/wp-json\/wp\/v2\/product"}],"about":[{"href":"https:\/\/www.claret.cat\/es\/wp-json\/wp\/v2\/types\/product"}],"wp:featuredmedia":[{"embeddable":true,"href":"https:\/\/www.claret.cat\/es\/wp-json\/wp\/v2\/media\/231412"}],"wp:attachment":[{"href":"https:\/\/www.claret.cat\/es\/wp-json\/wp\/v2\/media?parent=231411"}],"wp:term":[{"taxonomy":"product_brand","embeddable":true,"href":"https:\/\/www.claret.cat\/es\/wp-json\/wp\/v2\/product_brand?post=231411"},{"taxonomy":"product_cat","embeddable":true,"href":"https:\/\/www.claret.cat\/es\/wp-json\/wp\/v2\/product_cat?post=231411"},{"taxonomy":"product_tag","embeddable":true,"href":"https:\/\/www.claret.cat\/es\/wp-json\/wp\/v2\/product_tag?post=231411"}],"curies":[{"name":"wp","href":"https:\/\/api.w.org\/{rel}","templated":true}]}}