{"id":231477,"date":"2022-10-20T19:49:31","date_gmt":"2022-10-20T17:49:31","guid":{"rendered":"http:\/\/dev.claret.cat\/producte\/sant-ferriol-soldat-de-deu\/"},"modified":"2024-05-22T20:20:06","modified_gmt":"2024-05-22T18:20:06","slug":"sant-ferriol-soldat-de-deu-9788498059151","status":"publish","type":"product","link":"https:\/\/www.claret.cat\/es\/libro\/sant-ferriol-soldat-de-deu-9788498059151\/","title":{"rendered":"SANT FERRIOL, SOLDAT DE D\u00c9U"},"content":{"rendered":"<p>Un oficial rom\u00e0, m\u00e0rtir l&#8217;any 304 per negar-se a detenir els cristians  I la hist\u00f2ria comen\u00e7a aix\u00ed:  &#8221;Sant Ferriol va viure a finals del segle III i principis del IV a la ciutat francesa de Viena del Delfinat (Vienne en franc\u00e8s), situada actualment a la regi\u00f3 del Roine-Alps. La no ren\u00fancia a la fe cristiana, el seu martiri i les seves virtuts es van propagar arreu, i ja fou mencionat en els primers martirologis. En parla el considerat m\u00e9s antic, escrit a It\u00e0lia a la segona meitat del segle V, el Martyrologium Hieronymianum (conegut amb aquest nom, Martirologi Jeronimi\u00e0, per ser atribu\u00eft falsament a sant Jeroni). Tamb\u00e9 en el que va escriure l&#8217;any 858 sant Ad\u00f3, que fou arquebisbe de la mateixa ciutat de Viena. No hi falta tampoc en el martirologi oficial de l&#8217;Esgl\u00e9sia Cat\u00f2lica -el Martirologi Rom\u00e0- en la seva primera edici\u00f3 de l&#8217;any 1584, ni tampoc en l&#8217;\u00faltima, la del 2004, on \u00e9s definit d&#8217;aquesta manera el dia de la seva festa, el 18 de setembre:&#8230;&#8221;<\/p>\n","protected":false},"excerpt":{"rendered":"<p>RODR\u00cdGUEZ, \u00c0NGEL<\/p>\n","protected":false},"featured_media":366330,"template":"","meta":{"_acf_changed":false,"om_disable_all_campaigns":false,"rs_blank_template":"","rs_page_bg_color":"","slide_template_v7":"","inline_featured_image":false,"_monsterinsights_skip_tracking":false,"_monsterinsights_sitenote_active":false,"_monsterinsights_sitenote_note":"","_monsterinsights_sitenote_category":0},"product_brand":[],"product_cat":[544,94],"product_tag":[],"class_list":{"0":"post-231477","1":"product","2":"type-product","3":"status-publish","4":"has-post-thumbnail","6":"product_cat-religiones","7":"product_cat-religions","9":"first","10":"instock","11":"taxable","12":"shipping-taxable","13":"purchasable","14":"product-type-simple"},"acf":{"autor":"RODR\u00cdGUEZ, \u00c0NGEL","codart":"849805915","libros-coleccion":"","ediciones":"1","encuadernacion":"R\u00fastica","fecha_de_publicacion":"21\/06\/2016","novedad":"0","paginas":"28","subtitulo":"","orden":"999","portada":"0","idioma":"cat","editorial":[{"ID":6156,"post_author":"3","post_date":"2022-07-28 17:46:05","post_date_gmt":"2022-07-28 15:46:05","post_content":"","post_title":"CENTRE DE PASTORAL LITURGICA","post_excerpt":"","post_status":"publish","comment_status":"closed","ping_status":"closed","post_password":"","post_name":"centre-de-pastoral-liturgica","to_ping":"","pinged":"","post_modified":"2022-07-28 17:46:05","post_modified_gmt":"2022-07-28 15:46:05","post_content_filtered":"","post_parent":0,"guid":"http:\/\/dev.claret.cat\/editorial\/centre-de-pastoral-liturgica\/","menu_order":0,"post_type":"editorial","post_mime_type":"","comment_count":"0","filter":"raw"}],"autores-libros":[{"ID":5245,"post_author":"3","post_date":"2022-07-28 17:19:56","post_date_gmt":"2022-07-28 15:19:56","post_content":"","post_title":"ANGEL RODRIGUEZ","post_excerpt":"","post_status":"publish","comment_status":"closed","ping_status":"closed","post_password":"","post_name":"angel-rodriguez","to_ping":"","pinged":"","post_modified":"2022-07-28 17:19:56","post_modified_gmt":"2022-07-28 15:19:56","post_content_filtered":"","post_parent":0,"guid":"http:\/\/dev.claret.cat\/autor\/angel-rodriguez\/","menu_order":0,"post_type":"autor","post_mime_type":"","comment_count":"0","filter":"raw"}]},"aioseo_notices":[],"_links":{"self":[{"href":"https:\/\/www.claret.cat\/es\/wp-json\/wp\/v2\/product\/231477","targetHints":{"allow":["GET"]}}],"collection":[{"href":"https:\/\/www.claret.cat\/es\/wp-json\/wp\/v2\/product"}],"about":[{"href":"https:\/\/www.claret.cat\/es\/wp-json\/wp\/v2\/types\/product"}],"wp:featuredmedia":[{"embeddable":true,"href":"https:\/\/www.claret.cat\/es\/wp-json\/wp\/v2\/media\/366330"}],"wp:attachment":[{"href":"https:\/\/www.claret.cat\/es\/wp-json\/wp\/v2\/media?parent=231477"}],"wp:term":[{"taxonomy":"product_brand","embeddable":true,"href":"https:\/\/www.claret.cat\/es\/wp-json\/wp\/v2\/product_brand?post=231477"},{"taxonomy":"product_cat","embeddable":true,"href":"https:\/\/www.claret.cat\/es\/wp-json\/wp\/v2\/product_cat?post=231477"},{"taxonomy":"product_tag","embeddable":true,"href":"https:\/\/www.claret.cat\/es\/wp-json\/wp\/v2\/product_tag?post=231477"}],"curies":[{"name":"wp","href":"https:\/\/api.w.org\/{rel}","templated":true}]}}