{"id":231492,"date":"2022-10-20T19:49:52","date_gmt":"2022-10-20T17:49:52","guid":{"rendered":"http:\/\/dev.claret.cat\/producte\/com-parlem-els-catalans\/"},"modified":"2023-01-28T01:10:34","modified_gmt":"2023-01-28T00:10:34","slug":"com-parlem-els-catalans-9788494509865","status":"publish","type":"product","link":"https:\/\/www.claret.cat\/es\/libro\/com-parlem-els-catalans-9788494509865\/","title":{"rendered":"COM PARLEM ELS CATALANS"},"content":{"rendered":"<p>Aquest \u00e9s un recull de les notes que el doctor Piu de Garroferes va prendre durant un viatge per Catalunya en un experiment cient\u00edfic sense precedents. El doctor Piu volia demostrar que la parla d&#8217;un poble \u00e9s filla de la seva psicologia col\u00b7lectiva. Com un explorador del segle XIX, el doctor Piu es va posar a voltar pel pa\u00eds amb una llibreta i un llapis, recollint paraules, expressions, locucions, dites i frases fetes amb la intenci\u00f3 de fer un retrat psicol\u00f2gic prec\u00eds de com pensen i senten els catalans. I aquest \u00e9s el resultat: argots, barbarismes, refranys&#8230; un ampli ventall per cone\u00e8xer el taranna i les maneres de parlar dels pobles i comarques catalans.<\/p>\n","protected":false},"excerpt":{"rendered":"<p>FERRAN FOLCH I BOT<\/p>\n","protected":false},"featured_media":231493,"template":"","meta":{"_acf_changed":false,"om_disable_all_campaigns":false,"rs_blank_template":"","rs_page_bg_color":"","slide_template_v7":"","inline_featured_image":false,"_monsterinsights_skip_tracking":false,"_monsterinsights_sitenote_active":false,"_monsterinsights_sitenote_note":"","_monsterinsights_sitenote_category":0},"product_brand":[],"product_cat":[98],"product_tag":[],"class_list":{"0":"post-231492","1":"product","2":"type-product","3":"status-publish","4":"has-post-thumbnail","6":"product_cat-diccionaris","8":"first","9":"instock","10":"taxable","11":"shipping-taxable","12":"purchasable","13":"product-type-simple"},"acf":{"autor":"FERRAN FOLCH I BOT","codart":"849450986","libros-coleccion":"","ediciones":"1","encuadernacion":"R\u00fastica","fecha_de_publicacion":"21\/06\/2016","novedad":"0","paginas":"160","subtitulo":"","orden":"999","portada":"0","idioma":"cat","editorial":[{"ID":147455,"post_author":"3","post_date":"2022-10-14 11:50:43","post_date_gmt":"2022-10-14 09:50:43","post_content":"","post_title":"ARCA EDITORIAL, S.L.","post_excerpt":"","post_status":"publish","comment_status":"closed","ping_status":"closed","post_password":"","post_name":"arca-editorial-s-l","to_ping":"","pinged":"","post_modified":"2022-10-14 11:50:43","post_modified_gmt":"2022-10-14 09:50:43","post_content_filtered":"","post_parent":0,"guid":"http:\/\/dev.claret.cat\/editorial\/arca-editorial-s-l\/","menu_order":0,"post_type":"editorial","post_mime_type":"","comment_count":"0","filter":"raw"}]},"aioseo_notices":[],"_links":{"self":[{"href":"https:\/\/www.claret.cat\/es\/wp-json\/wp\/v2\/product\/231492","targetHints":{"allow":["GET"]}}],"collection":[{"href":"https:\/\/www.claret.cat\/es\/wp-json\/wp\/v2\/product"}],"about":[{"href":"https:\/\/www.claret.cat\/es\/wp-json\/wp\/v2\/types\/product"}],"wp:featuredmedia":[{"embeddable":true,"href":"https:\/\/www.claret.cat\/es\/wp-json\/wp\/v2\/media\/231493"}],"wp:attachment":[{"href":"https:\/\/www.claret.cat\/es\/wp-json\/wp\/v2\/media?parent=231492"}],"wp:term":[{"taxonomy":"product_brand","embeddable":true,"href":"https:\/\/www.claret.cat\/es\/wp-json\/wp\/v2\/product_brand?post=231492"},{"taxonomy":"product_cat","embeddable":true,"href":"https:\/\/www.claret.cat\/es\/wp-json\/wp\/v2\/product_cat?post=231492"},{"taxonomy":"product_tag","embeddable":true,"href":"https:\/\/www.claret.cat\/es\/wp-json\/wp\/v2\/product_tag?post=231492"}],"curies":[{"name":"wp","href":"https:\/\/api.w.org\/{rel}","templated":true}]}}