{"id":231637,"date":"2022-10-20T19:53:22","date_gmt":"2022-10-20T17:53:22","guid":{"rendered":"http:\/\/dev.claret.cat\/producte\/excursions-a-peu-pel-montseny\/"},"modified":"2023-01-28T17:45:40","modified_gmt":"2023-01-28T16:45:40","slug":"excursions-a-peu-pel-montseny-9788490344644","status":"publish","type":"product","link":"https:\/\/www.claret.cat\/es\/libro\/excursions-a-peu-pel-montseny-9788490344644\/","title":{"rendered":"EXCURSIONS A PEU PEL MONTSENY"},"content":{"rendered":"<p>En aquesta guia trobareu un recull de 15 itineraris que us permetran con\u00e8ixer els racons m\u00e9s emblem\u00e0tics del Montseny. Es tracta d&#8221;unes rutes que volen fugir dels camins m\u00e9s massificats, i que es poden fer en mig dia. Descobrireu en profunditat els espais m\u00e9s caracter\u00edstics de la zona, com Matagalls, les Agudes o el Pla de la Calma, per\u00f2 tamb\u00e9 en resseguireu altres de menys coneguts, com la Casa Nova de Sant Miquel o el tur\u00f3 dels Corbs. En el llibre trobareu, tamb\u00e9, informaci\u00f3 sobre la durada, el desnivell i la topografia de cada itinerari, aix\u00ed com mapes i fotografies a tot color. Tamb\u00e9 hi ha una introducci\u00f3 que ajuda a fer una primera aproximaci\u00f3 al medi que es vol trepitjar. <br \/> Guia de butxaca en color i per a tots els p\u00fablics<\/p>\n","protected":false},"excerpt":{"rendered":"<p>ROMA I CASANOVAS, FRANCESC<\/p>\n","protected":false},"featured_media":320085,"template":"","meta":{"_acf_changed":false,"om_disable_all_campaigns":false,"rs_blank_template":"","rs_page_bg_color":"","slide_template_v7":"","inline_featured_image":false,"_monsterinsights_skip_tracking":false,"_monsterinsights_sitenote_active":false,"_monsterinsights_sitenote_note":"","_monsterinsights_sitenote_category":0},"product_brand":[],"product_cat":[557,107],"product_tag":[],"class_list":{"0":"post-231637","1":"product","2":"type-product","3":"status-publish","4":"has-post-thumbnail","6":"product_cat-guias-de-viaje","7":"product_cat-guies-de-viatge","9":"first","10":"instock","11":"taxable","12":"shipping-taxable","13":"purchasable","14":"product-type-simple"},"acf":{"autor":"ROMA I CASANOVAS, FRANCESC","codart":"849034464","libros-coleccion":"","ediciones":"1","encuadernacion":"R\u00fastica","fecha_de_publicacion":"15\/06\/2016","novedad":"0","paginas":"72","subtitulo":"","orden":"999","portada":"0","idioma":"cat","editorial":[{"ID":6171,"post_author":"3","post_date":"2022-07-28 17:46:25","post_date_gmt":"2022-07-28 15:46:25","post_content":"","post_title":"COSSETANIA EDICIONS","post_excerpt":"","post_status":"publish","comment_status":"closed","ping_status":"closed","post_password":"","post_name":"cossetania-edicions","to_ping":"","pinged":"","post_modified":"2022-07-28 17:46:25","post_modified_gmt":"2022-07-28 15:46:25","post_content_filtered":"","post_parent":0,"guid":"http:\/\/dev.claret.cat\/editorial\/cossetania-edicions\/","menu_order":0,"post_type":"editorial","post_mime_type":"","comment_count":"0","filter":"raw"}],"autores-libros":[{"ID":156140,"post_author":"3","post_date":"2022-10-14 15:18:26","post_date_gmt":"2022-10-14 13:18:26","post_content":"","post_title":"FRANCESC ROMA I CASANOVAS","post_excerpt":"","post_status":"publish","comment_status":"closed","ping_status":"closed","post_password":"","post_name":"francesc-roma-i-casanovas","to_ping":"","pinged":"","post_modified":"2022-10-14 15:18:26","post_modified_gmt":"2022-10-14 13:18:26","post_content_filtered":"","post_parent":0,"guid":"http:\/\/dev.claret.cat\/autor\/francesc-roma-i-casanovas\/","menu_order":0,"post_type":"autor","post_mime_type":"","comment_count":"0","filter":"raw"}]},"aioseo_notices":[],"_links":{"self":[{"href":"https:\/\/www.claret.cat\/es\/wp-json\/wp\/v2\/product\/231637","targetHints":{"allow":["GET"]}}],"collection":[{"href":"https:\/\/www.claret.cat\/es\/wp-json\/wp\/v2\/product"}],"about":[{"href":"https:\/\/www.claret.cat\/es\/wp-json\/wp\/v2\/types\/product"}],"wp:featuredmedia":[{"embeddable":true,"href":"https:\/\/www.claret.cat\/es\/wp-json\/wp\/v2\/media\/320085"}],"wp:attachment":[{"href":"https:\/\/www.claret.cat\/es\/wp-json\/wp\/v2\/media?parent=231637"}],"wp:term":[{"taxonomy":"product_brand","embeddable":true,"href":"https:\/\/www.claret.cat\/es\/wp-json\/wp\/v2\/product_brand?post=231637"},{"taxonomy":"product_cat","embeddable":true,"href":"https:\/\/www.claret.cat\/es\/wp-json\/wp\/v2\/product_cat?post=231637"},{"taxonomy":"product_tag","embeddable":true,"href":"https:\/\/www.claret.cat\/es\/wp-json\/wp\/v2\/product_tag?post=231637"}],"curies":[{"name":"wp","href":"https:\/\/api.w.org\/{rel}","templated":true}]}}