{"id":231640,"date":"2022-10-20T19:53:26","date_gmt":"2022-10-20T17:53:26","guid":{"rendered":"http:\/\/dev.claret.cat\/producte\/excursions-a-peu-per-montserrat\/"},"modified":"2023-01-28T22:28:56","modified_gmt":"2023-01-28T21:28:56","slug":"excursions-a-peu-per-montserrat-9788490344651","status":"publish","type":"product","link":"https:\/\/www.claret.cat\/es\/libro\/excursions-a-peu-per-montserrat-9788490344651\/","title":{"rendered":"EXCURSIONS A PEU PER MONTSERRAT"},"content":{"rendered":"<p>En aquesta guia trobareu un recull de 15 itineraris que us permetran con\u00e8ixer un dels massissos m\u00e9s emblem\u00e0tics del nostre pa\u00eds, el de Montserrat. S\u00f3n rutes que us acostaran als llocs m\u00e9s significatius d&#8221;aquest mass\u00eds, com s\u00f3n Sant Jeroni, les Agulles o els Frares Encantats, per\u00f2 tamb\u00e9 a altres de menys coneguts, com el Montgr\u00f2s, la Vinya Nova i el Clot de la M\u00f2nica. En el llibre trobareu, tamb\u00e9, informaci\u00f3 sobre la durada, el desnivell i la topografia de cada itinerari, aix\u00ed com mapes i fotografies a tot color. Tamb\u00e9 hi ha una introducci\u00f3 que ajuda a fer una primera aproximaci\u00f3 al medi que es vol trepitjar. <br \/> Guia de butxaca en color i per a tots els p\u00fablics<\/p>\n","protected":false},"excerpt":{"rendered":"<p>ROMA I CASANOVAS, FRANCESC<\/p>\n","protected":false},"featured_media":320087,"template":"","meta":{"_acf_changed":false,"om_disable_all_campaigns":false,"rs_blank_template":"","rs_page_bg_color":"","slide_template_v7":"","inline_featured_image":false,"_monsterinsights_skip_tracking":false,"_monsterinsights_sitenote_active":false,"_monsterinsights_sitenote_note":"","_monsterinsights_sitenote_category":0},"product_brand":[],"product_cat":[557,107],"product_tag":[],"class_list":{"0":"post-231640","1":"product","2":"type-product","3":"status-publish","4":"has-post-thumbnail","6":"product_cat-guias-de-viaje","7":"product_cat-guies-de-viatge","9":"first","10":"instock","11":"taxable","12":"shipping-taxable","13":"purchasable","14":"product-type-simple"},"acf":{"autor":"ROMA I CASANOVAS, FRANCESC","codart":"849034465","libros-coleccion":"","ediciones":"1","encuadernacion":"R\u00fastica","fecha_de_publicacion":"15\/06\/2016","novedad":"0","paginas":"72","subtitulo":"","orden":"999","portada":"0","idioma":"cat","editorial":[{"ID":6171,"post_author":"3","post_date":"2022-07-28 17:46:25","post_date_gmt":"2022-07-28 15:46:25","post_content":"","post_title":"COSSETANIA EDICIONS","post_excerpt":"","post_status":"publish","comment_status":"closed","ping_status":"closed","post_password":"","post_name":"cossetania-edicions","to_ping":"","pinged":"","post_modified":"2022-07-28 17:46:25","post_modified_gmt":"2022-07-28 15:46:25","post_content_filtered":"","post_parent":0,"guid":"http:\/\/dev.claret.cat\/editorial\/cossetania-edicions\/","menu_order":0,"post_type":"editorial","post_mime_type":"","comment_count":"0","filter":"raw"}],"autores-libros":[{"ID":156140,"post_author":"3","post_date":"2022-10-14 15:18:26","post_date_gmt":"2022-10-14 13:18:26","post_content":"","post_title":"FRANCESC ROMA I CASANOVAS","post_excerpt":"","post_status":"publish","comment_status":"closed","ping_status":"closed","post_password":"","post_name":"francesc-roma-i-casanovas","to_ping":"","pinged":"","post_modified":"2022-10-14 15:18:26","post_modified_gmt":"2022-10-14 13:18:26","post_content_filtered":"","post_parent":0,"guid":"http:\/\/dev.claret.cat\/autor\/francesc-roma-i-casanovas\/","menu_order":0,"post_type":"autor","post_mime_type":"","comment_count":"0","filter":"raw"}]},"aioseo_notices":[],"_links":{"self":[{"href":"https:\/\/www.claret.cat\/es\/wp-json\/wp\/v2\/product\/231640","targetHints":{"allow":["GET"]}}],"collection":[{"href":"https:\/\/www.claret.cat\/es\/wp-json\/wp\/v2\/product"}],"about":[{"href":"https:\/\/www.claret.cat\/es\/wp-json\/wp\/v2\/types\/product"}],"wp:featuredmedia":[{"embeddable":true,"href":"https:\/\/www.claret.cat\/es\/wp-json\/wp\/v2\/media\/320087"}],"wp:attachment":[{"href":"https:\/\/www.claret.cat\/es\/wp-json\/wp\/v2\/media?parent=231640"}],"wp:term":[{"taxonomy":"product_brand","embeddable":true,"href":"https:\/\/www.claret.cat\/es\/wp-json\/wp\/v2\/product_brand?post=231640"},{"taxonomy":"product_cat","embeddable":true,"href":"https:\/\/www.claret.cat\/es\/wp-json\/wp\/v2\/product_cat?post=231640"},{"taxonomy":"product_tag","embeddable":true,"href":"https:\/\/www.claret.cat\/es\/wp-json\/wp\/v2\/product_tag?post=231640"}],"curies":[{"name":"wp","href":"https:\/\/api.w.org\/{rel}","templated":true}]}}