{"id":231667,"date":"2022-10-20T19:54:04","date_gmt":"2022-10-20T17:54:04","guid":{"rendered":"http:\/\/dev.claret.cat\/producte\/cinc-setmanes-de-colonies\/"},"modified":"2025-01-31T20:54:34","modified_gmt":"2025-01-31T19:54:34","slug":"cinc-setmanes-de-colonies-9788424657833","status":"publish","type":"product","link":"https:\/\/www.claret.cat\/es\/libro\/cinc-setmanes-de-colonies-9788424657833\/","title":{"rendered":"CINC SETMANES DE COL\u00d2NIES"},"content":{"rendered":"<p>En Biel i en Picapoc es tornen a trobar: aquest cop passaran cinc setmanes de col\u00f2nies en un planeta amb altres nens. El grup dels dos amics han de jugar a futbol, per\u00f2 no se&#8221;n surten gaire b\u00e9. Si treballen junts i miren de divertir-se, potser se&#8221;n sortiran.&lt;br&gt;&lt;br&gt;Una aventura divertida i amable amb els dos amics m\u00e9s especials de la gal\u00e0xia.&lt;br&gt;&lt;br&gt;<\/p>\n","protected":false},"excerpt":{"rendered":"<p>MACIP, SALVADOR<\/p>\n","protected":false},"featured_media":231668,"template":"","meta":{"_acf_changed":false,"om_disable_all_campaigns":false,"rs_blank_template":"","rs_page_bg_color":"","slide_template_v7":"","inline_featured_image":false,"_monsterinsights_skip_tracking":false,"_monsterinsights_sitenote_active":false,"_monsterinsights_sitenote_note":"","_monsterinsights_sitenote_category":0},"product_brand":[],"product_cat":[352,86],"product_tag":[],"class_list":{"0":"post-231667","1":"product","2":"type-product","3":"status-publish","4":"has-post-thumbnail","6":"product_cat-infantil-3_infantil-juvenil-spa","7":"product_cat-infantil","9":"first","10":"instock","11":"taxable","12":"shipping-taxable","13":"purchasable","14":"product-type-simple"},"acf":{"autor":"MACIP, SALVADOR","codart":"842465783","libros-coleccion":"","ediciones":"1","encuadernacion":"R\u00fastica","fecha_de_publicacion":"14\/06\/2016","novedad":"0","paginas":"24","subtitulo":"UNA AVENTURA D''EN BIEL I EN PICAPOC-2","orden":"999","portada":"0","idioma":"cat","editorial":[{"ID":148361,"post_author":"3","post_date":"2022-10-14 11:57:38","post_date_gmt":"2022-10-14 09:57:38","post_content":"","post_title":"LA GALERA, S.A. EDITORIAL","post_excerpt":"","post_status":"publish","comment_status":"closed","ping_status":"closed","post_password":"","post_name":"la-galera-s-a-editorial","to_ping":"","pinged":"","post_modified":"2022-10-14 11:57:38","post_modified_gmt":"2022-10-14 09:57:38","post_content_filtered":"","post_parent":0,"guid":"http:\/\/dev.claret.cat\/editorial\/la-galera-s-a-editorial\/","menu_order":0,"post_type":"editorial","post_mime_type":"","comment_count":"0","filter":"raw"}],"autores-libros":[{"ID":6008,"post_author":"3","post_date":"2022-07-28 17:36:12","post_date_gmt":"2022-07-28 15:36:12","post_content":"","post_title":"SALVADOR MACIP","post_excerpt":"","post_status":"publish","comment_status":"closed","ping_status":"closed","post_password":"","post_name":"salvador-macip","to_ping":"","pinged":"","post_modified":"2022-07-28 17:36:12","post_modified_gmt":"2022-07-28 15:36:12","post_content_filtered":"","post_parent":0,"guid":"http:\/\/dev.claret.cat\/autor\/salvador-macip\/","menu_order":0,"post_type":"autor","post_mime_type":"","comment_count":"0","filter":"raw"}]},"aioseo_notices":[],"_links":{"self":[{"href":"https:\/\/www.claret.cat\/es\/wp-json\/wp\/v2\/product\/231667","targetHints":{"allow":["GET"]}}],"collection":[{"href":"https:\/\/www.claret.cat\/es\/wp-json\/wp\/v2\/product"}],"about":[{"href":"https:\/\/www.claret.cat\/es\/wp-json\/wp\/v2\/types\/product"}],"wp:featuredmedia":[{"embeddable":true,"href":"https:\/\/www.claret.cat\/es\/wp-json\/wp\/v2\/media\/231668"}],"wp:attachment":[{"href":"https:\/\/www.claret.cat\/es\/wp-json\/wp\/v2\/media?parent=231667"}],"wp:term":[{"taxonomy":"product_brand","embeddable":true,"href":"https:\/\/www.claret.cat\/es\/wp-json\/wp\/v2\/product_brand?post=231667"},{"taxonomy":"product_cat","embeddable":true,"href":"https:\/\/www.claret.cat\/es\/wp-json\/wp\/v2\/product_cat?post=231667"},{"taxonomy":"product_tag","embeddable":true,"href":"https:\/\/www.claret.cat\/es\/wp-json\/wp\/v2\/product_tag?post=231667"}],"curies":[{"name":"wp","href":"https:\/\/api.w.org\/{rel}","templated":true}]}}