{"id":231766,"date":"2022-10-20T19:56:26","date_gmt":"2022-10-20T17:56:26","guid":{"rendered":"http:\/\/dev.claret.cat\/producte\/my-little-pony-los-ayudantes-magicos\/"},"modified":"2023-01-28T15:07:11","modified_gmt":"2023-01-28T14:07:11","slug":"my-little-pony-los-ayudantes-magicos-9788408155836","status":"publish","type":"product","link":"https:\/\/www.claret.cat\/es\/libro\/my-little-pony-los-ayudantes-magicos-9788408155836\/","title":{"rendered":"MY LITTLE PONY. LOS AYUDANTES M\u00c1GICOS"},"content":{"rendered":"<p>Un d\u00eda, Pinkie Pie decidi\u00f3 usar su tambor m\u00e1gico para ayudar a sus amigas, que estaban muy ocupadas trabajando. \u00bfY qu\u00e9 ocurri\u00f3 entonces? Divi\u00e9rtete completando el libro con las pegatinas y juega con la figura exclusiva de edici\u00f3n limitada, podr\u00e1s recrear tus escenas preferidas o inventar nuevas aventuras. \u00a1Colecci\u00f3nalas!<\/p>\n","protected":false},"excerpt":{"rendered":"<p>MY LITTLE PONY<\/p>\n","protected":false},"featured_media":231767,"template":"","meta":{"_acf_changed":false,"om_disable_all_campaigns":false,"rs_blank_template":"","rs_page_bg_color":"","slide_template_v7":"","inline_featured_image":false,"_monsterinsights_skip_tracking":false,"_monsterinsights_sitenote_active":false,"_monsterinsights_sitenote_note":"","_monsterinsights_sitenote_category":0},"product_brand":[],"product_cat":[86],"product_tag":[],"class_list":{"0":"post-231766","1":"product","2":"type-product","3":"status-publish","4":"has-post-thumbnail","6":"product_cat-infantil","8":"first","9":"instock","10":"taxable","11":"shipping-taxable","12":"purchasable","13":"product-type-simple"},"acf":{"autor":"MY LITTLE PONY","codart":"840815583","libros-coleccion":"","ediciones":"1","encuadernacion":"R\u00fastica","fecha_de_publicacion":"14\/06\/2016","novedad":"0","paginas":"24","subtitulo":"CON PEGATINAS Y UNA FIGURA EXCLUSIVA DE PINKIE PIE","orden":"999","portada":"0","idioma":"spa","editorial":[{"ID":148678,"post_author":"3","post_date":"2022-10-14 12:00:08","post_date_gmt":"2022-10-14 10:00:08","post_content":"","post_title":"PLANETA JUNIOR","post_excerpt":"","post_status":"publish","comment_status":"closed","ping_status":"closed","post_password":"","post_name":"planeta-junior","to_ping":"","pinged":"","post_modified":"2022-10-14 12:00:08","post_modified_gmt":"2022-10-14 10:00:08","post_content_filtered":"","post_parent":0,"guid":"http:\/\/dev.claret.cat\/editorial\/planeta-junior\/","menu_order":0,"post_type":"editorial","post_mime_type":"","comment_count":"0","filter":"raw"}],"autores-libros":[{"ID":165522,"post_author":"3","post_date":"2022-10-14 17:55:51","post_date_gmt":"2022-10-14 15:55:51","post_content":"","post_title":"MY LITTLE PONY","post_excerpt":"","post_status":"publish","comment_status":"closed","ping_status":"closed","post_password":"","post_name":"my-little-pony","to_ping":"","pinged":"","post_modified":"2022-10-14 17:55:51","post_modified_gmt":"2022-10-14 15:55:51","post_content_filtered":"","post_parent":0,"guid":"http:\/\/dev.claret.cat\/autor\/my-little-pony\/","menu_order":0,"post_type":"autor","post_mime_type":"","comment_count":"0","filter":"raw"}]},"aioseo_notices":[],"_links":{"self":[{"href":"https:\/\/www.claret.cat\/es\/wp-json\/wp\/v2\/product\/231766","targetHints":{"allow":["GET"]}}],"collection":[{"href":"https:\/\/www.claret.cat\/es\/wp-json\/wp\/v2\/product"}],"about":[{"href":"https:\/\/www.claret.cat\/es\/wp-json\/wp\/v2\/types\/product"}],"wp:featuredmedia":[{"embeddable":true,"href":"https:\/\/www.claret.cat\/es\/wp-json\/wp\/v2\/media\/231767"}],"wp:attachment":[{"href":"https:\/\/www.claret.cat\/es\/wp-json\/wp\/v2\/media?parent=231766"}],"wp:term":[{"taxonomy":"product_brand","embeddable":true,"href":"https:\/\/www.claret.cat\/es\/wp-json\/wp\/v2\/product_brand?post=231766"},{"taxonomy":"product_cat","embeddable":true,"href":"https:\/\/www.claret.cat\/es\/wp-json\/wp\/v2\/product_cat?post=231766"},{"taxonomy":"product_tag","embeddable":true,"href":"https:\/\/www.claret.cat\/es\/wp-json\/wp\/v2\/product_tag?post=231766"}],"curies":[{"name":"wp","href":"https:\/\/api.w.org\/{rel}","templated":true}]}}