{"id":231769,"date":"2022-10-20T19:56:30","date_gmt":"2022-10-20T17:56:30","guid":{"rendered":"http:\/\/dev.claret.cat\/producte\/my-little-pony-el-cristal-de-la-discordia\/"},"modified":"2023-01-28T00:50:25","modified_gmt":"2023-01-27T23:50:25","slug":"my-little-pony-el-cristal-de-la-discordia-9788408155843","status":"publish","type":"product","link":"https:\/\/www.claret.cat\/es\/libro\/my-little-pony-el-cristal-de-la-discordia-9788408155843\/","title":{"rendered":"MY LITTLE PONY. EL CRISTAL DE LA DISCORDIA"},"content":{"rendered":"<p>Un meteorito ha cruzado el cielo de Ponyville y ha desencadenado sucesos muy extra\u00f1os. \u00a1Descubre nuevas y fant\u00e1sticas aventuras y divi\u00e9rtete completando el libro con las pegatinas! Adem\u00e1s, con la figura exclusiva de edici\u00f3n limitada, podr\u00e1s recrear tus escenas favoritas o inventar nuevas aventuras. \u00a1Colecci\u00f3nalas!<\/p>\n","protected":false},"excerpt":{"rendered":"<p>MY LITTLE PONY<\/p>\n","protected":false},"featured_media":231770,"template":"","meta":{"_acf_changed":false,"om_disable_all_campaigns":false,"rs_blank_template":"","rs_page_bg_color":"","slide_template_v7":"","inline_featured_image":false,"_monsterinsights_skip_tracking":false,"_monsterinsights_sitenote_active":false,"_monsterinsights_sitenote_note":"","_monsterinsights_sitenote_category":0},"product_brand":[],"product_cat":[86],"product_tag":[],"class_list":{"0":"post-231769","1":"product","2":"type-product","3":"status-publish","4":"has-post-thumbnail","6":"product_cat-infantil","8":"first","9":"instock","10":"taxable","11":"shipping-taxable","12":"purchasable","13":"product-type-simple"},"acf":{"autor":"MY LITTLE PONY","codart":"840815584","libros-coleccion":"","ediciones":"1","encuadernacion":"R\u00fastica","fecha_de_publicacion":"14\/06\/2016","novedad":"0","paginas":"24","subtitulo":"CON PEGATINAS Y UNA FIGURA EXCLUSIVA DE TWILIGHT SPARKLE","orden":"999","portada":"0","idioma":"spa","editorial":[{"ID":148678,"post_author":"3","post_date":"2022-10-14 12:00:08","post_date_gmt":"2022-10-14 10:00:08","post_content":"","post_title":"PLANETA JUNIOR","post_excerpt":"","post_status":"publish","comment_status":"closed","ping_status":"closed","post_password":"","post_name":"planeta-junior","to_ping":"","pinged":"","post_modified":"2022-10-14 12:00:08","post_modified_gmt":"2022-10-14 10:00:08","post_content_filtered":"","post_parent":0,"guid":"http:\/\/dev.claret.cat\/editorial\/planeta-junior\/","menu_order":0,"post_type":"editorial","post_mime_type":"","comment_count":"0","filter":"raw"}],"autores-libros":[{"ID":165522,"post_author":"3","post_date":"2022-10-14 17:55:51","post_date_gmt":"2022-10-14 15:55:51","post_content":"","post_title":"MY LITTLE PONY","post_excerpt":"","post_status":"publish","comment_status":"closed","ping_status":"closed","post_password":"","post_name":"my-little-pony","to_ping":"","pinged":"","post_modified":"2022-10-14 17:55:51","post_modified_gmt":"2022-10-14 15:55:51","post_content_filtered":"","post_parent":0,"guid":"http:\/\/dev.claret.cat\/autor\/my-little-pony\/","menu_order":0,"post_type":"autor","post_mime_type":"","comment_count":"0","filter":"raw"}]},"aioseo_notices":[],"_links":{"self":[{"href":"https:\/\/www.claret.cat\/es\/wp-json\/wp\/v2\/product\/231769","targetHints":{"allow":["GET"]}}],"collection":[{"href":"https:\/\/www.claret.cat\/es\/wp-json\/wp\/v2\/product"}],"about":[{"href":"https:\/\/www.claret.cat\/es\/wp-json\/wp\/v2\/types\/product"}],"wp:featuredmedia":[{"embeddable":true,"href":"https:\/\/www.claret.cat\/es\/wp-json\/wp\/v2\/media\/231770"}],"wp:attachment":[{"href":"https:\/\/www.claret.cat\/es\/wp-json\/wp\/v2\/media?parent=231769"}],"wp:term":[{"taxonomy":"product_brand","embeddable":true,"href":"https:\/\/www.claret.cat\/es\/wp-json\/wp\/v2\/product_brand?post=231769"},{"taxonomy":"product_cat","embeddable":true,"href":"https:\/\/www.claret.cat\/es\/wp-json\/wp\/v2\/product_cat?post=231769"},{"taxonomy":"product_tag","embeddable":true,"href":"https:\/\/www.claret.cat\/es\/wp-json\/wp\/v2\/product_tag?post=231769"}],"curies":[{"name":"wp","href":"https:\/\/api.w.org\/{rel}","templated":true}]}}