{"id":232033,"date":"2022-10-20T20:02:51","date_gmt":"2022-10-20T18:02:51","guid":{"rendered":"http:\/\/dev.claret.cat\/producte\/la-deseducacion\/"},"modified":"2023-01-28T15:15:12","modified_gmt":"2023-01-28T14:15:12","slug":"la-deseducacion-9788498929706","status":"publish","type":"product","link":"https:\/\/www.claret.cat\/es\/libro\/la-deseducacion-9788498929706\/","title":{"rendered":"LA (DES)EDUCACI\u00d3N"},"content":{"rendered":"<p>El gran ling\u00fcista norteamericano, Noam Chomsky, critica duramente el actual sistema de ense\u00f1anza. Frente a la idea de que en las escuelas se ense\u00f1an los valores democr\u00e1ticos, lo que realmente existe es un modelo colonial de ense\u00f1anza dise\u00f1ado primordialmente para formar profesores cuya dimensi\u00f3n intelectual quede devaluada y sea sustituida por un complejo de procedimientos y t\u00e9cnicas; un modelo que impide el pensamiento cr\u00edtico e independiente, que no permite razonar sobre lo que se oculta tras las explicaciones y que, por ello mismo, fija estas explicaciones como las \u00fanicas posibles. Pocas veces los profesores piden a los alumnos que analicen las estructuras pol\u00edticas y sociales que informan sus vidas. Raramente se insta a los estudiantes a que descubran la verdad por s\u00ed mismos. En La (des)educaci\u00f3n, Chomsky nos proporciona excelentes herramientas para desmontar este tipo de ense\u00f1anza. Si los educadores rechazan el adiestramiento tecnocr\u00e1tico que les desintelectualiza para convertirse en intelectuales aut\u00e9nticos que denuncien la hipocres\u00eda, las injusticias sociales y la miseria humana, conseguir\u00e1n que los estudiantes asuman el reto de ensanchar los horizontes de la democracia y de la ciudadan\u00eda.<\/p>\n","protected":false},"excerpt":{"rendered":"<p>CHOMSKY, NOAM<\/p>\n","protected":false},"featured_media":232034,"template":"","meta":{"_acf_changed":false,"om_disable_all_campaigns":false,"rs_blank_template":"","rs_page_bg_color":"","slide_template_v7":"","inline_featured_image":false,"_monsterinsights_skip_tracking":false,"_monsterinsights_sitenote_active":false,"_monsterinsights_sitenote_note":"","_monsterinsights_sitenote_category":0},"product_brand":[],"product_cat":[82],"product_tag":[],"class_list":{"0":"post-232033","1":"product","2":"type-product","3":"status-publish","4":"has-post-thumbnail","6":"product_cat-pedagogia","8":"first","9":"instock","10":"taxable","11":"shipping-taxable","12":"purchasable","13":"product-type-simple"},"acf":{"autor":"CHOMSKY, NOAM","codart":"849892970","libros-coleccion":"","ediciones":"1","encuadernacion":"R\u00fastica","fecha_de_publicacion":"07\/06\/2016","novedad":"0","paginas":"0","subtitulo":"","orden":"999","portada":"0","idioma":"spa","editorial":[{"ID":147952,"post_author":"3","post_date":"2022-10-14 11:54:29","post_date_gmt":"2022-10-14 09:54:29","post_content":"","post_title":"EDITORIAL CRITICA","post_excerpt":"","post_status":"publish","comment_status":"closed","ping_status":"closed","post_password":"","post_name":"editorial-critica","to_ping":"","pinged":"","post_modified":"2022-10-14 11:54:29","post_modified_gmt":"2022-10-14 09:54:29","post_content_filtered":"","post_parent":0,"guid":"http:\/\/dev.claret.cat\/editorial\/editorial-critica\/","menu_order":0,"post_type":"editorial","post_mime_type":"","comment_count":"0","filter":"raw"}],"autores-libros":[{"ID":165919,"post_author":"3","post_date":"2022-10-14 17:58:59","post_date_gmt":"2022-10-14 15:58:59","post_content":"","post_title":"NOAM CHOMSKY","post_excerpt":"","post_status":"publish","comment_status":"closed","ping_status":"closed","post_password":"","post_name":"noam-chomsky","to_ping":"","pinged":"","post_modified":"2022-10-14 17:58:59","post_modified_gmt":"2022-10-14 15:58:59","post_content_filtered":"","post_parent":0,"guid":"http:\/\/dev.claret.cat\/autor\/noam-chomsky\/","menu_order":0,"post_type":"autor","post_mime_type":"","comment_count":"0","filter":"raw"}]},"aioseo_notices":[],"_links":{"self":[{"href":"https:\/\/www.claret.cat\/es\/wp-json\/wp\/v2\/product\/232033","targetHints":{"allow":["GET"]}}],"collection":[{"href":"https:\/\/www.claret.cat\/es\/wp-json\/wp\/v2\/product"}],"about":[{"href":"https:\/\/www.claret.cat\/es\/wp-json\/wp\/v2\/types\/product"}],"wp:featuredmedia":[{"embeddable":true,"href":"https:\/\/www.claret.cat\/es\/wp-json\/wp\/v2\/media\/232034"}],"wp:attachment":[{"href":"https:\/\/www.claret.cat\/es\/wp-json\/wp\/v2\/media?parent=232033"}],"wp:term":[{"taxonomy":"product_brand","embeddable":true,"href":"https:\/\/www.claret.cat\/es\/wp-json\/wp\/v2\/product_brand?post=232033"},{"taxonomy":"product_cat","embeddable":true,"href":"https:\/\/www.claret.cat\/es\/wp-json\/wp\/v2\/product_cat?post=232033"},{"taxonomy":"product_tag","embeddable":true,"href":"https:\/\/www.claret.cat\/es\/wp-json\/wp\/v2\/product_tag?post=232033"}],"curies":[{"name":"wp","href":"https:\/\/api.w.org\/{rel}","templated":true}]}}