{"id":232093,"date":"2022-10-20T20:04:13","date_gmt":"2022-10-20T18:04:13","guid":{"rendered":"http:\/\/dev.claret.cat\/producte\/tres-cuentos\/"},"modified":"2023-01-27T23:48:07","modified_gmt":"2023-01-27T22:48:07","slug":"tres-cuentos-9788408155751","status":"publish","type":"product","link":"https:\/\/www.claret.cat\/es\/libro\/tres-cuentos-9788408155751\/","title":{"rendered":"TRES CUENTOS"},"content":{"rendered":"<p>Aunque de modestas dimensiones, este libro ha jugado un papel tan importante como Madame Bovaryen el inter\u00e9s despertado por Flaubert entre sus lectores y cr\u00edticos. Los tres peque\u00f1os cuentos, de una perfecci\u00f3n extraordinaria, pueden considerarse el testamento literario del autor franc\u00e9s. No s\u00f3lo porque fue la \u00faltima obra que public\u00f3en vida, mientras atravesaba el desierto Bouvard y P\u00e9cuchet, en medio del cual encontr\u00f3la muerte.<br \/> Por su belleza formal, la rareza de sus evocaciones, la extrema limpidez de la prosa y de la composici\u00f3n, los Tres cuentos se presentan como defensa y ejemplificaci\u00f3n de una po\u00e9tica narrativa que ha llegado a su estado de absoluta madurez.<br \/> Pero lo m\u00e1s importante es que, para su autor, Tres cuentos ?como lo comentaba en su correspondencia con George Sand?fue una corta pausa de armon\u00eda, un par\u00e9ntesis dichoso abierto por el solo placer de escribir. Ese mismo placer es el que, a\u00fan hoy, encontrar\u00e1n los lectores que se aventuren en sus p\u00e1ginas.<\/p>\n","protected":false},"excerpt":{"rendered":"<p>FLAUBERT, GUSTAVE<\/p>\n","protected":false},"featured_media":232094,"template":"","meta":{"_acf_changed":false,"om_disable_all_campaigns":false,"rs_blank_template":"","rs_page_bg_color":"","slide_template_v7":"","inline_featured_image":false,"_monsterinsights_skip_tracking":false,"_monsterinsights_sitenote_active":false,"_monsterinsights_sitenote_note":"","_monsterinsights_sitenote_category":0},"product_brand":[],"product_cat":[87],"product_tag":[],"class_list":{"0":"post-232093","1":"product","2":"type-product","3":"status-publish","4":"has-post-thumbnail","6":"product_cat-literatura","8":"first","9":"instock","10":"taxable","11":"shipping-taxable","12":"purchasable","13":"product-type-simple"},"acf":{"autor":"FLAUBERT, GUSTAVE","codart":"840815575","libros-coleccion":"","ediciones":"1","encuadernacion":"R\u00fastica","fecha_de_publicacion":"07\/06\/2016","novedad":"0","paginas":"192","subtitulo":"","orden":"999","portada":"0","idioma":"spa","editorial":[{"ID":147499,"post_author":"3","post_date":"2022-10-14 11:51:03","post_date_gmt":"2022-10-14 09:51:03","post_content":"","post_title":"AUSTRAL MEDIA","post_excerpt":"","post_status":"publish","comment_status":"closed","ping_status":"closed","post_password":"","post_name":"austral-media","to_ping":"","pinged":"","post_modified":"2022-10-14 11:51:03","post_modified_gmt":"2022-10-14 09:51:03","post_content_filtered":"","post_parent":0,"guid":"http:\/\/dev.claret.cat\/editorial\/austral-media\/","menu_order":0,"post_type":"editorial","post_mime_type":"","comment_count":"0","filter":"raw"}],"autores-libros":[{"ID":157258,"post_author":"3","post_date":"2022-10-14 15:27:23","post_date_gmt":"2022-10-14 13:27:23","post_content":"","post_title":"GUSTAVE FLAUBERT","post_excerpt":"","post_status":"publish","comment_status":"closed","ping_status":"closed","post_password":"","post_name":"gustave-flaubert","to_ping":"","pinged":"","post_modified":"2022-10-14 15:27:23","post_modified_gmt":"2022-10-14 13:27:23","post_content_filtered":"","post_parent":0,"guid":"http:\/\/dev.claret.cat\/autor\/gustave-flaubert\/","menu_order":0,"post_type":"autor","post_mime_type":"","comment_count":"0","filter":"raw"}]},"aioseo_notices":[],"_links":{"self":[{"href":"https:\/\/www.claret.cat\/es\/wp-json\/wp\/v2\/product\/232093","targetHints":{"allow":["GET"]}}],"collection":[{"href":"https:\/\/www.claret.cat\/es\/wp-json\/wp\/v2\/product"}],"about":[{"href":"https:\/\/www.claret.cat\/es\/wp-json\/wp\/v2\/types\/product"}],"wp:featuredmedia":[{"embeddable":true,"href":"https:\/\/www.claret.cat\/es\/wp-json\/wp\/v2\/media\/232094"}],"wp:attachment":[{"href":"https:\/\/www.claret.cat\/es\/wp-json\/wp\/v2\/media?parent=232093"}],"wp:term":[{"taxonomy":"product_brand","embeddable":true,"href":"https:\/\/www.claret.cat\/es\/wp-json\/wp\/v2\/product_brand?post=232093"},{"taxonomy":"product_cat","embeddable":true,"href":"https:\/\/www.claret.cat\/es\/wp-json\/wp\/v2\/product_cat?post=232093"},{"taxonomy":"product_tag","embeddable":true,"href":"https:\/\/www.claret.cat\/es\/wp-json\/wp\/v2\/product_tag?post=232093"}],"curies":[{"name":"wp","href":"https:\/\/api.w.org\/{rel}","templated":true}]}}