{"id":232114,"date":"2022-10-20T20:04:42","date_gmt":"2022-10-20T18:04:42","guid":{"rendered":"http:\/\/dev.claret.cat\/producte\/san-ferreol-soldado-de-dios\/"},"modified":"2024-05-22T20:20:50","modified_gmt":"2024-05-22T18:20:50","slug":"san-ferreol-soldado-de-dios-9788498059199","status":"publish","type":"product","link":"https:\/\/www.claret.cat\/es\/libro\/san-ferreol-soldado-de-dios-9788498059199\/","title":{"rendered":"SAN FERREOL, SOLDADO DE DIOS"},"content":{"rendered":"<p>Un oficial romano, m\u00e1rtir en el a\u00f1o 304 por negarse a detener a los cristianos.  Y la historia empieza as\u00ed:  &#8221;San Ferreol vivi\u00f3 a finales del siglo III y principios del IV en la ciudad francesa de Viena del Delfinado (Vienne en franc\u00e9s), situada actualmente en la regi\u00f3n del R\u00f3dano-Alpes. Su no renuncia a la fe cristiana, su martirio y sus virtudes se propagaron por todas partes, siendo ya citado en los primeros martirologios. De \u00e9l habla el que se considera el martirologio m\u00e1s antiguo, escrito en Italia durante la segunda mitad del siglo V, el Martyriologium Hieronymianum (conocido con este nombre, Martirologio Jeronimiano, por ser atribuido falsamente a san Jer\u00f3nimo). Tambi\u00e9n en el que escribi\u00f3 en el a\u00f1o 858 San At\u00f3n, que fue arzobispo de la misma ciudad de Viena. No falta tampoco en el martirologio oficial de la Iglesia Cat\u00f3lica -el Martirologio Romano- en su primera edici\u00f3n del a\u00f1o 1584, ni tampoco en la \u00faltima, la del a\u00f1o 2004, en que es definido de esta manera el d\u00eda de su fiesta, el 18 de septiembre:&#8230;.&#8221;<\/p>\n","protected":false},"excerpt":{"rendered":"<p>RODR\u00cdGUEZ, \u00c1NGEL<\/p>\n","protected":false},"featured_media":366339,"template":"","meta":{"_acf_changed":false,"om_disable_all_campaigns":false,"rs_blank_template":"","rs_page_bg_color":"","slide_template_v7":"","inline_featured_image":false,"_monsterinsights_skip_tracking":false,"_monsterinsights_sitenote_active":false,"_monsterinsights_sitenote_note":"","_monsterinsights_sitenote_category":0},"product_brand":[],"product_cat":[95,545],"product_tag":[],"class_list":{"0":"post-232114","1":"product","2":"type-product","3":"status-publish","4":"has-post-thumbnail","6":"product_cat-santoral","7":"product_cat-santoral-1_espiritualidad-spa","9":"first","10":"instock","11":"taxable","12":"shipping-taxable","13":"purchasable","14":"product-type-simple"},"acf":{"autor":"RODR\u00cdGUEZ, \u00c1NGEL","codart":"849805919","libros-coleccion":"","ediciones":"1","encuadernacion":"R\u00fastica","fecha_de_publicacion":"02\/06\/2016","novedad":"0","paginas":"20","subtitulo":"","orden":"999","portada":"0","idioma":"spa","editorial":[{"ID":6156,"post_author":"3","post_date":"2022-07-28 17:46:05","post_date_gmt":"2022-07-28 15:46:05","post_content":"","post_title":"CENTRE DE PASTORAL LITURGICA","post_excerpt":"","post_status":"publish","comment_status":"closed","ping_status":"closed","post_password":"","post_name":"centre-de-pastoral-liturgica","to_ping":"","pinged":"","post_modified":"2022-07-28 17:46:05","post_modified_gmt":"2022-07-28 15:46:05","post_content_filtered":"","post_parent":0,"guid":"http:\/\/dev.claret.cat\/editorial\/centre-de-pastoral-liturgica\/","menu_order":0,"post_type":"editorial","post_mime_type":"","comment_count":"0","filter":"raw"}],"autores-libros":[{"ID":5245,"post_author":"3","post_date":"2022-07-28 17:19:56","post_date_gmt":"2022-07-28 15:19:56","post_content":"","post_title":"ANGEL RODRIGUEZ","post_excerpt":"","post_status":"publish","comment_status":"closed","ping_status":"closed","post_password":"","post_name":"angel-rodriguez","to_ping":"","pinged":"","post_modified":"2022-07-28 17:19:56","post_modified_gmt":"2022-07-28 15:19:56","post_content_filtered":"","post_parent":0,"guid":"http:\/\/dev.claret.cat\/autor\/angel-rodriguez\/","menu_order":0,"post_type":"autor","post_mime_type":"","comment_count":"0","filter":"raw"}]},"aioseo_notices":[],"_links":{"self":[{"href":"https:\/\/www.claret.cat\/es\/wp-json\/wp\/v2\/product\/232114","targetHints":{"allow":["GET"]}}],"collection":[{"href":"https:\/\/www.claret.cat\/es\/wp-json\/wp\/v2\/product"}],"about":[{"href":"https:\/\/www.claret.cat\/es\/wp-json\/wp\/v2\/types\/product"}],"wp:featuredmedia":[{"embeddable":true,"href":"https:\/\/www.claret.cat\/es\/wp-json\/wp\/v2\/media\/366339"}],"wp:attachment":[{"href":"https:\/\/www.claret.cat\/es\/wp-json\/wp\/v2\/media?parent=232114"}],"wp:term":[{"taxonomy":"product_brand","embeddable":true,"href":"https:\/\/www.claret.cat\/es\/wp-json\/wp\/v2\/product_brand?post=232114"},{"taxonomy":"product_cat","embeddable":true,"href":"https:\/\/www.claret.cat\/es\/wp-json\/wp\/v2\/product_cat?post=232114"},{"taxonomy":"product_tag","embeddable":true,"href":"https:\/\/www.claret.cat\/es\/wp-json\/wp\/v2\/product_tag?post=232114"}],"curies":[{"name":"wp","href":"https:\/\/api.w.org\/{rel}","templated":true}]}}