{"id":232189,"date":"2022-10-20T20:06:21","date_gmt":"2022-10-20T18:06:21","guid":{"rendered":"http:\/\/dev.claret.cat\/producte\/jeremias-lamentaciones-baruc-la-biblia-comentada-por-los-padres-de-la-iglesia-no-14\/"},"modified":"2024-05-22T23:26:15","modified_gmt":"2024-05-22T21:26:15","slug":"jeremias-lamentaciones-baruc-la-biblia-comentada-por-los-padres-de-la-iglesia-no-14-9788497153508","status":"publish","type":"product","link":"https:\/\/www.claret.cat\/es\/libro\/jeremias-lamentaciones-baruc-la-biblia-comentada-por-los-padres-de-la-iglesia-no-14-9788497153508\/","title":{"rendered":"JEREM\u00cdAS, LAMENTACIONES, BARUC : LA BIBLIA COMENTADA POR LOS PADRES DE LA IGLESIA N\u00ba 14"},"content":{"rendered":"<p>Jerem\u00edas, el profeta de las lamentaciones, profetiz\u00f3 por cuatro d\u00e9cadas bajo el reinado de los \u00faltimos cinco reyes de Jud\u00e1 -de 627 a 587 a.C.-. Su misi\u00f3n: una llamada a la penitencia. Jerem\u00edas fue muy poco citado entre los Padres Apost\u00f3licos, pero muchos autores posteriores le prestaron, en cambio, bastante atenci\u00f3n, incluyendo a Or\u00edgenes, Teodoreto de Ciro y Jer\u00f3nimo, que escribi\u00f3 comentarios personalizados a Jerem\u00edas, y Cirilo de Alejandr\u00eda y Efr\u00e9n el Sirio, que compil\u00f3 catenae.<\/p>\n<p> Justino e Ireneo usaron a Jerem\u00edas para distinguir entre cristianos y jud\u00edos. Atanasio lo us\u00f3 para los debates trinitarios. Cirilo de Jerusal\u00e9n, Ireneo, Basilio el Grande y Clemente de Alejandr\u00eda recurrieron a Jerem\u00edas para las exhortaciones sobre \u00e9tica.<\/p>\n<p> Las Lamentaciones, como se puede suponer, fueron enseguida asociadas con p\u00e9rdidas y muerte. Destaca en este sentido La oraci\u00f3n para el funeral de Melecio de Gregorio de Nisa. Por extensi\u00f3n los Padres vieron las Lamentaciones como una descripci\u00f3n de los retos que afrontan los cristianos en un mundo ca\u00eddo.<\/p>\n<p> Los lectores encontrar\u00e1n a algunos autores antiguos traducidos aqu\u00ed por primera vez.  A trav\u00e9s de ellos obtendr\u00e1 conocimiento y coraje en la vida de la fe tal como era vista por los ojos de estos veteranos pastores.<\/p>\n","protected":false},"excerpt":{"rendered":"<p>CIUDAD NUEVA<\/p>\n","protected":false},"featured_media":387871,"template":"","meta":{"_acf_changed":false,"om_disable_all_campaigns":false,"rs_blank_template":"","rs_page_bg_color":"","slide_template_v7":"","inline_featured_image":false,"_monsterinsights_skip_tracking":false,"_monsterinsights_sitenote_active":false,"_monsterinsights_sitenote_note":"","_monsterinsights_sitenote_category":0},"product_brand":[],"product_cat":[75,341],"product_tag":[],"class_list":{"0":"post-232189","1":"product","2":"type-product","3":"status-publish","4":"has-post-thumbnail","6":"product_cat-biblia","7":"product_cat-biblia-es","9":"first","10":"instock","11":"taxable","12":"shipping-taxable","13":"purchasable","14":"product-type-simple"},"acf":{"autor":"CIUDAD NUEVA","codart":"849715350","libros-coleccion":"","ediciones":"1","encuadernacion":"R\u00fastica","fecha_de_publicacion":"01\/06\/2016","novedad":"0","paginas":"501","subtitulo":"","orden":"999","portada":"0","idioma":"spa","editorial":[{"ID":6157,"post_author":"3","post_date":"2022-07-28 17:46:07","post_date_gmt":"2022-07-28 15:46:07","post_content":"","post_title":"Ciudad Nueva","post_excerpt":"","post_status":"publish","comment_status":"closed","ping_status":"closed","post_password":"","post_name":"ciudad-nueva","to_ping":"","pinged":"","post_modified":"2022-07-28 17:46:07","post_modified_gmt":"2022-07-28 15:46:07","post_content_filtered":"","post_parent":0,"guid":"http:\/\/dev.claret.cat\/editorial\/ciudad-nueva\/","menu_order":0,"post_type":"editorial","post_mime_type":"","comment_count":"0","filter":"raw"}],"autores-libros":[{"ID":8305,"post_author":"3","post_date":"2022-09-30 09:47:34","post_date_gmt":"2022-09-30 07:47:34","post_content":"","post_title":"CIUDAD NUEVA","post_excerpt":"","post_status":"publish","comment_status":"closed","ping_status":"closed","post_password":"","post_name":"ciudad-nueva","to_ping":"","pinged":"","post_modified":"2022-09-30 09:47:34","post_modified_gmt":"2022-09-30 07:47:34","post_content_filtered":"","post_parent":0,"guid":"http:\/\/dev.claret.cat\/autor\/ciudad-nueva\/","menu_order":0,"post_type":"autor","post_mime_type":"","comment_count":"0","filter":"raw"}]},"aioseo_notices":[],"_links":{"self":[{"href":"https:\/\/www.claret.cat\/es\/wp-json\/wp\/v2\/product\/232189","targetHints":{"allow":["GET"]}}],"collection":[{"href":"https:\/\/www.claret.cat\/es\/wp-json\/wp\/v2\/product"}],"about":[{"href":"https:\/\/www.claret.cat\/es\/wp-json\/wp\/v2\/types\/product"}],"wp:featuredmedia":[{"embeddable":true,"href":"https:\/\/www.claret.cat\/es\/wp-json\/wp\/v2\/media\/387871"}],"wp:attachment":[{"href":"https:\/\/www.claret.cat\/es\/wp-json\/wp\/v2\/media?parent=232189"}],"wp:term":[{"taxonomy":"product_brand","embeddable":true,"href":"https:\/\/www.claret.cat\/es\/wp-json\/wp\/v2\/product_brand?post=232189"},{"taxonomy":"product_cat","embeddable":true,"href":"https:\/\/www.claret.cat\/es\/wp-json\/wp\/v2\/product_cat?post=232189"},{"taxonomy":"product_tag","embeddable":true,"href":"https:\/\/www.claret.cat\/es\/wp-json\/wp\/v2\/product_tag?post=232189"}],"curies":[{"name":"wp","href":"https:\/\/api.w.org\/{rel}","templated":true}]}}