{"id":232339,"date":"2022-10-20T20:09:39","date_gmt":"2022-10-20T18:09:39","guid":{"rendered":"http:\/\/dev.claret.cat\/producte\/la-inteligencia-fracasada\/"},"modified":"2023-01-28T10:20:52","modified_gmt":"2023-01-28T09:20:52","slug":"la-inteligencia-fracasada-9788433978059","status":"publish","type":"product","link":"https:\/\/www.claret.cat\/es\/libro\/la-inteligencia-fracasada-9788433978059\/","title":{"rendered":"LA INTELIGENCIA FRACASADA"},"content":{"rendered":"<p>\u00abSi existe una teor\u00eda cient\u00edfica de la inteligencia, deber\u00eda haber otra igualmente cient\u00edfica de la estupidez. Creo, incluso, que ensen?arla como asignatura troncal en todos los niveles educativos producir\u00eda enormes beneficios sociales. El primero de ellos, vacunarnos contra la tonter\u00eda, profilaxis de urgente necesidad.\u00bb Este libro intenta responder a preguntas que todos nos hacemos. \u00bfPor que? nos equivocamos tanto? \u00bfPor que? nos empen?amos en amargarnos la existencia? \u00bfPor que? las personas inteligentes hacen cosas tan estu?pidas? \u00bfPor que? tropezamos cien veces con la misma piedra? El autor desaloja a la inteligencia de su trono plato?nico, donde se dedicaba a las puras tareas de la razo?n pura, para sumergirla en la vida diaria, en la impura razo?n pra?ctica. El gran objetivo de la inteligencia es la felicidad y, por ello, todos sus fracasos tienen que ver con la desdicha. En esta obra se hace por primera vez una taxonomi?a de la inteligencia fracasada, una herborizacio?n de los mecanismos de la estupidez. Hay fraca- sos cognitivos y afectivos, lenguajes fracasados y fracasos de la voluntad, hay fracasos personales y poli?ticos. El fanatismo, el desamor, la incomprensio?n de las parejas, las adicciones, la injusticia, la rutina, el miedo y la sumisio?n, los heroi?smos criminales, la ferocidad glorificada son derrotas de la inteligencia. \u00abMe lleva a estudiar un tema tan complicado mi optimismo de pedagogo\u00bb, escribe Marina, y demuestra una vez ma?s su vocacio?n pra?ctica. \u00abNo me gusta el fracaso, lo confieso. Creo que la inteligencia puede triunfar y seri?a deseable que lo hiciera. Pues por mi? que no quede. La finalidad de este libro es ayudar a reducir la vulnerabilidad humana.\u00bb<\/p>\n","protected":false},"excerpt":{"rendered":"<p>JOS\u00c9 ANTONIO MARINA<\/p>\n","protected":false},"featured_media":232340,"template":"","meta":{"_acf_changed":false,"om_disable_all_campaigns":false,"rs_blank_template":"","rs_page_bg_color":"","slide_template_v7":"","inline_featured_image":false,"_monsterinsights_skip_tracking":false,"_monsterinsights_sitenote_active":false,"_monsterinsights_sitenote_note":"","_monsterinsights_sitenote_category":0},"product_brand":[],"product_cat":[81],"product_tag":[],"class_list":{"0":"post-232339","1":"product","2":"type-product","3":"status-publish","4":"has-post-thumbnail","6":"product_cat-psicologia","8":"first","9":"instock","10":"taxable","11":"shipping-taxable","12":"purchasable","13":"product-type-simple"},"acf":{"autor":"JOS\u00c9 ANTONIO MARINA","codart":"843397805","libros-coleccion":"","ediciones":"1","encuadernacion":"R\u00fastica","fecha_de_publicacion":"01\/06\/2016","novedad":"0","paginas":"176","subtitulo":"","orden":"999","portada":"0","idioma":"spa","editorial":[{"ID":147428,"post_author":"3","post_date":"2022-10-14 11:50:30","post_date_gmt":"2022-10-14 09:50:30","post_content":"","post_title":"ANAGRAMA","post_excerpt":"","post_status":"publish","comment_status":"closed","ping_status":"closed","post_password":"","post_name":"anagrama","to_ping":"","pinged":"","post_modified":"2022-10-14 11:50:30","post_modified_gmt":"2022-10-14 09:50:30","post_content_filtered":"","post_parent":0,"guid":"http:\/\/dev.claret.cat\/editorial\/anagrama\/","menu_order":0,"post_type":"editorial","post_mime_type":"","comment_count":"0","filter":"raw"}]},"aioseo_notices":[],"_links":{"self":[{"href":"https:\/\/www.claret.cat\/es\/wp-json\/wp\/v2\/product\/232339","targetHints":{"allow":["GET"]}}],"collection":[{"href":"https:\/\/www.claret.cat\/es\/wp-json\/wp\/v2\/product"}],"about":[{"href":"https:\/\/www.claret.cat\/es\/wp-json\/wp\/v2\/types\/product"}],"wp:featuredmedia":[{"embeddable":true,"href":"https:\/\/www.claret.cat\/es\/wp-json\/wp\/v2\/media\/232340"}],"wp:attachment":[{"href":"https:\/\/www.claret.cat\/es\/wp-json\/wp\/v2\/media?parent=232339"}],"wp:term":[{"taxonomy":"product_brand","embeddable":true,"href":"https:\/\/www.claret.cat\/es\/wp-json\/wp\/v2\/product_brand?post=232339"},{"taxonomy":"product_cat","embeddable":true,"href":"https:\/\/www.claret.cat\/es\/wp-json\/wp\/v2\/product_cat?post=232339"},{"taxonomy":"product_tag","embeddable":true,"href":"https:\/\/www.claret.cat\/es\/wp-json\/wp\/v2\/product_tag?post=232339"}],"curies":[{"name":"wp","href":"https:\/\/api.w.org\/{rel}","templated":true}]}}