{"id":232372,"date":"2022-10-20T20:10:25","date_gmt":"2022-10-20T18:10:25","guid":{"rendered":"http:\/\/dev.claret.cat\/producte\/londres-4\/"},"modified":"2023-01-28T13:37:23","modified_gmt":"2023-01-28T12:37:23","slug":"londres-9788408148623","status":"publish","type":"product","link":"https:\/\/www.claret.cat\/es\/libro\/londres-9788408148623\/","title":{"rendered":"LONDRES"},"content":{"rendered":"<p>Londres, una de las ciudades m\u00e1s visitadas del planeta, lo tiene todo: historia y cultura, arte y arquitectura. Su energ\u00eda, su asombrosa diversidad y sus inigualables zonas verdes atrapar\u00e1n al visitante que podr\u00e1 disfrutar tanto de su grandeza arquitect\u00f3nica antigua como de su vocaci\u00f3n innovadora y creativa en el arte y la cultura. En esta gu\u00eda para viajar a Londres se encontrar\u00e1n todas las recomendaciones necesarias para disfrutar al m\u00e1ximo de esta gran capital.<br \/>Incluye:<br \/> Mapa desplegable.<br \/> Informaci\u00f3n en profundidad de los principales puntos de inter\u00e9s. Totalmente actualizada.<\/p>\n","protected":false},"excerpt":{"rendered":"<p>DRAGICEVICH, PETER \/ FALLON, STEVE \/ FILOU, EMILIE \/ HARPER, DAMIAN<\/p>\n","protected":false},"featured_media":232373,"template":"","meta":{"_acf_changed":false,"om_disable_all_campaigns":false,"rs_blank_template":"","rs_page_bg_color":"","slide_template_v7":"","inline_featured_image":false,"_monsterinsights_skip_tracking":false,"_monsterinsights_sitenote_active":false,"_monsterinsights_sitenote_note":"","_monsterinsights_sitenote_category":0},"product_brand":[],"product_cat":[107],"product_tag":[],"class_list":{"0":"post-232372","1":"product","2":"type-product","3":"status-publish","4":"has-post-thumbnail","6":"product_cat-guies-de-viatge","8":"first","9":"instock","10":"taxable","11":"shipping-taxable","12":"purchasable","13":"product-type-simple"},"acf":{"autor":"DRAGICEVICH, PETER \/ FALLON, STEVE \/ FILOU, EMILIE \/ HARPER, DAMIAN","codart":"840814862","libros-coleccion":"Gu\u00edas de Ciudad Lonely Planet","ediciones":"1","encuadernacion":"R\u00fastica","fecha_de_publicacion":"01\/06\/2016","novedad":"1","paginas":"443","subtitulo":"","orden":"0","portada":"0","idioma":"spa","editorial":[{"ID":6233,"post_author":"3","post_date":"2022-07-28 17:47:48","post_date_gmt":"2022-07-28 15:47:48","post_content":"","post_title":"EDITORIAL PLANETA","post_excerpt":"","post_status":"publish","comment_status":"closed","ping_status":"closed","post_password":"","post_name":"editorial-planeta","to_ping":"","pinged":"","post_modified":"2022-07-28 17:47:48","post_modified_gmt":"2022-07-28 15:47:48","post_content_filtered":"","post_parent":0,"guid":"http:\/\/dev.claret.cat\/editorial\/editorial-planeta\/","menu_order":0,"post_type":"editorial","post_mime_type":"","comment_count":"0","filter":"raw"}],"autores-libros":[{"ID":169847,"post_author":"3","post_date":"2022-10-14 22:30:30","post_date_gmt":"2022-10-14 20:30:30","post_content":"","post_title":"STEVE FALLON","post_excerpt":"","post_status":"publish","comment_status":"closed","ping_status":"closed","post_password":"","post_name":"steve-fallon","to_ping":"","pinged":"","post_modified":"2022-10-14 22:30:30","post_modified_gmt":"2022-10-14 20:30:30","post_content_filtered":"","post_parent":0,"guid":"http:\/\/dev.claret.cat\/autor\/steve-fallon\/","menu_order":0,"post_type":"autor","post_mime_type":"","comment_count":"0","filter":"raw"},{"ID":153497,"post_author":"3","post_date":"2022-10-14 14:57:14","post_date_gmt":"2022-10-14 12:57:14","post_content":"","post_title":"DAMIAN HARPER","post_excerpt":"","post_status":"publish","comment_status":"closed","ping_status":"closed","post_password":"","post_name":"damian-harper","to_ping":"","pinged":"","post_modified":"2022-10-14 14:57:14","post_modified_gmt":"2022-10-14 12:57:14","post_content_filtered":"","post_parent":0,"guid":"http:\/\/dev.claret.cat\/autor\/damian-harper\/","menu_order":0,"post_type":"autor","post_mime_type":"","comment_count":"0","filter":"raw"},{"ID":154973,"post_author":"3","post_date":"2022-10-14 15:09:09","post_date_gmt":"2022-10-14 13:09:09","post_content":"","post_title":"EMILIE FILOU","post_excerpt":"","post_status":"publish","comment_status":"closed","ping_status":"closed","post_password":"","post_name":"emilie-filou","to_ping":"","pinged":"","post_modified":"2022-10-14 15:09:09","post_modified_gmt":"2022-10-14 13:09:09","post_content_filtered":"","post_parent":0,"guid":"http:\/\/dev.claret.cat\/autor\/emilie-filou\/","menu_order":0,"post_type":"autor","post_mime_type":"","comment_count":"0","filter":"raw"},{"ID":167087,"post_author":"3","post_date":"2022-10-14 18:08:26","post_date_gmt":"2022-10-14 16:08:26","post_content":"","post_title":"PETER DRAGICEVICH","post_excerpt":"","post_status":"publish","comment_status":"closed","ping_status":"closed","post_password":"","post_name":"peter-dragicevich","to_ping":"","pinged":"","post_modified":"2022-10-14 18:08:26","post_modified_gmt":"2022-10-14 16:08:26","post_content_filtered":"","post_parent":0,"guid":"http:\/\/dev.claret.cat\/autor\/peter-dragicevich\/","menu_order":0,"post_type":"autor","post_mime_type":"","comment_count":"0","filter":"raw"}]},"aioseo_notices":[],"_links":{"self":[{"href":"https:\/\/www.claret.cat\/es\/wp-json\/wp\/v2\/product\/232372","targetHints":{"allow":["GET"]}}],"collection":[{"href":"https:\/\/www.claret.cat\/es\/wp-json\/wp\/v2\/product"}],"about":[{"href":"https:\/\/www.claret.cat\/es\/wp-json\/wp\/v2\/types\/product"}],"wp:featuredmedia":[{"embeddable":true,"href":"https:\/\/www.claret.cat\/es\/wp-json\/wp\/v2\/media\/232373"}],"wp:attachment":[{"href":"https:\/\/www.claret.cat\/es\/wp-json\/wp\/v2\/media?parent=232372"}],"wp:term":[{"taxonomy":"product_brand","embeddable":true,"href":"https:\/\/www.claret.cat\/es\/wp-json\/wp\/v2\/product_brand?post=232372"},{"taxonomy":"product_cat","embeddable":true,"href":"https:\/\/www.claret.cat\/es\/wp-json\/wp\/v2\/product_cat?post=232372"},{"taxonomy":"product_tag","embeddable":true,"href":"https:\/\/www.claret.cat\/es\/wp-json\/wp\/v2\/product_tag?post=232372"}],"curies":[{"name":"wp","href":"https:\/\/api.w.org\/{rel}","templated":true}]}}