{"id":232498,"date":"2022-10-20T20:13:19","date_gmt":"2022-10-20T18:13:19","guid":{"rendered":"http:\/\/dev.claret.cat\/producte\/el-caballo-negro\/"},"modified":"2023-01-28T16:30:27","modified_gmt":"2023-01-28T15:30:27","slug":"el-caballo-negro-9788416638871","status":"publish","type":"product","link":"https:\/\/www.claret.cat\/es\/libro\/el-caballo-negro-9788416638871\/","title":{"rendered":"EL CABALLO NEGRO"},"content":{"rendered":"<p>Craig Johnson logra en esta quinta entrega de la serie del sheriff Longmire una magn\u00edfica combinaci\u00f3n de policiaco cl\u00e1sico y temas de actualidad, siempre con el inh\u00f3spito paisaje de Wyoming como tel\u00f3n de fondo. Wade Barsad, un hombre de pasado oscuro y una pasmosa facilidad para crearse enemigos, prende fuego al establo de los caballos de su esposa, Mary. Ella, como venganza, le descerraja seis tiros a quemarropa. El sheriff Walt Longmire, a quien la versi\u00f3n oficial de lo sucedido no convence en absoluto, est\u00e1 decidido a esclarecer el asunto, incluso si el crimen queda fuera de su jurisdicci\u00f3n. Para ello, haci\u00e9ndose pasar por un investigador del seguro, visita el rancho de los Barsad, en Absalom. All\u00ed descubrir\u00e1 que todos en el diminuto pueblo, incluidos el leal vaquero que trabajaba para los propietarios, un ranchero con debilidad por el alcohol y una camarera guatemalteca aficionada a resolver asesinatos, ten\u00edan motivos suficientes como para querer ver muerto a Wade&#8230;<\/p>\n","protected":false},"excerpt":{"rendered":"<p>JOHNSON, CRAIG<\/p>\n","protected":false},"featured_media":232499,"template":"","meta":{"_acf_changed":false,"om_disable_all_campaigns":false,"rs_blank_template":"","rs_page_bg_color":"","slide_template_v7":"","inline_featured_image":false,"_monsterinsights_skip_tracking":false,"_monsterinsights_sitenote_active":false,"_monsterinsights_sitenote_note":"","_monsterinsights_sitenote_category":0},"product_brand":[],"product_cat":[87],"product_tag":[],"class_list":{"0":"post-232498","1":"product","2":"type-product","3":"status-publish","4":"has-post-thumbnail","6":"product_cat-literatura","8":"first","9":"instock","10":"taxable","11":"shipping-taxable","12":"purchasable","13":"product-type-simple"},"acf":{"autor":"JOHNSON, CRAIG","codart":"841663887","libros-coleccion":"FORA DE COL.LECCI\u00d3","ediciones":"1","encuadernacion":"R\u00fastica","fecha_de_publicacion":"01\/06\/2016","novedad":"1","paginas":"272","subtitulo":"","orden":"0","portada":"0","idioma":"spa","editorial":[{"ID":6365,"post_author":"3","post_date":"2022-07-28 17:50:37","post_date_gmt":"2022-07-28 15:50:37","post_content":"","post_title":"Siruela","post_excerpt":"","post_status":"publish","comment_status":"closed","ping_status":"closed","post_password":"","post_name":"siruela","to_ping":"","pinged":"","post_modified":"2022-07-28 17:50:37","post_modified_gmt":"2022-07-28 15:50:37","post_content_filtered":"","post_parent":0,"guid":"http:\/\/dev.claret.cat\/editorial\/siruela\/","menu_order":0,"post_type":"editorial","post_mime_type":"","comment_count":"0","filter":"raw"}]},"aioseo_notices":[],"_links":{"self":[{"href":"https:\/\/www.claret.cat\/es\/wp-json\/wp\/v2\/product\/232498","targetHints":{"allow":["GET"]}}],"collection":[{"href":"https:\/\/www.claret.cat\/es\/wp-json\/wp\/v2\/product"}],"about":[{"href":"https:\/\/www.claret.cat\/es\/wp-json\/wp\/v2\/types\/product"}],"wp:featuredmedia":[{"embeddable":true,"href":"https:\/\/www.claret.cat\/es\/wp-json\/wp\/v2\/media\/232499"}],"wp:attachment":[{"href":"https:\/\/www.claret.cat\/es\/wp-json\/wp\/v2\/media?parent=232498"}],"wp:term":[{"taxonomy":"product_brand","embeddable":true,"href":"https:\/\/www.claret.cat\/es\/wp-json\/wp\/v2\/product_brand?post=232498"},{"taxonomy":"product_cat","embeddable":true,"href":"https:\/\/www.claret.cat\/es\/wp-json\/wp\/v2\/product_cat?post=232498"},{"taxonomy":"product_tag","embeddable":true,"href":"https:\/\/www.claret.cat\/es\/wp-json\/wp\/v2\/product_tag?post=232498"}],"curies":[{"name":"wp","href":"https:\/\/api.w.org\/{rel}","templated":true}]}}