{"id":232606,"date":"2022-10-20T20:15:54","date_gmt":"2022-10-20T18:15:54","guid":{"rendered":"http:\/\/dev.claret.cat\/producte\/menorca-9\/"},"modified":"2023-01-28T02:36:31","modified_gmt":"2023-01-28T01:36:31","slug":"menorca-9788484786955","status":"publish","type":"product","link":"https:\/\/www.claret.cat\/es\/libro\/menorca-9788484786955\/","title":{"rendered":"MENORCA"},"content":{"rendered":"<p>Menorca condensa l&#8221;ess\u00e8ncia mediterr\u00e0nia, una ess\u00e8ncia que s&#8221;expressa a trav\u00e9s d&#8221;una hist\u00f2ria i una cultura mil\u00b7len\u00e0ries, d&#8221;un paisatge ric i divers i d&#8221;una gent que ha sabut fer de l&#8221;autenticitat la seva virtut m\u00e9s preuada. La suma de tot aix\u00f2 converteix l&#8221;illa balear, Reserva de la Biosfera des de 1993, en un petit parad\u00eds, un espai privilegiat al centre d&#8221;una de les regions amb m\u00e9s potencial tur\u00edstic del m\u00f3n: la Mediterr\u00e0nia. En aquesta guia et descobrim tots els atractius de Menorca: m\u00e9s d&#8221;un centenar de cales i platges, itineraris per con\u00e8ixer els pobles, els principals jaciments prehist\u00f2rics, rutes tem\u00e0tiques atractives, excursions a peu i amb bicicleta, suggeriments gastron\u00f2mics i tota la informaci\u00f3 pr\u00e0ctica que necessites per con\u00e8ixer-la a fons, inclosos recursos cartogr\u00e0fics i fotogr\u00e0fics actualitzats.<\/p>\n","protected":false},"excerpt":{"rendered":"<p>PLA BOADA, RICARD \/ PONS PETRUS, JUANJO \/ PUIG VENTURA, BIEL \/ ARQUIMBAU, DAVID<\/p>\n","protected":false},"featured_media":232607,"template":"","meta":{"_acf_changed":false,"om_disable_all_campaigns":false,"rs_blank_template":"","rs_page_bg_color":"","slide_template_v7":"","inline_featured_image":false,"_monsterinsights_skip_tracking":false,"_monsterinsights_sitenote_active":false,"_monsterinsights_sitenote_note":"","_monsterinsights_sitenote_category":0},"product_brand":[],"product_cat":[107],"product_tag":[],"class_list":{"0":"post-232606","1":"product","2":"type-product","3":"status-publish","4":"has-post-thumbnail","6":"product_cat-guies-de-viatge","8":"first","9":"instock","10":"taxable","11":"shipping-taxable","12":"purchasable","13":"product-type-simple"},"acf":{"autor":"PLA BOADA, RICARD \/ PONS PETRUS, JUANJO \/ PUIG VENTURA, BIEL \/ ARQUIMBAU, DAVID","codart":"848478695","libros-coleccion":"","ediciones":"1","encuadernacion":"R\u00fastica","fecha_de_publicacion":"01\/06\/2016","novedad":"0","paginas":"334","subtitulo":"RESERVA DE LA BIOSFERA","orden":"999","portada":"0","idioma":"cat","editorial":[{"ID":148898,"post_author":"3","post_date":"2022-10-14 12:01:51","post_date_gmt":"2022-10-14 10:01:51","post_content":"","post_title":"TRIANGLE POSTALS","post_excerpt":"","post_status":"publish","comment_status":"closed","ping_status":"closed","post_password":"","post_name":"triangle-postals","to_ping":"","pinged":"","post_modified":"2022-10-14 12:01:51","post_modified_gmt":"2022-10-14 10:01:51","post_content_filtered":"","post_parent":0,"guid":"http:\/\/dev.claret.cat\/editorial\/triangle-postals\/","menu_order":0,"post_type":"editorial","post_mime_type":"","comment_count":"0","filter":"raw"}],"autores-libros":[{"ID":168030,"post_author":"3","post_date":"2022-10-14 18:15:57","post_date_gmt":"2022-10-14 16:15:57","post_content":"","post_title":"RICARD PLA BOADA","post_excerpt":"","post_status":"publish","comment_status":"closed","ping_status":"closed","post_password":"","post_name":"ricard-pla-boada","to_ping":"","pinged":"","post_modified":"2022-10-14 18:15:57","post_modified_gmt":"2022-10-14 16:15:57","post_content_filtered":"","post_parent":0,"guid":"http:\/\/dev.claret.cat\/autor\/ricard-pla-boada\/","menu_order":0,"post_type":"autor","post_mime_type":"","comment_count":"0","filter":"raw"}]},"aioseo_notices":[],"_links":{"self":[{"href":"https:\/\/www.claret.cat\/es\/wp-json\/wp\/v2\/product\/232606","targetHints":{"allow":["GET"]}}],"collection":[{"href":"https:\/\/www.claret.cat\/es\/wp-json\/wp\/v2\/product"}],"about":[{"href":"https:\/\/www.claret.cat\/es\/wp-json\/wp\/v2\/types\/product"}],"wp:featuredmedia":[{"embeddable":true,"href":"https:\/\/www.claret.cat\/es\/wp-json\/wp\/v2\/media\/232607"}],"wp:attachment":[{"href":"https:\/\/www.claret.cat\/es\/wp-json\/wp\/v2\/media?parent=232606"}],"wp:term":[{"taxonomy":"product_brand","embeddable":true,"href":"https:\/\/www.claret.cat\/es\/wp-json\/wp\/v2\/product_brand?post=232606"},{"taxonomy":"product_cat","embeddable":true,"href":"https:\/\/www.claret.cat\/es\/wp-json\/wp\/v2\/product_cat?post=232606"},{"taxonomy":"product_tag","embeddable":true,"href":"https:\/\/www.claret.cat\/es\/wp-json\/wp\/v2\/product_tag?post=232606"}],"curies":[{"name":"wp","href":"https:\/\/api.w.org\/{rel}","templated":true}]}}