{"id":232648,"date":"2022-10-20T20:16:55","date_gmt":"2022-10-20T18:16:55","guid":{"rendered":"http:\/\/dev.claret.cat\/producte\/la-santa-biblia\/"},"modified":"2025-07-14T16:40:29","modified_gmt":"2025-07-14T14:40:29","slug":"la-santa-biblia-9788428512336","status":"publish","type":"product","link":"https:\/\/www.claret.cat\/es\/libro\/la-santa-biblia-9788428512336\/","title":{"rendered":"LA SANTA BIBLIA"},"content":{"rendered":"<p>Traducida de los textos originales por quince especialistas, La Santa Biblia ha sido revisada y actualizada seg\u00fan las pautas del Vaticano II por un equipo de profesores de las Universidades de Comillas y Salamanca y de la Escuela B\u00edblica de Madrid. La presente edici\u00f3n en letra y formato grande ofrece una introducci\u00f3n general a la Biblia, introducciones particulares a los bloques de libros -Pentateuco, Profetas&#8230;- y a cada uno de los libros que conforman la Biblia, y un \u00edndice sin\u00f3ptico del Evangelio con los pasajes y sus referencias b\u00edblicas. Incorpora tambi\u00e9n cuatro l\u00e1minas art\u00edsticas que ayudan a la contemplaci\u00f3n.<\/p>\n","protected":false},"excerpt":{"rendered":"<p>MART\u00cdN NIETO, EVARISTO<\/p>\n","protected":false},"featured_media":1045748,"template":"","meta":{"_acf_changed":false,"om_disable_all_campaigns":false,"rs_blank_template":"","rs_page_bg_color":"","slide_template_v7":"","inline_featured_image":false,"_monsterinsights_skip_tracking":false,"_monsterinsights_sitenote_active":false,"_monsterinsights_sitenote_note":"","_monsterinsights_sitenote_category":0},"product_brand":[],"product_cat":[75,341],"product_tag":[],"class_list":{"0":"post-232648","1":"product","2":"type-product","3":"status-publish","4":"has-post-thumbnail","6":"product_cat-biblia","7":"product_cat-biblia-es","9":"first","10":"instock","11":"taxable","12":"shipping-taxable","13":"purchasable","14":"product-type-simple"},"acf":{"autor":"MART\u00cdN NIETO, EVARISTO","codart":"842851233","libros-coleccion":"FORA DE COL.LECCI\u00d3","ediciones":"1","encuadernacion":"Carton\u00e9","fecha_de_publicacion":"01\/06\/2016","novedad":"0","paginas":"1695","subtitulo":"","orden":"999","portada":"0","idioma":"spa","editorial":[{"ID":6356,"post_author":"3","post_date":"2022-07-28 17:50:26","post_date_gmt":"2022-07-28 15:50:26","post_content":"","post_title":"SAN PABLO COMUNICACI\u00d3N","post_excerpt":"","post_status":"publish","comment_status":"closed","ping_status":"closed","post_password":"","post_name":"san-pablo-comunicacion","to_ping":"","pinged":"","post_modified":"2022-07-28 17:50:26","post_modified_gmt":"2022-07-28 15:50:26","post_content_filtered":"","post_parent":0,"guid":"http:\/\/dev.claret.cat\/editorial\/san-pablo-comunicacion\/","menu_order":0,"post_type":"editorial","post_mime_type":"","comment_count":"0","filter":"raw"}],"autores-libros":[{"ID":269811,"post_author":"3","post_date":"2022-12-05 10:13:07","post_date_gmt":"2022-12-05 09:13:07","post_content":"","post_title":"EVARISTO MARTIN NIETO","post_excerpt":"","post_status":"publish","comment_status":"closed","ping_status":"closed","post_password":"","post_name":"evaristo-martin-nieto","to_ping":"","pinged":"","post_modified":"2022-12-05 10:13:07","post_modified_gmt":"2022-12-05 09:13:07","post_content_filtered":"","post_parent":0,"guid":"http:\/\/dev.claret.cat\/autor\/evaristo-martin-nieto\/","menu_order":0,"post_type":"autor","post_mime_type":"","comment_count":"0","filter":"raw"}],"booktrailer":"","resenas":""},"aioseo_notices":[],"_links":{"self":[{"href":"https:\/\/www.claret.cat\/es\/wp-json\/wp\/v2\/product\/232648","targetHints":{"allow":["GET"]}}],"collection":[{"href":"https:\/\/www.claret.cat\/es\/wp-json\/wp\/v2\/product"}],"about":[{"href":"https:\/\/www.claret.cat\/es\/wp-json\/wp\/v2\/types\/product"}],"wp:featuredmedia":[{"embeddable":true,"href":"https:\/\/www.claret.cat\/es\/wp-json\/wp\/v2\/media\/1045748"}],"wp:attachment":[{"href":"https:\/\/www.claret.cat\/es\/wp-json\/wp\/v2\/media?parent=232648"}],"wp:term":[{"taxonomy":"product_brand","embeddable":true,"href":"https:\/\/www.claret.cat\/es\/wp-json\/wp\/v2\/product_brand?post=232648"},{"taxonomy":"product_cat","embeddable":true,"href":"https:\/\/www.claret.cat\/es\/wp-json\/wp\/v2\/product_cat?post=232648"},{"taxonomy":"product_tag","embeddable":true,"href":"https:\/\/www.claret.cat\/es\/wp-json\/wp\/v2\/product_tag?post=232648"}],"curies":[{"name":"wp","href":"https:\/\/api.w.org\/{rel}","templated":true}]}}