{"id":232711,"date":"2022-10-20T20:18:29","date_gmt":"2022-10-20T18:18:29","guid":{"rendered":"http:\/\/dev.claret.cat\/producte\/que-tus-alimentos-sean-tu-medicina-2\/"},"modified":"2025-02-04T18:39:37","modified_gmt":"2025-02-04T17:39:37","slug":"que-tus-alimentos-sean-tu-medicina-9788491180494","status":"publish","type":"product","link":"https:\/\/www.claret.cat\/es\/libro\/que-tus-alimentos-sean-tu-medicina-9788491180494\/","title":{"rendered":"QUE TUS ALIMENTOS SEAN TU MEDICINA"},"content":{"rendered":"<p>En estos \u00faltimos a\u00f1os la llamada Nutrici\u00f3n Celular Activa o Nutrici\u00f3n Ortomolecular ha cobrado un auge<br \/> espectacular, fruto de sus in contestables \u00e9xitos. Este libro recoge algunas de las nociones fundamentales de estas<br \/> t\u00e9cnicas saludables que se sustentan en la biolog\u00eda nutricional y la bioqu\u00edmica, respaldando de manera cient\u00edfica la<br \/> m\u00e1xima hipocr\u00e1tica \u00abque tu alimento sea tu medicina\u00bb. Felipe Hern\u00e1ndez describe las razones por las que debemos cuidar<br \/> la alimentaci\u00f3n y suministrar un aporte adicional de nutrientes esenciales, adem\u00e1s de desenmascarar algunos de los<br \/> enga\u00f1os diet\u00e9ticos mejor camuflados de nuestro tiempo.<\/p>\n","protected":false},"excerpt":{"rendered":"<p>HERNANDEZ RAMOS, FELIPE<\/p>\n","protected":false},"featured_media":232712,"template":"","meta":{"_acf_changed":false,"om_disable_all_campaigns":false,"rs_blank_template":"","rs_page_bg_color":"","slide_template_v7":"","inline_featured_image":false,"_monsterinsights_skip_tracking":false,"_monsterinsights_sitenote_active":false,"_monsterinsights_sitenote_note":"","_monsterinsights_sitenote_category":0},"product_brand":[],"product_cat":[547,97],"product_tag":[],"class_list":{"0":"post-232711","1":"product","2":"type-product","3":"status-publish","4":"has-post-thumbnail","6":"product_cat-salud","7":"product_cat-salut","9":"first","10":"instock","11":"taxable","12":"shipping-taxable","13":"purchasable","14":"product-type-simple"},"acf":{"autor":"HERNANDEZ RAMOS, FELIPE","codart":"849118049","libros-coleccion":"","ediciones":"1","encuadernacion":"R\u00fastica","fecha_de_publicacion":"01\/06\/2016","novedad":"0","paginas":"249","subtitulo":"","orden":"999","portada":"0","idioma":"spa","editorial":[{"ID":8268,"post_author":"3","post_date":"2022-09-30 09:21:37","post_date_gmt":"2022-09-30 07:21:37","post_content":"","post_title":"RBA LIBROS SA.","post_excerpt":"","post_status":"publish","comment_status":"closed","ping_status":"closed","post_password":"","post_name":"rba-libros-sa","to_ping":"","pinged":"","post_modified":"2022-09-30 09:21:37","post_modified_gmt":"2022-09-30 07:21:37","post_content_filtered":"","post_parent":0,"guid":"http:\/\/dev.claret.cat\/editorial\/rba-libros-sa\/","menu_order":0,"post_type":"editorial","post_mime_type":"","comment_count":"0","filter":"raw"}],"autores-libros":[{"ID":422534,"post_author":"3","post_date":"2023-05-16 07:20:50","post_date_gmt":"2023-05-16 05:20:50","post_content":"","post_title":"FELIPE HERNANDEZ RAMOS","post_excerpt":"","post_status":"publish","comment_status":"closed","ping_status":"closed","post_password":"","post_name":"felipe-hernandez-ramos","to_ping":"","pinged":"","post_modified":"2023-05-16 07:20:50","post_modified_gmt":"2023-05-16 05:20:50","post_content_filtered":"","post_parent":0,"guid":"https:\/\/www.claret.cat\/autor\/felipe-hernandez-ramos\/","menu_order":0,"post_type":"autor","post_mime_type":"","comment_count":"0","filter":"raw"}]},"aioseo_notices":[],"_links":{"self":[{"href":"https:\/\/www.claret.cat\/es\/wp-json\/wp\/v2\/product\/232711","targetHints":{"allow":["GET"]}}],"collection":[{"href":"https:\/\/www.claret.cat\/es\/wp-json\/wp\/v2\/product"}],"about":[{"href":"https:\/\/www.claret.cat\/es\/wp-json\/wp\/v2\/types\/product"}],"wp:featuredmedia":[{"embeddable":true,"href":"https:\/\/www.claret.cat\/es\/wp-json\/wp\/v2\/media\/232712"}],"wp:attachment":[{"href":"https:\/\/www.claret.cat\/es\/wp-json\/wp\/v2\/media?parent=232711"}],"wp:term":[{"taxonomy":"product_brand","embeddable":true,"href":"https:\/\/www.claret.cat\/es\/wp-json\/wp\/v2\/product_brand?post=232711"},{"taxonomy":"product_cat","embeddable":true,"href":"https:\/\/www.claret.cat\/es\/wp-json\/wp\/v2\/product_cat?post=232711"},{"taxonomy":"product_tag","embeddable":true,"href":"https:\/\/www.claret.cat\/es\/wp-json\/wp\/v2\/product_tag?post=232711"}],"curies":[{"name":"wp","href":"https:\/\/api.w.org\/{rel}","templated":true}]}}