{"id":232825,"date":"2022-10-20T20:21:18","date_gmt":"2022-10-20T18:21:18","guid":{"rendered":"http:\/\/dev.claret.cat\/producte\/juega-y-diviertete-masha-y-el-oso-actividades\/"},"modified":"2023-01-28T16:16:31","modified_gmt":"2023-01-28T15:16:31","slug":"juega-y-diviertete-masha-y-el-oso-actividades-9788401907395","status":"publish","type":"product","link":"https:\/\/www.claret.cat\/es\/libro\/juega-y-diviertete-masha-y-el-oso-actividades-9788401907395\/","title":{"rendered":"JUEGA Y DIVI\u00c9RTETE (MASHA Y EL OSO. ACTIVIDADES)"},"content":{"rendered":"<p>Juega con Masha y el Oso en este libro de actividades con divertidas pegatinas.\u00a1A la incansable Masha no hay quien la pare! Tiene tantas ganas de jugar  y descubrir cosas nuevas que es capaz de convencer incluso  al oso m\u00e1s  tranquilo del bosque para que la acompa\u00f1e en sus alocadas aventuras.Con estos divertidos pasatiempos de Masha y el Oso los m\u00e1s peque\u00f1os  podr\u00e1n repasar conceptos y realizar actividades muy divertidas que  estimular\u00e1n su imaginaci\u00f3n y que son muy positivas para fomentar el razonamiento, la memoria, la atenci\u00f3n y  la l\u00f3gica.\u00a1Que empiece la aventura!<\/p>\n","protected":false},"excerpt":{"rendered":"<p>AAVV<\/p>\n","protected":false},"featured_media":232826,"template":"","meta":{"_acf_changed":false,"om_disable_all_campaigns":false,"rs_blank_template":"","rs_page_bg_color":"","slide_template_v7":"","inline_featured_image":false,"_monsterinsights_skip_tracking":false,"_monsterinsights_sitenote_active":false,"_monsterinsights_sitenote_note":"","_monsterinsights_sitenote_category":0},"product_brand":[],"product_cat":[86],"product_tag":[],"class_list":{"0":"post-232825","1":"product","2":"type-product","3":"status-publish","4":"has-post-thumbnail","6":"product_cat-infantil","8":"first","9":"instock","10":"taxable","11":"shipping-taxable","12":"purchasable","13":"product-type-simple"},"acf":{"autor":"AAVV","codart":"840190739","libros-coleccion":"","ediciones":"1","encuadernacion":"R\u00fastica","fecha_de_publicacion":"01\/06\/2016","novedad":"0","paginas":"24","subtitulo":"(CONTIENE PEGATINAS)","orden":"999","portada":"0","idioma":"spa","editorial":[{"ID":147416,"post_author":"3","post_date":"2022-10-14 11:50:24","post_date_gmt":"2022-10-14 09:50:24","post_content":"","post_title":"ALTEA, EDICIONES","post_excerpt":"","post_status":"publish","comment_status":"closed","ping_status":"closed","post_password":"","post_name":"altea-ediciones","to_ping":"","pinged":"","post_modified":"2022-10-14 11:50:24","post_modified_gmt":"2022-10-14 09:50:24","post_content_filtered":"","post_parent":0,"guid":"http:\/\/dev.claret.cat\/editorial\/altea-ediciones\/","menu_order":0,"post_type":"editorial","post_mime_type":"","comment_count":"0","filter":"raw"}],"autores-libros":[{"ID":8279,"post_author":"3","post_date":"2022-09-30 09:47:23","post_date_gmt":"2022-09-30 07:47:23","post_content":"","post_title":"AAVV","post_excerpt":"","post_status":"publish","comment_status":"closed","ping_status":"closed","post_password":"","post_name":"aavv","to_ping":"","pinged":"","post_modified":"2022-09-30 09:47:23","post_modified_gmt":"2022-09-30 07:47:23","post_content_filtered":"","post_parent":0,"guid":"http:\/\/dev.claret.cat\/autor\/aavv\/","menu_order":0,"post_type":"autor","post_mime_type":"","comment_count":"0","filter":"raw"}]},"aioseo_notices":[],"_links":{"self":[{"href":"https:\/\/www.claret.cat\/es\/wp-json\/wp\/v2\/product\/232825","targetHints":{"allow":["GET"]}}],"collection":[{"href":"https:\/\/www.claret.cat\/es\/wp-json\/wp\/v2\/product"}],"about":[{"href":"https:\/\/www.claret.cat\/es\/wp-json\/wp\/v2\/types\/product"}],"wp:featuredmedia":[{"embeddable":true,"href":"https:\/\/www.claret.cat\/es\/wp-json\/wp\/v2\/media\/232826"}],"wp:attachment":[{"href":"https:\/\/www.claret.cat\/es\/wp-json\/wp\/v2\/media?parent=232825"}],"wp:term":[{"taxonomy":"product_brand","embeddable":true,"href":"https:\/\/www.claret.cat\/es\/wp-json\/wp\/v2\/product_brand?post=232825"},{"taxonomy":"product_cat","embeddable":true,"href":"https:\/\/www.claret.cat\/es\/wp-json\/wp\/v2\/product_cat?post=232825"},{"taxonomy":"product_tag","embeddable":true,"href":"https:\/\/www.claret.cat\/es\/wp-json\/wp\/v2\/product_tag?post=232825"}],"curies":[{"name":"wp","href":"https:\/\/api.w.org\/{rel}","templated":true}]}}