{"id":232840,"date":"2022-10-20T20:21:42","date_gmt":"2022-10-20T18:21:42","guid":{"rendered":"http:\/\/dev.claret.cat\/producte\/angelets-de-la-terra\/"},"modified":"2023-01-28T13:06:10","modified_gmt":"2023-01-28T12:06:10","slug":"angelets-de-la-terra-9788494509193","status":"publish","type":"product","link":"https:\/\/www.claret.cat\/es\/libro\/angelets-de-la-terra-9788494509193\/","title":{"rendered":"ANGELETS DE LA TERRA"},"content":{"rendered":"<p>El llibre, a mig cam\u00ed de la novel\u00b7la i el document hist\u00f2ric, \u00e9s un recordatori dels fets que van precedir, i les conseq\u00fc\u00e8ncies que va tenir per Catalunya, l&#8221;anomenat Tractat dels Pirineus de 1659.<br \/> L&#8221;obra repassa, per tant, la Guerra dels Trenta Anys (1618-1648) i la dels Segadors (1640-1652) en el marc dels enfrontaments entre la monarquia espanyola i la francesa abans de centrar-se en la revolta dels catalans del nord que havien esdevingut, contra tot pron\u00f2stic, s\u00fabdits de Llu\u00eds XIV.<br \/> -Jo, pare -digu\u00e9 en Gori-, veig que aquesta confer\u00e8ncia de pau ser\u00e0 una porcada i Catalunya ser\u00e0 la moneda de canvi que utilitzaran els castellans per pagar els seus deutes amb Europa.<br \/> -A la guerra -digu\u00e9 en Jaume a en Gori- tot s&#8221;hi val! La vida no t\u00e9 cap valor. Certament, la monarquia castellana ens ven a Fran\u00e7a a canvi de la pau. Que aquesta guerra l&#8221;hagi declarada el cardenal d&#8221;un rei que s&#8221;anomena cristian\u00edssim contra un altre rei que s&#8221;anomena cat\u00f2lic, no ho entenc.<br \/> La visi\u00f3 castellana ens la resumeix sor Maria Jes\u00fas d&#8221;\u00c0greda: \u00abY est\u00e9 cierto Vuestra Majestad que, por la paz, perder es ganar\u00bb.<\/p>\n","protected":false},"excerpt":{"rendered":"<p>FOLCH I RIBAS, MANUEL<\/p>\n","protected":false},"featured_media":232841,"template":"","meta":{"_acf_changed":false,"om_disable_all_campaigns":false,"rs_blank_template":"","rs_page_bg_color":"","slide_template_v7":"","inline_featured_image":false,"_monsterinsights_skip_tracking":false,"_monsterinsights_sitenote_active":false,"_monsterinsights_sitenote_note":"","_monsterinsights_sitenote_category":0},"product_brand":[],"product_cat":[85],"product_tag":[],"class_list":{"0":"post-232840","1":"product","2":"type-product","3":"status-publish","4":"has-post-thumbnail","6":"product_cat-historia","8":"first","9":"instock","10":"taxable","11":"shipping-taxable","12":"purchasable","13":"product-type-simple"},"acf":{"autor":"FOLCH I RIBAS, MANUEL","codart":"849450919","libros-coleccion":"","ediciones":"1","encuadernacion":"R\u00fastica","fecha_de_publicacion":"01\/06\/2016","novedad":"0","paginas":"183","subtitulo":"NOVEL\u00b7LA BASADA EN LA REVOLTA DELS CATALANS DEL NORD (1663-1670)","orden":"999","portada":"0","idioma":"cat","editorial":[{"ID":148226,"post_author":"3","post_date":"2022-10-14 11:56:36","post_date_gmt":"2022-10-14 09:56:36","post_content":"","post_title":"GREGAL LLIBRES, CONSORCI D'EDI","post_excerpt":"","post_status":"publish","comment_status":"closed","ping_status":"closed","post_password":"","post_name":"gregal-llibres-consorci-dedi","to_ping":"","pinged":"","post_modified":"2022-10-14 11:56:36","post_modified_gmt":"2022-10-14 09:56:36","post_content_filtered":"","post_parent":0,"guid":"http:\/\/dev.claret.cat\/editorial\/gregal-llibres-consorci-dedi\/","menu_order":0,"post_type":"editorial","post_mime_type":"","comment_count":"0","filter":"raw"}]},"aioseo_notices":[],"_links":{"self":[{"href":"https:\/\/www.claret.cat\/es\/wp-json\/wp\/v2\/product\/232840","targetHints":{"allow":["GET"]}}],"collection":[{"href":"https:\/\/www.claret.cat\/es\/wp-json\/wp\/v2\/product"}],"about":[{"href":"https:\/\/www.claret.cat\/es\/wp-json\/wp\/v2\/types\/product"}],"wp:featuredmedia":[{"embeddable":true,"href":"https:\/\/www.claret.cat\/es\/wp-json\/wp\/v2\/media\/232841"}],"wp:attachment":[{"href":"https:\/\/www.claret.cat\/es\/wp-json\/wp\/v2\/media?parent=232840"}],"wp:term":[{"taxonomy":"product_brand","embeddable":true,"href":"https:\/\/www.claret.cat\/es\/wp-json\/wp\/v2\/product_brand?post=232840"},{"taxonomy":"product_cat","embeddable":true,"href":"https:\/\/www.claret.cat\/es\/wp-json\/wp\/v2\/product_cat?post=232840"},{"taxonomy":"product_tag","embeddable":true,"href":"https:\/\/www.claret.cat\/es\/wp-json\/wp\/v2\/product_tag?post=232840"}],"curies":[{"name":"wp","href":"https:\/\/api.w.org\/{rel}","templated":true}]}}