{"id":232876,"date":"2022-10-20T20:22:31","date_gmt":"2022-10-20T18:22:31","guid":{"rendered":"http:\/\/dev.claret.cat\/producte\/londres-de-cerca-5\/"},"modified":"2023-01-28T09:39:00","modified_gmt":"2023-01-28T08:39:00","slug":"londres-de-cerca-5-9788408150473","status":"publish","type":"product","link":"https:\/\/www.claret.cat\/es\/libro\/londres-de-cerca-5-9788408150473\/","title":{"rendered":"LONDRES DE CERCA 5"},"content":{"rendered":"<p>Londres tiene algo que ofrecer para todos los gustos: desde arte a fant\u00e1sticos museos, arquitectura deslumbrante, esplendor real, diversidad, maravillosos parques y un dinamismo incontenible. Rebosa historia, pero sin dejar de innovar en cultura y creatividad. Su car\u00e1cter cosmopolita la convierte en la ciudad probablemente m\u00e1s internacional del mundo, sin perder su esencia brit\u00e1nica.Gracias a esta gu\u00eda de viaje a Londres, el viajero podr\u00e1 disfrutar de la mejor experiencia y las recomendaciones m\u00e1s interesantes.<\/p>\n","protected":false},"excerpt":{"rendered":"<p>FILOU, EMILIE<\/p>\n","protected":false},"featured_media":232877,"template":"","meta":{"_acf_changed":false,"om_disable_all_campaigns":false,"rs_blank_template":"","rs_page_bg_color":"","slide_template_v7":"","inline_featured_image":false,"_monsterinsights_skip_tracking":false,"_monsterinsights_sitenote_active":false,"_monsterinsights_sitenote_note":"","_monsterinsights_sitenote_category":0},"product_brand":[],"product_cat":[107],"product_tag":[],"class_list":{"0":"post-232876","1":"product","2":"type-product","3":"status-publish","4":"has-post-thumbnail","6":"product_cat-guies-de-viatge","8":"first","9":"instock","10":"taxable","11":"shipping-taxable","12":"purchasable","13":"product-type-simple"},"acf":{"autor":"FILOU, EMILIE","codart":"840815047","libros-coleccion":"PLANETA EDICIONES","ediciones":"1","encuadernacion":"R\u00fastica","fecha_de_publicacion":"01\/06\/2016","novedad":"1","paginas":"224","subtitulo":"","orden":"0","portada":"0","idioma":"spa","editorial":[{"ID":6377,"post_author":"3","post_date":"2022-07-28 17:50:53","post_date_gmt":"2022-07-28 15:50:53","post_content":"","post_title":"Timun Mas CAT","post_excerpt":"","post_status":"publish","comment_status":"closed","ping_status":"closed","post_password":"","post_name":"timun-mas-cat","to_ping":"","pinged":"","post_modified":"2022-07-28 17:50:53","post_modified_gmt":"2022-07-28 15:50:53","post_content_filtered":"","post_parent":0,"guid":"http:\/\/dev.claret.cat\/editorial\/timun-mas-cat\/","menu_order":0,"post_type":"editorial","post_mime_type":"","comment_count":"0","filter":"raw"}],"autores-libros":[{"ID":154973,"post_author":"3","post_date":"2022-10-14 15:09:09","post_date_gmt":"2022-10-14 13:09:09","post_content":"","post_title":"EMILIE FILOU","post_excerpt":"","post_status":"publish","comment_status":"closed","ping_status":"closed","post_password":"","post_name":"emilie-filou","to_ping":"","pinged":"","post_modified":"2022-10-14 15:09:09","post_modified_gmt":"2022-10-14 13:09:09","post_content_filtered":"","post_parent":0,"guid":"http:\/\/dev.claret.cat\/autor\/emilie-filou\/","menu_order":0,"post_type":"autor","post_mime_type":"","comment_count":"0","filter":"raw"}]},"aioseo_notices":[],"_links":{"self":[{"href":"https:\/\/www.claret.cat\/es\/wp-json\/wp\/v2\/product\/232876","targetHints":{"allow":["GET"]}}],"collection":[{"href":"https:\/\/www.claret.cat\/es\/wp-json\/wp\/v2\/product"}],"about":[{"href":"https:\/\/www.claret.cat\/es\/wp-json\/wp\/v2\/types\/product"}],"wp:featuredmedia":[{"embeddable":true,"href":"https:\/\/www.claret.cat\/es\/wp-json\/wp\/v2\/media\/232877"}],"wp:attachment":[{"href":"https:\/\/www.claret.cat\/es\/wp-json\/wp\/v2\/media?parent=232876"}],"wp:term":[{"taxonomy":"product_brand","embeddable":true,"href":"https:\/\/www.claret.cat\/es\/wp-json\/wp\/v2\/product_brand?post=232876"},{"taxonomy":"product_cat","embeddable":true,"href":"https:\/\/www.claret.cat\/es\/wp-json\/wp\/v2\/product_cat?post=232876"},{"taxonomy":"product_tag","embeddable":true,"href":"https:\/\/www.claret.cat\/es\/wp-json\/wp\/v2\/product_tag?post=232876"}],"curies":[{"name":"wp","href":"https:\/\/api.w.org\/{rel}","templated":true}]}}