{"id":232939,"date":"2022-10-20T20:24:00","date_gmt":"2022-10-20T18:24:00","guid":{"rendered":"http:\/\/dev.claret.cat\/producte\/75-consejos-para-sobrevivir-en-el-instituto-75-consejos-7\/"},"modified":"2025-11-26T10:35:22","modified_gmt":"2025-11-26T09:35:22","slug":"75-consejos-para-sobrevivir-en-el-instituto-75-consejos-7-9788420484259","status":"publish","type":"product","link":"https:\/\/www.claret.cat\/es\/libro\/75-consejos-para-sobrevivir-en-el-instituto-75-consejos-7-9788420484259\/","title":{"rendered":"75 CONSEJOS PARA SOBREVIVIR EN EL INSTITUTO (75 CONSEJOS 7)"},"content":{"rendered":"<p>\u00bfHas sobrevivido al cole? Pues ag\u00e1rrate: AHORA TE TOCA IR AL  INSTITUTO. Pero no desesperes, la s\u00e9ptima entrega de \u00ab75 Consejos\u00bb, el  DIARIO M\u00c1S TRONCHANTE JAM\u00c1S ESCRITO, ya est\u00e1 aqu\u00ed para explicarte todo lo que debes saber.75 consejos para sobrevivir al instituto incluye todos los consejos que necesitas para enfrentarte a:- M\u00e1s asignaturas y m\u00e1s ex\u00e1menes.<br \/>&#8211; Montones de profes nuevos.<br \/>&#8211; Ser los peque\u00f1os, pero que te maltraten como a los mayores.<br \/>&#8211; Una clase nueva de gente que no conoces.<br \/>&#8211; El Apocalipsis Zombi Cerebral.\u00a1NO DESESPERES! Y l\u00e9ete mis trucos, son 100% DE EFICACIA GARANTIZADA.\u00a1\u00a1NECESITAS ESTE LIBRO!!<\/p>\n","protected":false},"excerpt":{"rendered":"<p>FRISA, MARIA<\/p>\n","protected":false},"featured_media":1068375,"template":"","meta":{"_acf_changed":false,"om_disable_all_campaigns":false,"rs_blank_template":"","rs_page_bg_color":"","slide_template_v7":"","inline_featured_image":false,"_monsterinsights_skip_tracking":false,"_monsterinsights_sitenote_active":false,"_monsterinsights_sitenote_note":"","_monsterinsights_sitenote_category":0},"product_brand":[],"product_cat":[86,352],"product_tag":[],"class_list":{"0":"post-232939","1":"product","2":"type-product","3":"status-publish","4":"has-post-thumbnail","6":"product_cat-infantil","7":"product_cat-infantil-3_infantil-juvenil-spa","9":"first","10":"outofstock","11":"taxable","12":"shipping-taxable","13":"purchasable","14":"product-type-simple"},"acf":{"autor":"FRISA, MARIA","codart":"842048425","libros-coleccion":"","ediciones":"1","encuadernacion":"Carton\u00e9","fecha_de_publicacion":"01\/06\/2016","novedad":"0","paginas":"249","subtitulo":"","orden":"999","portada":"0","idioma":"spa","editorial":[{"ID":147392,"post_author":"3","post_date":"2022-10-14 11:50:13","post_date_gmt":"2022-10-14 09:50:13","post_content":"","post_title":"ALFAGUARA, EDITORIAL","post_excerpt":"","post_status":"publish","comment_status":"closed","ping_status":"closed","post_password":"","post_name":"alfaguara-editorial","to_ping":"","pinged":"","post_modified":"2022-10-14 11:50:13","post_modified_gmt":"2022-10-14 09:50:13","post_content_filtered":"","post_parent":0,"guid":"http:\/\/dev.claret.cat\/editorial\/alfaguara-editorial\/","menu_order":0,"post_type":"editorial","post_mime_type":"","comment_count":"0","filter":"raw"}],"autores-libros":[{"ID":163623,"post_author":"3","post_date":"2022-10-14 17:40:31","post_date_gmt":"2022-10-14 15:40:31","post_content":"","post_title":"MAR\u00cdA FRISA","post_excerpt":"","post_status":"publish","comment_status":"closed","ping_status":"closed","post_password":"","post_name":"maria-frisa","to_ping":"","pinged":"","post_modified":"2022-10-14 17:40:31","post_modified_gmt":"2022-10-14 15:40:31","post_content_filtered":"","post_parent":0,"guid":"http:\/\/dev.claret.cat\/autor\/maria-frisa\/","menu_order":0,"post_type":"autor","post_mime_type":"","comment_count":"0","filter":"raw"}],"booktrailer":"","resenas":""},"aioseo_notices":[],"_links":{"self":[{"href":"https:\/\/www.claret.cat\/es\/wp-json\/wp\/v2\/product\/232939","targetHints":{"allow":["GET"]}}],"collection":[{"href":"https:\/\/www.claret.cat\/es\/wp-json\/wp\/v2\/product"}],"about":[{"href":"https:\/\/www.claret.cat\/es\/wp-json\/wp\/v2\/types\/product"}],"wp:featuredmedia":[{"embeddable":true,"href":"https:\/\/www.claret.cat\/es\/wp-json\/wp\/v2\/media\/1068375"}],"wp:attachment":[{"href":"https:\/\/www.claret.cat\/es\/wp-json\/wp\/v2\/media?parent=232939"}],"wp:term":[{"taxonomy":"product_brand","embeddable":true,"href":"https:\/\/www.claret.cat\/es\/wp-json\/wp\/v2\/product_brand?post=232939"},{"taxonomy":"product_cat","embeddable":true,"href":"https:\/\/www.claret.cat\/es\/wp-json\/wp\/v2\/product_cat?post=232939"},{"taxonomy":"product_tag","embeddable":true,"href":"https:\/\/www.claret.cat\/es\/wp-json\/wp\/v2\/product_tag?post=232939"}],"curies":[{"name":"wp","href":"https:\/\/api.w.org\/{rel}","templated":true}]}}