{"id":232975,"date":"2022-10-20T20:24:50","date_gmt":"2022-10-20T18:24:50","guid":{"rendered":"http:\/\/dev.claret.cat\/producte\/un-lector-llamado-federico-garcia-lorca\/"},"modified":"2023-01-28T15:52:19","modified_gmt":"2023-01-28T14:52:19","slug":"un-lector-llamado-federico-garcia-lorca-9788430617814","status":"publish","type":"product","link":"https:\/\/www.claret.cat\/es\/libro\/un-lector-llamado-federico-garcia-lorca-9788430617814\/","title":{"rendered":"UN LECTOR LLAMADO FEDERICO GARC\u00cdA LORCA"},"content":{"rendered":"<p>Todos nosotros somos, en esencia, aquello que leemos.Este principio, dif\u00edcilmente rebatible desde cualquier rinc\u00f3n de la  cultura, es el presupuesto desde el que parte Luis Garc\u00eda Montero en  este libro que rastrea las huellas que dejaron en Federico Garc\u00eda Lorca sus lecturas.Las lecturas a las que Federico Garc\u00eda Lorca se acerc\u00f3 en su juventud le  convirtieron en la persona que fue -hasta sus \u00faltimas consecuencias- y  en s\u00edmbolo de toda una \u00e9poca. Como uno de los escritores espa\u00f1oles m\u00e1s  populares del siglo XX, sus obras son objeto continuo de estudio, su  poes\u00eda resuena m\u00e1s all\u00e1 de los libros y sus piezas teatrales han  conocido multitud de puestas en escena a lo largo de los a\u00f1os. Lejos del  mito del autor de genio innato y profundas ra\u00edces populares, sus  escritos, desde los m\u00e1s tempranos, reflejan un profundo conocimiento de  la literatura cl\u00e1sica, de las obras de sus contempor\u00e1neos, adem\u00e1s de un  crecimiento intelectual a la  cultura popular, tanto literaria, como musical o teatral.Como todo lector, el joven Lorca busc\u00f3 en sus lecturas la manera de  forjarse una identidad, no solo como escritor, sino tambi\u00e9n como  individuo y como ser social. Este es, sin duda, uno de los m\u00e1s hermosos  y fecundos ejercicios de libertad que puede acometer el ser humano.Rese\u00f1as:<br \/>\u00abEs desarmante, como tantas veces en Garc\u00eda Montero, la ausencia de  petulancia y la simult\u00e1nea ansiedad por ir desgranando en murmullos, sin  levantar la voz, las esquinas de una vida particular a trav\u00e9s de objetos  y espacios recortables, que sin embargo contienen  una mirada ir\u00f3nica y combativa, es decir, inteligente.\u00bb<br \/>Jordi Gracia, Babelia, sobre Una forma de resistencia\u00ab[Luis Garc\u00eda Montero] es uno de los pocos destinados a la letra grande de la historia de la literatura.\u00bb<br \/>Jos\u00e9-Carlos Mainer\u00abDesde que public\u00f3 su primer libro, Garc\u00eda Montero ha defendido unos  objetivos de invariable lucidez y ha logrado que su poes\u00eda remita con  rigor minucioso a sus ideas est\u00e9ticas&#8230; Y eso lo ha aproximado a lo que suele identificarse con un joven maestro.\u00bb<br \/>Jos\u00e9 Manuel Caballero Bonald\u00abExcelente lector, buen poeta, interesante novelista, reconocido profesor universitario.\u00bb<br \/>Javier Go\u00f1i, Babelia\u00abLuis, como Manrique, como B\u00e9cquer, como Rub\u00e9n, como Machado, como Jaime  Gil, como \u00c1ngel Gonz\u00e1lez, como todos los grand\u00edsimos poetas, no solo es  un maestro de poetas, que tambi\u00e9n, sino que, adem\u00e1s y sobre todo, parece  capaz de contarnos, y de qu\u00e9 manera, lo que hab\u00edamos olvidado que  sab\u00edamos de nosotros mismos. Luis sirve para hacer afici\u00f3n, para volver  a la plaza porque torea Jos\u00e9 Tom\u00e1s, para acercarse a las librer\u00edas porque ha salido un nuevo libro suyo.\u00bb<br \/>Joaqu\u00edn Sabina<\/p>\n","protected":false},"excerpt":{"rendered":"<p>GARCIA MONTERO, LUIS<\/p>\n","protected":false},"featured_media":232976,"template":"","meta":{"_acf_changed":false,"om_disable_all_campaigns":false,"rs_blank_template":"","rs_page_bg_color":"","slide_template_v7":"","inline_featured_image":false,"_monsterinsights_skip_tracking":false,"_monsterinsights_sitenote_active":false,"_monsterinsights_sitenote_note":"","_monsterinsights_sitenote_category":0},"product_brand":[],"product_cat":[99,87],"product_tag":[],"class_list":{"0":"post-232975","1":"product","2":"type-product","3":"status-publish","4":"has-post-thumbnail","6":"product_cat-biografies","7":"product_cat-literatura","9":"first","10":"instock","11":"taxable","12":"shipping-taxable","13":"purchasable","14":"product-type-simple"},"acf":{"autor":"GARCIA MONTERO, LUIS","codart":"843061781","libros-coleccion":"","ediciones":"1","encuadernacion":"R\u00fastica","fecha_de_publicacion":"01\/06\/2016","novedad":"0","paginas":"252","subtitulo":"","orden":"999","portada":"0","idioma":"spa","autores-libros":[{"ID":162719,"post_author":"3","post_date":"2022-10-14 17:33:15","post_date_gmt":"2022-10-14 15:33:15","post_content":"","post_title":"LUIS GARC\u00cdA MONTERO","post_excerpt":"","post_status":"publish","comment_status":"closed","ping_status":"closed","post_password":"","post_name":"luis-garcia-montero","to_ping":"","pinged":"","post_modified":"2022-10-14 17:33:15","post_modified_gmt":"2022-10-14 15:33:15","post_content_filtered":"","post_parent":0,"guid":"http:\/\/dev.claret.cat\/autor\/luis-garcia-montero\/","menu_order":0,"post_type":"autor","post_mime_type":"","comment_count":"0","filter":"raw"}]},"aioseo_notices":[],"_links":{"self":[{"href":"https:\/\/www.claret.cat\/es\/wp-json\/wp\/v2\/product\/232975","targetHints":{"allow":["GET"]}}],"collection":[{"href":"https:\/\/www.claret.cat\/es\/wp-json\/wp\/v2\/product"}],"about":[{"href":"https:\/\/www.claret.cat\/es\/wp-json\/wp\/v2\/types\/product"}],"wp:featuredmedia":[{"embeddable":true,"href":"https:\/\/www.claret.cat\/es\/wp-json\/wp\/v2\/media\/232976"}],"wp:attachment":[{"href":"https:\/\/www.claret.cat\/es\/wp-json\/wp\/v2\/media?parent=232975"}],"wp:term":[{"taxonomy":"product_brand","embeddable":true,"href":"https:\/\/www.claret.cat\/es\/wp-json\/wp\/v2\/product_brand?post=232975"},{"taxonomy":"product_cat","embeddable":true,"href":"https:\/\/www.claret.cat\/es\/wp-json\/wp\/v2\/product_cat?post=232975"},{"taxonomy":"product_tag","embeddable":true,"href":"https:\/\/www.claret.cat\/es\/wp-json\/wp\/v2\/product_tag?post=232975"}],"curies":[{"name":"wp","href":"https:\/\/api.w.org\/{rel}","templated":true}]}}