{"id":233062,"date":"2022-10-20T20:26:53","date_gmt":"2022-10-20T18:26:53","guid":{"rendered":"http:\/\/dev.claret.cat\/producte\/vence-tus-miedos\/"},"modified":"2023-01-28T20:14:33","modified_gmt":"2023-01-28T19:14:33","slug":"vence-tus-miedos-9788434423855","status":"publish","type":"product","link":"https:\/\/www.claret.cat\/es\/libro\/vence-tus-miedos-9788434423855\/","title":{"rendered":"VENCE TUS MIEDOS"},"content":{"rendered":"<p>Un cuaderno lleno de divertidas actividades que ayudar\u00e1n a los ni\u00f1os a entender y superar sus miedos. Casi todos los ni\u00f1os pasan por una fase en la que las pesadillas y los temores se convierten en su d\u00eda a d\u00eda. Con este original cuaderno de actividades, cada ni\u00f1o podr\u00e1 enfrentarse a sus propios miedos, analizarlos, verlos como lo que realmente son, \u00abunos monstruos tramposos\u00bb. A trav\u00e9s de divertidas lecciones, aprender\u00e1n a hablar de esa sensaci\u00f3n sin avergonzarse, a re\u00edrse de esos monstruos que les acechan y a conseguir que se callen de una vez.<\/p>\n","protected":false},"excerpt":{"rendered":"<p>MARINA, JOS\u00c9 ANTONIO<\/p>\n","protected":false},"featured_media":233063,"template":"","meta":{"_acf_changed":false,"om_disable_all_campaigns":false,"rs_blank_template":"","rs_page_bg_color":"","slide_template_v7":"","inline_featured_image":false,"_monsterinsights_skip_tracking":false,"_monsterinsights_sitenote_active":false,"_monsterinsights_sitenote_note":"","_monsterinsights_sitenote_category":0},"product_brand":[],"product_cat":[101],"product_tag":[],"class_list":{"0":"post-233062","1":"product","2":"type-product","3":"status-publish","4":"has-post-thumbnail","6":"product_cat-manualitats","8":"first","9":"instock","10":"taxable","11":"shipping-taxable","12":"purchasable","13":"product-type-simple"},"acf":{"autor":"MARINA, JOS\u00c9 ANTONIO","codart":"843442385","libros-coleccion":"","ediciones":"1","encuadernacion":"R\u00fastica","fecha_de_publicacion":"01\/06\/2016","novedad":"0","paginas":"92","subtitulo":"CUADERNO DE ACTIVIDADES","orden":"999","portada":"0","idioma":"spa","autores-libros":[{"ID":160177,"post_author":"3","post_date":"2022-10-14 15:50:55","post_date_gmt":"2022-10-14 13:50:55","post_content":"","post_title":"JOS\u00c9 ANTONIO MARINA","post_excerpt":"","post_status":"publish","comment_status":"closed","ping_status":"closed","post_password":"","post_name":"jose-antonio-marina","to_ping":"","pinged":"","post_modified":"2022-10-14 15:50:55","post_modified_gmt":"2022-10-14 13:50:55","post_content_filtered":"","post_parent":0,"guid":"http:\/\/dev.claret.cat\/autor\/jose-antonio-marina\/","menu_order":0,"post_type":"autor","post_mime_type":"","comment_count":"0","filter":"raw"}]},"aioseo_notices":[],"_links":{"self":[{"href":"https:\/\/www.claret.cat\/es\/wp-json\/wp\/v2\/product\/233062","targetHints":{"allow":["GET"]}}],"collection":[{"href":"https:\/\/www.claret.cat\/es\/wp-json\/wp\/v2\/product"}],"about":[{"href":"https:\/\/www.claret.cat\/es\/wp-json\/wp\/v2\/types\/product"}],"wp:featuredmedia":[{"embeddable":true,"href":"https:\/\/www.claret.cat\/es\/wp-json\/wp\/v2\/media\/233063"}],"wp:attachment":[{"href":"https:\/\/www.claret.cat\/es\/wp-json\/wp\/v2\/media?parent=233062"}],"wp:term":[{"taxonomy":"product_brand","embeddable":true,"href":"https:\/\/www.claret.cat\/es\/wp-json\/wp\/v2\/product_brand?post=233062"},{"taxonomy":"product_cat","embeddable":true,"href":"https:\/\/www.claret.cat\/es\/wp-json\/wp\/v2\/product_cat?post=233062"},{"taxonomy":"product_tag","embeddable":true,"href":"https:\/\/www.claret.cat\/es\/wp-json\/wp\/v2\/product_tag?post=233062"}],"curies":[{"name":"wp","href":"https:\/\/api.w.org\/{rel}","templated":true}]}}