{"id":233245,"date":"2022-10-20T20:31:00","date_gmt":"2022-10-20T18:31:00","guid":{"rendered":"http:\/\/dev.claret.cat\/producte\/florencia-y-la-toscana-5\/"},"modified":"2023-01-28T13:17:20","modified_gmt":"2023-01-28T12:17:20","slug":"florencia-y-la-toscana-5-9788408148562","status":"publish","type":"product","link":"https:\/\/www.claret.cat\/es\/libro\/florencia-y-la-toscana-5-9788408148562\/","title":{"rendered":"FLORENCIA Y LA TOSCANA 5"},"content":{"rendered":"<p>Las postales no mienten: la Toscana es realmente bell\u00edsima. Un paisaje verde, esplendorosos edificios renacentistas, una gastronom\u00eda y un vino espectaculares? Lo mejor es saborear sus paisajes po\u00e9ticos y su sensual simbiosis con la tierra poco a poco. En esta gu\u00eda para viajar a Florencia y la Toscana se encontrar\u00e1n todas las recomendaciones.<br \/> Incluye:.Los Uffizi en 3D..Cap\u00edtulo en color sobre arte y arquitectura..Consejos para comer y beber como un local..Y adem\u00e1s: fotos sugerentes, mapas claros, herramientas para planificar el viaje e informaci\u00f3n en profundidad.<\/p>\n","protected":false},"excerpt":{"rendered":"<p>WILLIAMS, NICOLA \/ DIXON, BELINDA<\/p>\n","protected":false},"featured_media":233246,"template":"","meta":{"_acf_changed":false,"om_disable_all_campaigns":false,"rs_blank_template":"","rs_page_bg_color":"","slide_template_v7":"","inline_featured_image":false,"_monsterinsights_skip_tracking":false,"_monsterinsights_sitenote_active":false,"_monsterinsights_sitenote_note":"","_monsterinsights_sitenote_category":0},"product_brand":[],"product_cat":[107],"product_tag":[],"class_list":{"0":"post-233245","1":"product","2":"type-product","3":"status-publish","4":"has-post-thumbnail","6":"product_cat-guies-de-viatge","8":"first","9":"instock","10":"taxable","11":"shipping-taxable","12":"purchasable","13":"product-type-simple"},"acf":{"autor":"WILLIAMS, NICOLA \/ DIXON, BELINDA","codart":"840814856","libros-coleccion":"","ediciones":"1","encuadernacion":"R\u00fastica","fecha_de_publicacion":"30\/05\/2016","novedad":"0","paginas":"368","subtitulo":"","orden":"999","portada":"0","idioma":"spa","editorial":[{"ID":8244,"post_author":"3","post_date":"2022-09-30 09:21:26","post_date_gmt":"2022-09-30 07:21:26","post_content":"","post_title":"GEOPLANETA EDITORIAL","post_excerpt":"","post_status":"publish","comment_status":"closed","ping_status":"closed","post_password":"","post_name":"geoplaneta-editorial","to_ping":"","pinged":"","post_modified":"2022-09-30 09:21:26","post_modified_gmt":"2022-09-30 07:21:26","post_content_filtered":"","post_parent":0,"guid":"http:\/\/dev.claret.cat\/editorial\/geoplaneta-editorial\/","menu_order":0,"post_type":"editorial","post_mime_type":"","comment_count":"0","filter":"raw"}],"autores-libros":[{"ID":151510,"post_author":"3","post_date":"2022-10-14 14:41:27","post_date_gmt":"2022-10-14 12:41:27","post_content":"","post_title":"BELINDA DIXON","post_excerpt":"","post_status":"publish","comment_status":"closed","ping_status":"closed","post_password":"","post_name":"belinda-dixon","to_ping":"","pinged":"","post_modified":"2022-10-14 14:41:27","post_modified_gmt":"2022-10-14 12:41:27","post_content_filtered":"","post_parent":0,"guid":"http:\/\/dev.claret.cat\/autor\/belinda-dixon\/","menu_order":0,"post_type":"autor","post_mime_type":"","comment_count":"0","filter":"raw"},{"ID":165817,"post_author":"3","post_date":"2022-10-14 17:58:11","post_date_gmt":"2022-10-14 15:58:11","post_content":"","post_title":"NICOLA WILLIAMS","post_excerpt":"","post_status":"publish","comment_status":"closed","ping_status":"closed","post_password":"","post_name":"nicola-williams","to_ping":"","pinged":"","post_modified":"2022-10-14 17:58:11","post_modified_gmt":"2022-10-14 15:58:11","post_content_filtered":"","post_parent":0,"guid":"http:\/\/dev.claret.cat\/autor\/nicola-williams\/","menu_order":0,"post_type":"autor","post_mime_type":"","comment_count":"0","filter":"raw"}]},"aioseo_notices":[],"_links":{"self":[{"href":"https:\/\/www.claret.cat\/es\/wp-json\/wp\/v2\/product\/233245","targetHints":{"allow":["GET"]}}],"collection":[{"href":"https:\/\/www.claret.cat\/es\/wp-json\/wp\/v2\/product"}],"about":[{"href":"https:\/\/www.claret.cat\/es\/wp-json\/wp\/v2\/types\/product"}],"wp:featuredmedia":[{"embeddable":true,"href":"https:\/\/www.claret.cat\/es\/wp-json\/wp\/v2\/media\/233246"}],"wp:attachment":[{"href":"https:\/\/www.claret.cat\/es\/wp-json\/wp\/v2\/media?parent=233245"}],"wp:term":[{"taxonomy":"product_brand","embeddable":true,"href":"https:\/\/www.claret.cat\/es\/wp-json\/wp\/v2\/product_brand?post=233245"},{"taxonomy":"product_cat","embeddable":true,"href":"https:\/\/www.claret.cat\/es\/wp-json\/wp\/v2\/product_cat?post=233245"},{"taxonomy":"product_tag","embeddable":true,"href":"https:\/\/www.claret.cat\/es\/wp-json\/wp\/v2\/product_tag?post=233245"}],"curies":[{"name":"wp","href":"https:\/\/api.w.org\/{rel}","templated":true}]}}