{"id":233321,"date":"2022-10-20T20:49:47","date_gmt":"2022-10-20T18:49:47","guid":{"rendered":"http:\/\/dev.claret.cat\/producte\/el-regreso-de-los-monstruos-patas-arriba-vvkids\/"},"modified":"2023-01-28T07:21:31","modified_gmt":"2023-01-28T06:21:31","slug":"el-regreso-de-los-monstruos-patas-arriba-vvkids-9788468259420","status":"publish","type":"product","link":"https:\/\/www.claret.cat\/es\/libro\/el-regreso-de-los-monstruos-patas-arriba-vvkids-9788468259420\/","title":{"rendered":"EL REGRESO DE LOS MONSTRUOS PATAS ARRIBA (VVKIDS)"},"content":{"rendered":"<p>A trav\u00e9s de un juego de figuras en movimiento y transformaci\u00f3n las ni\u00f1as y ni\u00f1os se divertir\u00e1n al girar los ejes y descubrir alegres y coloridos monstruos.<\/p>\n","protected":false},"excerpt":{"rendered":"<p>BARUZZI, AGNESE<\/p>\n","protected":false},"featured_media":233322,"template":"","meta":{"_acf_changed":false,"om_disable_all_campaigns":false,"rs_blank_template":"","rs_page_bg_color":"","slide_template_v7":"","inline_featured_image":false,"_monsterinsights_skip_tracking":false,"_monsterinsights_sitenote_active":false,"_monsterinsights_sitenote_note":"","_monsterinsights_sitenote_category":0},"product_brand":[],"product_cat":[16],"product_tag":[],"class_list":{"0":"post-233321","1":"product","2":"type-product","3":"status-publish","4":"has-post-thumbnail","6":"product_cat-sense-categoria","8":"first","9":"instock","10":"taxable","11":"shipping-taxable","12":"purchasable","13":"product-type-simple"},"acf":{"autor":"BARUZZI, AGNESE","codart":"846825942","libros-coleccion":"FORA DE COL.LECCI\u00d3","ediciones":"1","encuadernacion":"Carton\u00e9","fecha_de_publicacion":"01\/10\/2018","novedad":"1","paginas":"0","subtitulo":"","orden":"0","portada":"0","idioma":"spa","editorial":[{"ID":148051,"post_author":"3","post_date":"2022-10-14 11:55:15","post_date_gmt":"2022-10-14 09:55:15","post_content":"","post_title":"Editorial Vicens Vives","post_excerpt":"","post_status":"publish","comment_status":"closed","ping_status":"closed","post_password":"","post_name":"editorial-vicens-vives","to_ping":"","pinged":"","post_modified":"2022-10-14 11:55:15","post_modified_gmt":"2022-10-14 09:55:15","post_content_filtered":"","post_parent":0,"guid":"http:\/\/dev.claret.cat\/editorial\/editorial-vicens-vives\/","menu_order":0,"post_type":"editorial","post_mime_type":"","comment_count":"0","filter":"raw"}],"autores-libros":[{"ID":149228,"post_author":"3","post_date":"2022-10-14 14:23:11","post_date_gmt":"2022-10-14 12:23:11","post_content":"","post_title":"AGNESE BARUZZI","post_excerpt":"","post_status":"publish","comment_status":"closed","ping_status":"closed","post_password":"","post_name":"agnese-baruzzi","to_ping":"","pinged":"","post_modified":"2022-10-14 14:23:11","post_modified_gmt":"2022-10-14 12:23:11","post_content_filtered":"","post_parent":0,"guid":"http:\/\/dev.claret.cat\/autor\/agnese-baruzzi\/","menu_order":0,"post_type":"autor","post_mime_type":"","comment_count":"0","filter":"raw"}]},"aioseo_notices":[],"_links":{"self":[{"href":"https:\/\/www.claret.cat\/es\/wp-json\/wp\/v2\/product\/233321","targetHints":{"allow":["GET"]}}],"collection":[{"href":"https:\/\/www.claret.cat\/es\/wp-json\/wp\/v2\/product"}],"about":[{"href":"https:\/\/www.claret.cat\/es\/wp-json\/wp\/v2\/types\/product"}],"wp:featuredmedia":[{"embeddable":true,"href":"https:\/\/www.claret.cat\/es\/wp-json\/wp\/v2\/media\/233322"}],"wp:attachment":[{"href":"https:\/\/www.claret.cat\/es\/wp-json\/wp\/v2\/media?parent=233321"}],"wp:term":[{"taxonomy":"product_brand","embeddable":true,"href":"https:\/\/www.claret.cat\/es\/wp-json\/wp\/v2\/product_brand?post=233321"},{"taxonomy":"product_cat","embeddable":true,"href":"https:\/\/www.claret.cat\/es\/wp-json\/wp\/v2\/product_cat?post=233321"},{"taxonomy":"product_tag","embeddable":true,"href":"https:\/\/www.claret.cat\/es\/wp-json\/wp\/v2\/product_tag?post=233321"}],"curies":[{"name":"wp","href":"https:\/\/api.w.org\/{rel}","templated":true}]}}