{"id":233421,"date":"2022-10-20T20:53:27","date_gmt":"2022-10-20T18:53:27","guid":{"rendered":"http:\/\/dev.claret.cat\/producte\/la-excursion-a-las-cataratas-del-niagara\/"},"modified":"2023-01-28T23:24:50","modified_gmt":"2023-01-28T22:24:50","slug":"la-excursion-a-las-cataratas-del-niagara-9788408152538","status":"publish","type":"product","link":"https:\/\/www.claret.cat\/es\/libro\/la-excursion-a-las-cataratas-del-niagara-9788408152538\/","title":{"rendered":"LA EXCURSI\u00d3N A LAS CATARATAS DEL NI\u00c1GARA"},"content":{"rendered":"<p>\u00abAquella ma\u00f1ana, cuando acompa\u00f1\u00e9 a Benjam\u00edn a la escuela, la maestra estaba escribiendo en la pizarra ad\u00f3nde ir\u00edan de excursi\u00f3n escolar. Me pareci\u00f3 leer Eco del Roedor y en seguida me ofrec\u00ed a acompa\u00f1ar a toda la clase a visitar mi peri\u00f3dico? \u00a1No imaginaba que me enfrentar\u00eda a un viaje tan superrat\u00f3nico!\u00bb<\/p>\n","protected":false},"excerpt":{"rendered":"<p>STILTON, GERONIMO<\/p>\n","protected":false},"featured_media":233422,"template":"","meta":{"_acf_changed":false,"om_disable_all_campaigns":false,"rs_blank_template":"","rs_page_bg_color":"","slide_template_v7":"","inline_featured_image":false,"_monsterinsights_skip_tracking":false,"_monsterinsights_sitenote_active":false,"_monsterinsights_sitenote_note":"","_monsterinsights_sitenote_category":0},"product_brand":[],"product_cat":[86],"product_tag":[],"class_list":{"0":"post-233421","1":"product","2":"type-product","3":"status-publish","4":"has-post-thumbnail","6":"product_cat-infantil","8":"first","9":"instock","10":"taxable","11":"shipping-taxable","12":"purchasable","13":"product-type-simple"},"acf":{"autor":"STILTON, GERONIMO","codart":"840815253","libros-coleccion":"","ediciones":"1","encuadernacion":"R\u00fastica","fecha_de_publicacion":"30\/05\/2016","novedad":"0","paginas":"128","subtitulo":"GERONIMO STILTON 46","orden":"999","portada":"0","idioma":"spa","editorial":[{"ID":6182,"post_author":"3","post_date":"2022-07-28 17:46:40","post_date_gmt":"2022-07-28 15:46:40","post_content":"","post_title":"DESTINO, S.L.","post_excerpt":"","post_status":"publish","comment_status":"closed","ping_status":"closed","post_password":"","post_name":"destino-s-l","to_ping":"","pinged":"","post_modified":"2022-07-28 17:46:40","post_modified_gmt":"2022-07-28 15:46:40","post_content_filtered":"","post_parent":0,"guid":"http:\/\/dev.claret.cat\/editorial\/destino-s-l\/","menu_order":0,"post_type":"editorial","post_mime_type":"","comment_count":"0","filter":"raw"}],"autores-libros":[{"ID":5510,"post_author":"3","post_date":"2022-07-28 17:25:32","post_date_gmt":"2022-07-28 15:25:32","post_content":"","post_title":"GERONIMO STILTON","post_excerpt":"","post_status":"publish","comment_status":"closed","ping_status":"closed","post_password":"","post_name":"geronimo-stilton","to_ping":"","pinged":"","post_modified":"2022-07-28 17:25:32","post_modified_gmt":"2022-07-28 15:25:32","post_content_filtered":"","post_parent":0,"guid":"http:\/\/dev.claret.cat\/autor\/geronimo-stilton\/","menu_order":0,"post_type":"autor","post_mime_type":"","comment_count":"0","filter":"raw"}]},"aioseo_notices":[],"_links":{"self":[{"href":"https:\/\/www.claret.cat\/es\/wp-json\/wp\/v2\/product\/233421","targetHints":{"allow":["GET"]}}],"collection":[{"href":"https:\/\/www.claret.cat\/es\/wp-json\/wp\/v2\/product"}],"about":[{"href":"https:\/\/www.claret.cat\/es\/wp-json\/wp\/v2\/types\/product"}],"wp:featuredmedia":[{"embeddable":true,"href":"https:\/\/www.claret.cat\/es\/wp-json\/wp\/v2\/media\/233422"}],"wp:attachment":[{"href":"https:\/\/www.claret.cat\/es\/wp-json\/wp\/v2\/media?parent=233421"}],"wp:term":[{"taxonomy":"product_brand","embeddable":true,"href":"https:\/\/www.claret.cat\/es\/wp-json\/wp\/v2\/product_brand?post=233421"},{"taxonomy":"product_cat","embeddable":true,"href":"https:\/\/www.claret.cat\/es\/wp-json\/wp\/v2\/product_cat?post=233421"},{"taxonomy":"product_tag","embeddable":true,"href":"https:\/\/www.claret.cat\/es\/wp-json\/wp\/v2\/product_tag?post=233421"}],"curies":[{"name":"wp","href":"https:\/\/api.w.org\/{rel}","templated":true}]}}