{"id":23344,"date":"2022-10-02T10:01:39","date_gmt":"2022-10-02T08:01:39","guid":{"rendered":"http:\/\/dev.claret.cat\/producte\/parabola\/"},"modified":"2026-04-02T16:41:02","modified_gmt":"2026-04-02T14:41:02","slug":"parabola-9788471518095","status":"publish","type":"product","link":"https:\/\/www.claret.cat\/es\/libro\/parabola-9788471518095\/","title":{"rendered":"PARABOLA"},"content":{"rendered":"<p>Las par\u00e1bolas, unas cuarenta, ocupan un lugar considerable en los evangelios sin\u00f3pticos. Las par\u00e1bolas del evangelio se arraigan en el terreno de la tradici\u00f3n jud\u00eda y , al mismo tiempo, se apartan de ella. En apariencia son f\u00e1ciles de comprender pero, sin embargo, contienen un enigma que hace necesario un int\u00e9rprete para entenderlas.<\/p>\n","protected":false},"excerpt":{"rendered":"<p>MARGUERAT, DANIEL<\/p>\n","protected":false},"featured_media":371711,"template":"","meta":{"_acf_changed":false,"om_disable_all_campaigns":false,"rs_blank_template":"","rs_page_bg_color":"","slide_template_v7":"","inline_featured_image":false,"_monsterinsights_skip_tracking":false,"_monsterinsights_sitenote_active":false,"_monsterinsights_sitenote_note":"","_monsterinsights_sitenote_category":0},"product_brand":[],"product_cat":[75,341],"product_tag":[],"class_list":{"0":"post-23344","1":"product","2":"type-product","3":"status-publish","4":"has-post-thumbnail","6":"product_cat-biblia","7":"product_cat-biblia-es","9":"first","10":"instock","11":"taxable","12":"shipping-taxable","13":"purchasable","14":"product-type-simple"},"acf":{"autor":"MARGUERAT, DANIEL","codart":"847151809","libros-coleccion":"CUADERNOS BIBLICOS","ediciones":"1","encuadernacion":"[Vac\u00edo]","fecha_de_publicacion":"01\/02\/1992","novedad":"0","paginas":"66","subtitulo":"","orden":"999","portada":"0","idioma":"spa","editorial":[{"ID":6390,"post_author":"3","post_date":"2022-07-28 17:51:08","post_date_gmt":"2022-07-28 15:51:08","post_content":"","post_title":"VERBO DIVINO","post_excerpt":"","post_status":"publish","comment_status":"closed","ping_status":"closed","post_password":"","post_name":"verbo-divino","to_ping":"","pinged":"","post_modified":"2022-07-28 17:51:08","post_modified_gmt":"2022-07-28 15:51:08","post_content_filtered":"","post_parent":0,"guid":"http:\/\/dev.claret.cat\/editorial\/verbo-divino\/","menu_order":0,"post_type":"editorial","post_mime_type":"","comment_count":"0","filter":"raw"}],"autores-libros":[{"ID":5378,"post_author":"3","post_date":"2022-07-28 17:22:41","post_date_gmt":"2022-07-28 15:22:41","post_content":"","post_title":"DANIEL MARGUERAT","post_excerpt":"","post_status":"publish","comment_status":"closed","ping_status":"closed","post_password":"","post_name":"daniel-marguerat","to_ping":"","pinged":"","post_modified":"2022-07-28 17:22:41","post_modified_gmt":"2022-07-28 15:22:41","post_content_filtered":"","post_parent":0,"guid":"http:\/\/dev.claret.cat\/autor\/daniel-marguerat\/","menu_order":0,"post_type":"autor","post_mime_type":"","comment_count":"0","filter":"raw"}],"booktrailer":"","resenas":""},"aioseo_notices":[],"_links":{"self":[{"href":"https:\/\/www.claret.cat\/es\/wp-json\/wp\/v2\/product\/23344","targetHints":{"allow":["GET"]}}],"collection":[{"href":"https:\/\/www.claret.cat\/es\/wp-json\/wp\/v2\/product"}],"about":[{"href":"https:\/\/www.claret.cat\/es\/wp-json\/wp\/v2\/types\/product"}],"wp:featuredmedia":[{"embeddable":true,"href":"https:\/\/www.claret.cat\/es\/wp-json\/wp\/v2\/media\/371711"}],"wp:attachment":[{"href":"https:\/\/www.claret.cat\/es\/wp-json\/wp\/v2\/media?parent=23344"}],"wp:term":[{"taxonomy":"product_brand","embeddable":true,"href":"https:\/\/www.claret.cat\/es\/wp-json\/wp\/v2\/product_brand?post=23344"},{"taxonomy":"product_cat","embeddable":true,"href":"https:\/\/www.claret.cat\/es\/wp-json\/wp\/v2\/product_cat?post=23344"},{"taxonomy":"product_tag","embeddable":true,"href":"https:\/\/www.claret.cat\/es\/wp-json\/wp\/v2\/product_tag?post=23344"}],"curies":[{"name":"wp","href":"https:\/\/api.w.org\/{rel}","templated":true}]}}