{"id":233541,"date":"2022-10-20T20:56:33","date_gmt":"2022-10-20T18:56:33","guid":{"rendered":"http:\/\/dev.claret.cat\/producte\/excursions-amb-nens-per-lalt-ter-des-duna-area-de-picnic\/"},"modified":"2023-01-28T19:41:26","modified_gmt":"2023-01-28T18:41:26","slug":"excursions-amb-nens-per-lalt-ter-des-duna-area-de-picnic-9788490344590","status":"publish","type":"product","link":"https:\/\/www.claret.cat\/es\/libro\/excursions-amb-nens-per-lalt-ter-des-duna-area-de-picnic-9788490344590\/","title":{"rendered":"EXCURSIONS AMB NENS PER L&#8221;ALT TER DES D&#8221;UNA \u00c0REA DE P\u00cdCNIC"},"content":{"rendered":"<p>Excursions amb nens per l&#8221;Alt Ter des d&#8221;una \u00e0rea de p\u00edcnic \u00e9s una guia f\u00e0cil i entenedora, que recull 12 itineraris per Osona i el Ripoll\u00e8s per fer a peu i en BTT, assequible per a totes les condicions f\u00edsiques i edats, especialment indicada per fer en fam\u00edlia. Amb aquest llibre podreu pedalar fins al gorg embruixat de Malatosca seguint l&#8221;antiga ruta del ferro i el carb\u00f3, anar a la recerca dels follets al bosc encantat del Sitjar, seguir els passos dels romans a la Via Annia, grimpar fins a l&#8221;ermita de Sant Antoni per gaudir de les panor\u00e0miques sobre la vall de Camprodon, rastrejar els animalons als prats que porten cap al Puigmal o seure a la cadira des d&#8221;on el general carl\u00ed Josep Galceran observava les seves tropes (i les de l&#8221;enemic) a la vall de Merl\u00e8s.<\/p>\n","protected":false},"excerpt":{"rendered":"<p>VASTENAVOND, BARBARA \/ SERVENT, RAFAEL<\/p>\n","protected":false},"featured_media":320074,"template":"","meta":{"_acf_changed":false,"om_disable_all_campaigns":false,"rs_blank_template":"","rs_page_bg_color":"","slide_template_v7":"","inline_featured_image":false,"_monsterinsights_skip_tracking":false,"_monsterinsights_sitenote_active":false,"_monsterinsights_sitenote_note":"","_monsterinsights_sitenote_category":0},"product_brand":[],"product_cat":[557,107],"product_tag":[],"class_list":{"0":"post-233541","1":"product","2":"type-product","3":"status-publish","4":"has-post-thumbnail","6":"product_cat-guias-de-viaje","7":"product_cat-guies-de-viatge","9":"first","10":"instock","11":"taxable","12":"shipping-taxable","13":"purchasable","14":"product-type-simple"},"acf":{"autor":"VASTENAVOND, BARBARA \/ SERVENT, RAFAEL","codart":"849034459","libros-coleccion":"","ediciones":"1","encuadernacion":"R\u00fastica","fecha_de_publicacion":"26\/05\/2016","novedad":"0","paginas":"59","subtitulo":"","orden":"999","portada":"0","idioma":"cat","editorial":[{"ID":6171,"post_author":"3","post_date":"2022-07-28 17:46:25","post_date_gmt":"2022-07-28 15:46:25","post_content":"","post_title":"COSSETANIA EDICIONS","post_excerpt":"","post_status":"publish","comment_status":"closed","ping_status":"closed","post_password":"","post_name":"cossetania-edicions","to_ping":"","pinged":"","post_modified":"2022-07-28 17:46:25","post_modified_gmt":"2022-07-28 15:46:25","post_content_filtered":"","post_parent":0,"guid":"http:\/\/dev.claret.cat\/editorial\/cossetania-edicions\/","menu_order":0,"post_type":"editorial","post_mime_type":"","comment_count":"0","filter":"raw"}],"autores-libros":[{"ID":301250,"post_author":"3","post_date":"2022-12-16 02:48:08","post_date_gmt":"2022-12-16 01:48:08","post_content":"","post_title":"BARBARA VASTENAVOND","post_excerpt":"","post_status":"publish","comment_status":"closed","ping_status":"closed","post_password":"","post_name":"barbara-vastenavond","to_ping":"","pinged":"","post_modified":"2022-12-16 02:48:08","post_modified_gmt":"2022-12-16 01:48:08","post_content_filtered":"","post_parent":0,"guid":"http:\/\/dev.claret.cat\/autor\/barbara-vastenavond\/","menu_order":0,"post_type":"autor","post_mime_type":"","comment_count":"0","filter":"raw"},{"ID":319811,"post_author":"3","post_date":"2023-01-02 23:39:50","post_date_gmt":"2023-01-02 22:39:50","post_content":"","post_title":"RAFAEL SERVENT","post_excerpt":"","post_status":"publish","comment_status":"closed","ping_status":"closed","post_password":"","post_name":"rafael-servent","to_ping":"","pinged":"","post_modified":"2023-01-02 23:39:50","post_modified_gmt":"2023-01-02 22:39:50","post_content_filtered":"","post_parent":0,"guid":"https:\/\/www.claret.cat\/autor\/rafael-servent\/","menu_order":0,"post_type":"autor","post_mime_type":"","comment_count":"0","filter":"raw"}]},"aioseo_notices":[],"_links":{"self":[{"href":"https:\/\/www.claret.cat\/es\/wp-json\/wp\/v2\/product\/233541","targetHints":{"allow":["GET"]}}],"collection":[{"href":"https:\/\/www.claret.cat\/es\/wp-json\/wp\/v2\/product"}],"about":[{"href":"https:\/\/www.claret.cat\/es\/wp-json\/wp\/v2\/types\/product"}],"wp:featuredmedia":[{"embeddable":true,"href":"https:\/\/www.claret.cat\/es\/wp-json\/wp\/v2\/media\/320074"}],"wp:attachment":[{"href":"https:\/\/www.claret.cat\/es\/wp-json\/wp\/v2\/media?parent=233541"}],"wp:term":[{"taxonomy":"product_brand","embeddable":true,"href":"https:\/\/www.claret.cat\/es\/wp-json\/wp\/v2\/product_brand?post=233541"},{"taxonomy":"product_cat","embeddable":true,"href":"https:\/\/www.claret.cat\/es\/wp-json\/wp\/v2\/product_cat?post=233541"},{"taxonomy":"product_tag","embeddable":true,"href":"https:\/\/www.claret.cat\/es\/wp-json\/wp\/v2\/product_tag?post=233541"}],"curies":[{"name":"wp","href":"https:\/\/api.w.org\/{rel}","templated":true}]}}