{"id":233565,"date":"2022-10-20T20:57:10","date_gmt":"2022-10-20T18:57:10","guid":{"rendered":"http:\/\/dev.claret.cat\/producte\/cumbres-borrascosas-7\/"},"modified":"2023-01-28T15:40:48","modified_gmt":"2023-01-28T14:40:48","slug":"cumbres-borrascosas-9788490702413","status":"publish","type":"product","link":"https:\/\/www.claret.cat\/es\/libro\/cumbres-borrascosas-9788490702413\/","title":{"rendered":"CUMBRES BORRASCOSAS"},"content":{"rendered":"<p>Emily Bront\u00eb, segunda de las tres hermanas Bront\u00eb, hijas de un pastor protestante, public\u00f3 en 1846 un libro de poemas con el seud\u00f3nimo Ellis Bell y al a\u00f1o siguiente su \u00fanica novela, la inmortal Cumbres borrascosas.<br \/> La tr\u00e1gica historia de amor entre la apasionada Catherine y el atormentado Heathcliff , exp\u00f3sito adoptado por el padre de esta, es sin duda uno de los romances m\u00e1s inolvidables de la literatura de todos los tiempos.<br \/> Emily Br\u00f6nte (1818-1838) fue una extraordinaria exponente, junto con sus hermanas Charlotte y Anne, de la mejor literatura rom\u00e1ntica inglesa.<\/p>\n","protected":false},"excerpt":{"rendered":"<p>BRONTE, EMILY<\/p>\n","protected":false},"featured_media":233566,"template":"","meta":{"_acf_changed":false,"om_disable_all_campaigns":false,"rs_blank_template":"","rs_page_bg_color":"","slide_template_v7":"","inline_featured_image":false,"_monsterinsights_skip_tracking":false,"_monsterinsights_sitenote_active":false,"_monsterinsights_sitenote_note":"","_monsterinsights_sitenote_category":0},"product_brand":[],"product_cat":[87],"product_tag":[],"class_list":{"0":"post-233565","1":"product","2":"type-product","3":"status-publish","4":"has-post-thumbnail","6":"product_cat-literatura","8":"first","9":"instock","10":"taxable","11":"shipping-taxable","12":"purchasable","13":"product-type-simple"},"acf":{"autor":"BRONTE, EMILY","codart":"849070241","libros-coleccion":"","ediciones":"1","encuadernacion":"Carton\u00e9","fecha_de_publicacion":"24\/05\/2016","novedad":"0","paginas":"368","subtitulo":"","orden":"999","portada":"0","idioma":"spa","editorial":[{"ID":147506,"post_author":"3","post_date":"2022-10-14 11:51:06","post_date_gmt":"2022-10-14 09:51:06","post_content":"","post_title":"B EDICIONES","post_excerpt":"","post_status":"publish","comment_status":"closed","ping_status":"closed","post_password":"","post_name":"b-ediciones","to_ping":"","pinged":"","post_modified":"2022-10-14 11:51:06","post_modified_gmt":"2022-10-14 09:51:06","post_content_filtered":"","post_parent":0,"guid":"http:\/\/dev.claret.cat\/editorial\/b-ediciones\/","menu_order":0,"post_type":"editorial","post_mime_type":"","comment_count":"0","filter":"raw"}],"autores-libros":[{"ID":155005,"post_author":"3","post_date":"2022-10-14 15:09:24","post_date_gmt":"2022-10-14 13:09:24","post_content":"","post_title":"EMILY BRONTE","post_excerpt":"","post_status":"publish","comment_status":"closed","ping_status":"closed","post_password":"","post_name":"emily-bronte","to_ping":"","pinged":"","post_modified":"2022-10-14 15:09:24","post_modified_gmt":"2022-10-14 13:09:24","post_content_filtered":"","post_parent":0,"guid":"http:\/\/dev.claret.cat\/autor\/emily-bronte\/","menu_order":0,"post_type":"autor","post_mime_type":"","comment_count":"0","filter":"raw"}]},"aioseo_notices":[],"_links":{"self":[{"href":"https:\/\/www.claret.cat\/es\/wp-json\/wp\/v2\/product\/233565","targetHints":{"allow":["GET"]}}],"collection":[{"href":"https:\/\/www.claret.cat\/es\/wp-json\/wp\/v2\/product"}],"about":[{"href":"https:\/\/www.claret.cat\/es\/wp-json\/wp\/v2\/types\/product"}],"wp:featuredmedia":[{"embeddable":true,"href":"https:\/\/www.claret.cat\/es\/wp-json\/wp\/v2\/media\/233566"}],"wp:attachment":[{"href":"https:\/\/www.claret.cat\/es\/wp-json\/wp\/v2\/media?parent=233565"}],"wp:term":[{"taxonomy":"product_brand","embeddable":true,"href":"https:\/\/www.claret.cat\/es\/wp-json\/wp\/v2\/product_brand?post=233565"},{"taxonomy":"product_cat","embeddable":true,"href":"https:\/\/www.claret.cat\/es\/wp-json\/wp\/v2\/product_cat?post=233565"},{"taxonomy":"product_tag","embeddable":true,"href":"https:\/\/www.claret.cat\/es\/wp-json\/wp\/v2\/product_tag?post=233565"}],"curies":[{"name":"wp","href":"https:\/\/api.w.org\/{rel}","templated":true}]}}