{"id":233571,"date":"2022-10-20T20:57:19","date_gmt":"2022-10-20T18:57:19","guid":{"rendered":"http:\/\/dev.claret.cat\/producte\/sangre-en-el-tamesis\/"},"modified":"2023-01-28T01:45:48","modified_gmt":"2023-01-28T00:45:48","slug":"sangre-en-el-tamesis-9788466658751","status":"publish","type":"product","link":"https:\/\/www.claret.cat\/es\/libro\/sangre-en-el-tamesis-9788466658751\/","title":{"rendered":"SANGRE EN EL T\u00c1MESIS"},"content":{"rendered":"<p>Anne Perry nos lleva a ajetreada ribera del T\u00e1mesis, donde una tarde de verano William Monk, comandante de la Polic\u00eda Fluvial, presencia la horripilante explosi\u00f3n del barco de recreo Princess Mary, que provoca la muerte de los casi doscientos pasajeros que celebraban una fiesta a bordo.<br \/> La tragedia no es fruto de un accidente. Monk deber\u00eda encargarse del caso, pero la investigaci\u00f3n se le asigna al comisario de la Polic\u00eda Metropolitana. Enseguida atrapan a un egipcio, Habib Beshara, que es juzgado y sentenciado a muerte. Sin embargo, casi con la misma rapidez, Monk presenta pruebas de que, Beshara, aun siendo un canalla, estaba en otro lugar en el momento de la explosi\u00f3n. La investigaci\u00f3n, para entonces un desbarajuste absoluto, se pone a toda prisa en manos de Monk.<br \/> \u00bfGuarda el crimen relaci\u00f3n con la inminente apertura del Canal de Suez, que beneficiar\u00e1 enormemente a las navieras brit\u00e1nicas? \u00bfO todos esos inocentes se ahogaron para asegurar el asesinato de uno solo de ellos? \u00bfC\u00f3mo subi\u00f3 a bordo del barco el terrorista y c\u00f3mo consigui\u00f3 escapar? \u00bfSe trata de un anarquista o de un loco?<br \/> Con el apoyo de su perspicaz esposa Hester y de su viejo amigo Oliver Rathbone, Monk deber\u00e1 descubrir las respuestas, pese a que sus preguntas topar\u00e1n con el rechazo de una formidable variedad de personajes poderosos y privilegiados.<br \/> \u00abUna serie infaliblemente gratificante.\u00bb The New York Times Book Review<br \/> \u00abCautivador&hellip; uno de los libros m\u00e1s fascinantes de Anne Perry.\u00bb The Washington Times<br \/> \u00abUna novela intrincada y cargada de tensi\u00f3n&#8230; El Londres victoriano cobra vida.\u00bb BookPage<br \/> \u00abPersonajes que nos son familiares regresan para ayudar a resolver el misterio de este vig\u00e9simo relato protagonizado por William Monk. La trama combina elementos que permiten al lector ver y o\u00edr el Londres de la d\u00e9cada de 1850 [&#8230;] Resulta interesante observar que algunas cosas, como el soborno, la corrupci\u00f3n y el chantaje, nunca cambian.\u00bb RT Book Reviews<br \/> \u00abLa historia avanza a un ritmo trepidante hasta llegar a un muy sorprendente desenlace casi en la \u00faltima p\u00e1gina [&hellip;] He disfrutado enormemente con este libro y a\u00fan no he logrado sacarme la trama de la cabeza.\u00bbEuro Crime<\/p>\n","protected":false},"excerpt":{"rendered":"<p>PERRY, ANNE<\/p>\n","protected":false},"featured_media":233572,"template":"","meta":{"_acf_changed":false,"om_disable_all_campaigns":false,"rs_blank_template":"","rs_page_bg_color":"","slide_template_v7":"","inline_featured_image":false,"_monsterinsights_skip_tracking":false,"_monsterinsights_sitenote_active":false,"_monsterinsights_sitenote_note":"","_monsterinsights_sitenote_category":0},"product_brand":[],"product_cat":[87],"product_tag":[],"class_list":{"0":"post-233571","1":"product","2":"type-product","3":"status-publish","4":"has-post-thumbnail","6":"product_cat-literatura","8":"first","9":"instock","10":"taxable","11":"shipping-taxable","12":"purchasable","13":"product-type-simple"},"acf":{"autor":"PERRY, ANNE","codart":"846665875","libros-coleccion":"","ediciones":"1","encuadernacion":"R\u00fastica","fecha_de_publicacion":"24\/05\/2016","novedad":"0","paginas":"384","subtitulo":"SERIE WILLIAM MONK","orden":"999","portada":"0","idioma":"spa","editorial":[{"ID":147506,"post_author":"3","post_date":"2022-10-14 11:51:06","post_date_gmt":"2022-10-14 09:51:06","post_content":"","post_title":"B EDICIONES","post_excerpt":"","post_status":"publish","comment_status":"closed","ping_status":"closed","post_password":"","post_name":"b-ediciones","to_ping":"","pinged":"","post_modified":"2022-10-14 11:51:06","post_modified_gmt":"2022-10-14 09:51:06","post_content_filtered":"","post_parent":0,"guid":"http:\/\/dev.claret.cat\/editorial\/b-ediciones\/","menu_order":0,"post_type":"editorial","post_mime_type":"","comment_count":"0","filter":"raw"}],"autores-libros":[{"ID":150707,"post_author":"3","post_date":"2022-10-14 14:35:06","post_date_gmt":"2022-10-14 12:35:06","post_content":"","post_title":"ANNE PERRY","post_excerpt":"","post_status":"publish","comment_status":"closed","ping_status":"closed","post_password":"","post_name":"anne-perry","to_ping":"","pinged":"","post_modified":"2022-10-14 14:35:06","post_modified_gmt":"2022-10-14 12:35:06","post_content_filtered":"","post_parent":0,"guid":"http:\/\/dev.claret.cat\/autor\/anne-perry\/","menu_order":0,"post_type":"autor","post_mime_type":"","comment_count":"0","filter":"raw"}]},"aioseo_notices":[],"_links":{"self":[{"href":"https:\/\/www.claret.cat\/es\/wp-json\/wp\/v2\/product\/233571","targetHints":{"allow":["GET"]}}],"collection":[{"href":"https:\/\/www.claret.cat\/es\/wp-json\/wp\/v2\/product"}],"about":[{"href":"https:\/\/www.claret.cat\/es\/wp-json\/wp\/v2\/types\/product"}],"wp:featuredmedia":[{"embeddable":true,"href":"https:\/\/www.claret.cat\/es\/wp-json\/wp\/v2\/media\/233572"}],"wp:attachment":[{"href":"https:\/\/www.claret.cat\/es\/wp-json\/wp\/v2\/media?parent=233571"}],"wp:term":[{"taxonomy":"product_brand","embeddable":true,"href":"https:\/\/www.claret.cat\/es\/wp-json\/wp\/v2\/product_brand?post=233571"},{"taxonomy":"product_cat","embeddable":true,"href":"https:\/\/www.claret.cat\/es\/wp-json\/wp\/v2\/product_cat?post=233571"},{"taxonomy":"product_tag","embeddable":true,"href":"https:\/\/www.claret.cat\/es\/wp-json\/wp\/v2\/product_tag?post=233571"}],"curies":[{"name":"wp","href":"https:\/\/api.w.org\/{rel}","templated":true}]}}