{"id":233574,"date":"2022-10-20T20:57:23","date_gmt":"2022-10-20T18:57:23","guid":{"rendered":"http:\/\/dev.claret.cat\/producte\/batalla-por-los-millones-barks\/"},"modified":"2023-01-28T12:26:08","modified_gmt":"2023-01-28T11:26:08","slug":"batalla-por-los-millones-barks-9788466658966","status":"publish","type":"product","link":"https:\/\/www.claret.cat\/es\/libro\/batalla-por-los-millones-barks-9788466658966\/","title":{"rendered":"\u00a1BATALLA POR LOS MILLONES BARKS!"},"content":{"rendered":"<p>Ir en busca de un tesoro puede ser una aventura apasionante. Pero si la organiza Montgomery Burns, las opciones de que el multimillonario haga trampas para quedarse con el tesoro son muchas&hellip; \u00a1Y si el equipo est\u00e1 compuesto por Homer Simpson y sus hijos, la diversi\u00f3n y el desastre est\u00e1n totalmente asegurados!<\/p>\n","protected":false},"excerpt":{"rendered":"<p>GROENING,MATT<\/p>\n","protected":false},"featured_media":233575,"template":"","meta":{"_acf_changed":false,"om_disable_all_campaigns":false,"rs_blank_template":"","rs_page_bg_color":"","slide_template_v7":"","inline_featured_image":false,"_monsterinsights_skip_tracking":false,"_monsterinsights_sitenote_active":false,"_monsterinsights_sitenote_note":"","_monsterinsights_sitenote_category":0},"product_brand":[],"product_cat":[108,86],"product_tag":[],"class_list":{"0":"post-233574","1":"product","2":"type-product","3":"status-publish","4":"has-post-thumbnail","6":"product_cat-comic","7":"product_cat-infantil","9":"first","10":"instock","11":"taxable","12":"shipping-taxable","13":"purchasable","14":"product-type-simple"},"acf":{"autor":"GROENING,MATT","codart":"846665896","libros-coleccion":"","ediciones":"1","encuadernacion":"Carton\u00e9","fecha_de_publicacion":"24\/05\/2016","novedad":"0","paginas":"48","subtitulo":"","orden":"999","portada":"0","idioma":"spa","editorial":[{"ID":147506,"post_author":"3","post_date":"2022-10-14 11:51:06","post_date_gmt":"2022-10-14 09:51:06","post_content":"","post_title":"B EDICIONES","post_excerpt":"","post_status":"publish","comment_status":"closed","ping_status":"closed","post_password":"","post_name":"b-ediciones","to_ping":"","pinged":"","post_modified":"2022-10-14 11:51:06","post_modified_gmt":"2022-10-14 09:51:06","post_content_filtered":"","post_parent":0,"guid":"http:\/\/dev.claret.cat\/editorial\/b-ediciones\/","menu_order":0,"post_type":"editorial","post_mime_type":"","comment_count":"0","filter":"raw"}]},"aioseo_notices":[],"_links":{"self":[{"href":"https:\/\/www.claret.cat\/es\/wp-json\/wp\/v2\/product\/233574","targetHints":{"allow":["GET"]}}],"collection":[{"href":"https:\/\/www.claret.cat\/es\/wp-json\/wp\/v2\/product"}],"about":[{"href":"https:\/\/www.claret.cat\/es\/wp-json\/wp\/v2\/types\/product"}],"wp:featuredmedia":[{"embeddable":true,"href":"https:\/\/www.claret.cat\/es\/wp-json\/wp\/v2\/media\/233575"}],"wp:attachment":[{"href":"https:\/\/www.claret.cat\/es\/wp-json\/wp\/v2\/media?parent=233574"}],"wp:term":[{"taxonomy":"product_brand","embeddable":true,"href":"https:\/\/www.claret.cat\/es\/wp-json\/wp\/v2\/product_brand?post=233574"},{"taxonomy":"product_cat","embeddable":true,"href":"https:\/\/www.claret.cat\/es\/wp-json\/wp\/v2\/product_cat?post=233574"},{"taxonomy":"product_tag","embeddable":true,"href":"https:\/\/www.claret.cat\/es\/wp-json\/wp\/v2\/product_tag?post=233574"}],"curies":[{"name":"wp","href":"https:\/\/api.w.org\/{rel}","templated":true}]}}