{"id":233580,"date":"2022-10-20T20:57:33","date_gmt":"2022-10-20T18:57:33","guid":{"rendered":"http:\/\/dev.claret.cat\/producte\/milan-y-los-lagos-de-cerca-3\/"},"modified":"2023-01-28T01:29:24","modified_gmt":"2023-01-28T00:29:24","slug":"milan-y-los-lagos-de-cerca-3-9788408148531","status":"publish","type":"product","link":"https:\/\/www.claret.cat\/es\/libro\/milan-y-los-lagos-de-cerca-3-9788408148531\/","title":{"rendered":"MIL\u00c1N Y LOS LAGOS DE CERCA 3"},"content":{"rendered":"<p>Mil\u00e1n es una metr\u00f3polis acelerada donde la creatividad es un gran negocio, dar una buena imagen es imprescindible y las copas despu\u00e9s del trabajo ?el aperitivo? son un arte. Pero tambi\u00e9n posee una historia y unos tesoros extraordinarios que el viajero podr\u00e1 conocer sin las habituales colas. El fin de semana se produce el \u00e9xodo urbano hacia las elegantes ciudades y los bellos jardines de los lagos italianos. Esta gu\u00eda de viaje a Mil\u00e1n y los Lagos proporciona toda la informaci\u00f3n, datos y consejos que necesita el viajero.<\/p>\n","protected":false},"excerpt":{"rendered":"<p>HARDY, PAULA<\/p>\n","protected":false},"featured_media":233581,"template":"","meta":{"_acf_changed":false,"om_disable_all_campaigns":false,"rs_blank_template":"","rs_page_bg_color":"","slide_template_v7":"","inline_featured_image":false,"_monsterinsights_skip_tracking":false,"_monsterinsights_sitenote_active":false,"_monsterinsights_sitenote_note":"","_monsterinsights_sitenote_category":0},"product_brand":[],"product_cat":[107],"product_tag":[],"class_list":{"0":"post-233580","1":"product","2":"type-product","3":"status-publish","4":"has-post-thumbnail","6":"product_cat-guies-de-viatge","8":"first","9":"instock","10":"taxable","11":"shipping-taxable","12":"purchasable","13":"product-type-simple"},"acf":{"autor":"HARDY, PAULA","codart":"840814853","libros-coleccion":"","ediciones":"1","encuadernacion":"R\u00fastica","fecha_de_publicacion":"23\/05\/2016","novedad":"0","paginas":"160","subtitulo":"","orden":"999","portada":"0","idioma":"spa","editorial":[{"ID":8244,"post_author":"3","post_date":"2022-09-30 09:21:26","post_date_gmt":"2022-09-30 07:21:26","post_content":"","post_title":"GEOPLANETA EDITORIAL","post_excerpt":"","post_status":"publish","comment_status":"closed","ping_status":"closed","post_password":"","post_name":"geoplaneta-editorial","to_ping":"","pinged":"","post_modified":"2022-09-30 09:21:26","post_modified_gmt":"2022-09-30 07:21:26","post_content_filtered":"","post_parent":0,"guid":"http:\/\/dev.claret.cat\/editorial\/geoplaneta-editorial\/","menu_order":0,"post_type":"editorial","post_mime_type":"","comment_count":"0","filter":"raw"}],"autores-libros":[{"ID":166779,"post_author":"3","post_date":"2022-10-14 18:05:59","post_date_gmt":"2022-10-14 16:05:59","post_content":"","post_title":"PAULA HARDY","post_excerpt":"","post_status":"publish","comment_status":"closed","ping_status":"closed","post_password":"","post_name":"paula-hardy","to_ping":"","pinged":"","post_modified":"2022-10-14 18:05:59","post_modified_gmt":"2022-10-14 16:05:59","post_content_filtered":"","post_parent":0,"guid":"http:\/\/dev.claret.cat\/autor\/paula-hardy\/","menu_order":0,"post_type":"autor","post_mime_type":"","comment_count":"0","filter":"raw"}]},"aioseo_notices":[],"_links":{"self":[{"href":"https:\/\/www.claret.cat\/es\/wp-json\/wp\/v2\/product\/233580","targetHints":{"allow":["GET"]}}],"collection":[{"href":"https:\/\/www.claret.cat\/es\/wp-json\/wp\/v2\/product"}],"about":[{"href":"https:\/\/www.claret.cat\/es\/wp-json\/wp\/v2\/types\/product"}],"wp:featuredmedia":[{"embeddable":true,"href":"https:\/\/www.claret.cat\/es\/wp-json\/wp\/v2\/media\/233581"}],"wp:attachment":[{"href":"https:\/\/www.claret.cat\/es\/wp-json\/wp\/v2\/media?parent=233580"}],"wp:term":[{"taxonomy":"product_brand","embeddable":true,"href":"https:\/\/www.claret.cat\/es\/wp-json\/wp\/v2\/product_brand?post=233580"},{"taxonomy":"product_cat","embeddable":true,"href":"https:\/\/www.claret.cat\/es\/wp-json\/wp\/v2\/product_cat?post=233580"},{"taxonomy":"product_tag","embeddable":true,"href":"https:\/\/www.claret.cat\/es\/wp-json\/wp\/v2\/product_tag?post=233580"}],"curies":[{"name":"wp","href":"https:\/\/api.w.org\/{rel}","templated":true}]}}