{"id":233583,"date":"2022-10-20T20:57:37","date_gmt":"2022-10-20T18:57:37","guid":{"rendered":"http:\/\/dev.claret.cat\/producte\/provenza-y-la-costa-azul-3\/"},"modified":"2023-01-28T18:44:52","modified_gmt":"2023-01-28T17:44:52","slug":"provenza-y-la-costa-azul-3-9788408148548","status":"publish","type":"product","link":"https:\/\/www.claret.cat\/es\/libro\/provenza-y-la-costa-azul-3-9788408148548\/","title":{"rendered":"PROVENZA Y LA COSTA AZUL 3"},"content":{"rendered":"<p>En la Provenza y la Costa Azul est\u00e1 la esencia de Francia: en las carreteras junto a los acantilados, en las playas llenas de ba\u00f1istas o en los mercados repletos de exquisiteces. Es una regi\u00f3n sofisticada, c\u00e1lida e irresistible y un lugar perfecto para buscar paisajes buc\u00f3licos, enclaves llenos de historia o simplemente dedicarse a disfrutar de una gastronom\u00eda deliciosa.<br \/> Con esta gu\u00eda de viaje a Provenza y la Costa Azul, los viajeros no se perder\u00e1n nada y disfrutar\u00e1n al m\u00e1ximo de esta regi\u00f3n.<br \/> Incluye:.Infograf\u00eda en 3D del casino de Monte Carlo..Cap\u00edtulo especial dedicado a la gastronom\u00eda..Cap\u00edtulo dedicado a los grandes pintores que vivieron en la Provenza.<\/p>\n","protected":false},"excerpt":{"rendered":"<p>AVERBUCK, ALEXIS \/ BERRY, OLIVER \/ WILLIAMS, NICOLA<\/p>\n","protected":false},"featured_media":233584,"template":"","meta":{"_acf_changed":false,"om_disable_all_campaigns":false,"rs_blank_template":"","rs_page_bg_color":"","slide_template_v7":"","inline_featured_image":false,"_monsterinsights_skip_tracking":false,"_monsterinsights_sitenote_active":false,"_monsterinsights_sitenote_note":"","_monsterinsights_sitenote_category":0},"product_brand":[],"product_cat":[107],"product_tag":[],"class_list":{"0":"post-233583","1":"product","2":"type-product","3":"status-publish","4":"has-post-thumbnail","6":"product_cat-guies-de-viatge","8":"first","9":"instock","10":"taxable","11":"shipping-taxable","12":"purchasable","13":"product-type-simple"},"acf":{"autor":"AVERBUCK, ALEXIS \/ BERRY, OLIVER \/ WILLIAMS, NICOLA","codart":"840814854","libros-coleccion":"","ediciones":"1","encuadernacion":"R\u00fastica","fecha_de_publicacion":"23\/05\/2016","novedad":"0","paginas":"336","subtitulo":"","orden":"999","portada":"0","idioma":"spa","editorial":[{"ID":8244,"post_author":"3","post_date":"2022-09-30 09:21:26","post_date_gmt":"2022-09-30 07:21:26","post_content":"","post_title":"GEOPLANETA EDITORIAL","post_excerpt":"","post_status":"publish","comment_status":"closed","ping_status":"closed","post_password":"","post_name":"geoplaneta-editorial","to_ping":"","pinged":"","post_modified":"2022-09-30 09:21:26","post_modified_gmt":"2022-09-30 07:21:26","post_content_filtered":"","post_parent":0,"guid":"http:\/\/dev.claret.cat\/editorial\/geoplaneta-editorial\/","menu_order":0,"post_type":"editorial","post_mime_type":"","comment_count":"0","filter":"raw"}],"autores-libros":[{"ID":149724,"post_author":"3","post_date":"2022-10-14 14:27:12","post_date_gmt":"2022-10-14 12:27:12","post_content":"","post_title":"ALEXIS AVERBUCK","post_excerpt":"","post_status":"publish","comment_status":"closed","ping_status":"closed","post_password":"","post_name":"alexis-averbuck","to_ping":"","pinged":"","post_modified":"2022-10-14 14:27:12","post_modified_gmt":"2022-10-14 12:27:12","post_content_filtered":"","post_parent":0,"guid":"http:\/\/dev.claret.cat\/autor\/alexis-averbuck\/","menu_order":0,"post_type":"autor","post_mime_type":"","comment_count":"0","filter":"raw"},{"ID":165817,"post_author":"3","post_date":"2022-10-14 17:58:11","post_date_gmt":"2022-10-14 15:58:11","post_content":"","post_title":"NICOLA WILLIAMS","post_excerpt":"","post_status":"publish","comment_status":"closed","ping_status":"closed","post_password":"","post_name":"nicola-williams","to_ping":"","pinged":"","post_modified":"2022-10-14 17:58:11","post_modified_gmt":"2022-10-14 15:58:11","post_content_filtered":"","post_parent":0,"guid":"http:\/\/dev.claret.cat\/autor\/nicola-williams\/","menu_order":0,"post_type":"autor","post_mime_type":"","comment_count":"0","filter":"raw"},{"ID":166168,"post_author":"3","post_date":"2022-10-14 18:00:58","post_date_gmt":"2022-10-14 16:00:58","post_content":"","post_title":"OLIVER BERRY","post_excerpt":"","post_status":"publish","comment_status":"closed","ping_status":"closed","post_password":"","post_name":"oliver-berry","to_ping":"","pinged":"","post_modified":"2022-10-14 18:00:58","post_modified_gmt":"2022-10-14 16:00:58","post_content_filtered":"","post_parent":0,"guid":"http:\/\/dev.claret.cat\/autor\/oliver-berry\/","menu_order":0,"post_type":"autor","post_mime_type":"","comment_count":"0","filter":"raw"}]},"aioseo_notices":[],"_links":{"self":[{"href":"https:\/\/www.claret.cat\/es\/wp-json\/wp\/v2\/product\/233583","targetHints":{"allow":["GET"]}}],"collection":[{"href":"https:\/\/www.claret.cat\/es\/wp-json\/wp\/v2\/product"}],"about":[{"href":"https:\/\/www.claret.cat\/es\/wp-json\/wp\/v2\/types\/product"}],"wp:featuredmedia":[{"embeddable":true,"href":"https:\/\/www.claret.cat\/es\/wp-json\/wp\/v2\/media\/233584"}],"wp:attachment":[{"href":"https:\/\/www.claret.cat\/es\/wp-json\/wp\/v2\/media?parent=233583"}],"wp:term":[{"taxonomy":"product_brand","embeddable":true,"href":"https:\/\/www.claret.cat\/es\/wp-json\/wp\/v2\/product_brand?post=233583"},{"taxonomy":"product_cat","embeddable":true,"href":"https:\/\/www.claret.cat\/es\/wp-json\/wp\/v2\/product_cat?post=233583"},{"taxonomy":"product_tag","embeddable":true,"href":"https:\/\/www.claret.cat\/es\/wp-json\/wp\/v2\/product_tag?post=233583"}],"curies":[{"name":"wp","href":"https:\/\/api.w.org\/{rel}","templated":true}]}}