{"id":233592,"date":"2022-10-20T20:57:51","date_gmt":"2022-10-20T18:57:51","guid":{"rendered":"http:\/\/dev.claret.cat\/producte\/canarias-2\/"},"modified":"2023-01-28T19:36:48","modified_gmt":"2023-01-28T18:36:48","slug":"canarias-2-9788408148470","status":"publish","type":"product","link":"https:\/\/www.claret.cat\/es\/libro\/canarias-2-9788408148470\/","title":{"rendered":"CANARIAS 2"},"content":{"rendered":"<p>En esta completa y renovada gu\u00eda de Canarias el viajero encontrar\u00e1 todo lo necesario para descubrir y disfrutar de las islas. Los paisajes son espectaculares, con emergentes volcanes, yacimientos prehist\u00f3ricos, frondosos bosques de pinos, calas arenosas y kil\u00f3metros de dunas. En Canarias hay otro mundo m\u00e1s all\u00e1 de los complejos tur\u00edsticos.<br \/> Incluye:.Gu\u00eda de actividades al aire libre..Itinerarios por las islas..Cap\u00edtulo sobre el entorno natural y los volcanes..Arte y cultura de Canarias.<\/p>\n","protected":false},"excerpt":{"rendered":"<p>QUINTERO, JOSEPHINE \/ CORNE, LUCY<\/p>\n","protected":false},"featured_media":233593,"template":"","meta":{"_acf_changed":false,"om_disable_all_campaigns":false,"rs_blank_template":"","rs_page_bg_color":"","slide_template_v7":"","inline_featured_image":false,"_monsterinsights_skip_tracking":false,"_monsterinsights_sitenote_active":false,"_monsterinsights_sitenote_note":"","_monsterinsights_sitenote_category":0},"product_brand":[],"product_cat":[107],"product_tag":[],"class_list":{"0":"post-233592","1":"product","2":"type-product","3":"status-publish","4":"has-post-thumbnail","6":"product_cat-guies-de-viatge","8":"first","9":"instock","10":"taxable","11":"shipping-taxable","12":"purchasable","13":"product-type-simple"},"acf":{"autor":"QUINTERO, JOSEPHINE \/ CORNE, LUCY","codart":"840814847","libros-coleccion":"","ediciones":"1","encuadernacion":"R\u00fastica","fecha_de_publicacion":"23\/05\/2016","novedad":"0","paginas":"288","subtitulo":"","orden":"999","portada":"0","idioma":"spa","editorial":[{"ID":8244,"post_author":"3","post_date":"2022-09-30 09:21:26","post_date_gmt":"2022-09-30 07:21:26","post_content":"","post_title":"GEOPLANETA EDITORIAL","post_excerpt":"","post_status":"publish","comment_status":"closed","ping_status":"closed","post_password":"","post_name":"geoplaneta-editorial","to_ping":"","pinged":"","post_modified":"2022-09-30 09:21:26","post_modified_gmt":"2022-09-30 07:21:26","post_content_filtered":"","post_parent":0,"guid":"http:\/\/dev.claret.cat\/editorial\/geoplaneta-editorial\/","menu_order":0,"post_type":"editorial","post_mime_type":"","comment_count":"0","filter":"raw"}],"autores-libros":[{"ID":162624,"post_author":"3","post_date":"2022-10-14 17:32:30","post_date_gmt":"2022-10-14 15:32:30","post_content":"","post_title":"LUCY CORNE","post_excerpt":"","post_status":"publish","comment_status":"closed","ping_status":"closed","post_password":"","post_name":"lucy-corne","to_ping":"","pinged":"","post_modified":"2022-10-14 17:32:30","post_modified_gmt":"2022-10-14 15:32:30","post_content_filtered":"","post_parent":0,"guid":"http:\/\/dev.claret.cat\/autor\/lucy-corne\/","menu_order":0,"post_type":"autor","post_mime_type":"","comment_count":"0","filter":"raw"},{"ID":160878,"post_author":"3","post_date":"2022-10-14 15:56:36","post_date_gmt":"2022-10-14 13:56:36","post_content":"","post_title":"JOSEPHINE QUINTERO","post_excerpt":"","post_status":"publish","comment_status":"closed","ping_status":"closed","post_password":"","post_name":"josephine-quintero","to_ping":"","pinged":"","post_modified":"2022-10-14 15:56:36","post_modified_gmt":"2022-10-14 13:56:36","post_content_filtered":"","post_parent":0,"guid":"http:\/\/dev.claret.cat\/autor\/josephine-quintero\/","menu_order":0,"post_type":"autor","post_mime_type":"","comment_count":"0","filter":"raw"}]},"aioseo_notices":[],"_links":{"self":[{"href":"https:\/\/www.claret.cat\/es\/wp-json\/wp\/v2\/product\/233592","targetHints":{"allow":["GET"]}}],"collection":[{"href":"https:\/\/www.claret.cat\/es\/wp-json\/wp\/v2\/product"}],"about":[{"href":"https:\/\/www.claret.cat\/es\/wp-json\/wp\/v2\/types\/product"}],"wp:featuredmedia":[{"embeddable":true,"href":"https:\/\/www.claret.cat\/es\/wp-json\/wp\/v2\/media\/233593"}],"wp:attachment":[{"href":"https:\/\/www.claret.cat\/es\/wp-json\/wp\/v2\/media?parent=233592"}],"wp:term":[{"taxonomy":"product_brand","embeddable":true,"href":"https:\/\/www.claret.cat\/es\/wp-json\/wp\/v2\/product_brand?post=233592"},{"taxonomy":"product_cat","embeddable":true,"href":"https:\/\/www.claret.cat\/es\/wp-json\/wp\/v2\/product_cat?post=233592"},{"taxonomy":"product_tag","embeddable":true,"href":"https:\/\/www.claret.cat\/es\/wp-json\/wp\/v2\/product_tag?post=233592"}],"curies":[{"name":"wp","href":"https:\/\/api.w.org\/{rel}","templated":true}]}}