{"id":233595,"date":"2022-10-20T20:57:56","date_gmt":"2022-10-20T18:57:56","guid":{"rendered":"http:\/\/dev.claret.cat\/producte\/santa-teresa-y-los-agustinos\/"},"modified":"2024-05-23T09:04:00","modified_gmt":"2024-05-23T07:04:00","slug":"santa-teresa-y-los-agustinos-9788483537695","status":"publish","type":"product","link":"https:\/\/www.claret.cat\/es\/libro\/santa-teresa-y-los-agustinos-9788483537695\/","title":{"rendered":"SANTA TERESA Y LOS AGUSTINOS"},"content":{"rendered":"","protected":false},"excerpt":{"rendered":"<p>CANCELO GARC\u00cdA, JOS\u00c9 LUIS<\/p>\n","protected":false},"featured_media":357607,"template":"","meta":{"_acf_changed":false,"om_disable_all_campaigns":false,"rs_blank_template":"","rs_page_bg_color":"","slide_template_v7":"","inline_featured_image":false,"_monsterinsights_skip_tracking":false,"_monsterinsights_sitenote_active":false,"_monsterinsights_sitenote_note":"","_monsterinsights_sitenote_category":0},"product_brand":[],"product_cat":[90,540],"product_tag":[],"class_list":{"0":"post-233595","1":"product","2":"type-product","3":"status-publish","4":"has-post-thumbnail","6":"product_cat-altres","7":"product_cat-otros","9":"first","10":"instock","11":"taxable","12":"shipping-taxable","13":"purchasable","14":"product-type-simple"},"acf":{"autor":"CANCELO GARC\u00cdA, JOS\u00c9 LUIS","codart":"848353769","libros-coleccion":"","ediciones":"1","encuadernacion":"R\u00fastica","fecha_de_publicacion":"23\/05\/2016","novedad":"0","paginas":"210","subtitulo":"EL AGUSTINISMO  DE SANTA TERESA Y LA DEFENSA AGUSTINIANA DEL ESP\u00cdRITU TERESIANO","orden":"999","portada":"0","idioma":"spa","editorial":[{"ID":6309,"post_author":"3","post_date":"2022-07-28 17:49:25","post_date_gmt":"2022-07-28 15:49:25","post_content":"","post_title":"Monte Carmelo","post_excerpt":"","post_status":"publish","comment_status":"closed","ping_status":"closed","post_password":"","post_name":"monte-carmelo","to_ping":"","pinged":"","post_modified":"2022-07-28 17:49:25","post_modified_gmt":"2022-07-28 15:49:25","post_content_filtered":"","post_parent":0,"guid":"http:\/\/dev.claret.cat\/editorial\/monte-carmelo\/","menu_order":0,"post_type":"editorial","post_mime_type":"","comment_count":"0","filter":"raw"}],"autores-libros":[{"ID":160314,"post_author":"3","post_date":"2022-10-14 15:52:04","post_date_gmt":"2022-10-14 13:52:04","post_content":"","post_title":"JOS\u00c9 LUIS CANCELO GARC\u00cdA","post_excerpt":"","post_status":"publish","comment_status":"closed","ping_status":"closed","post_password":"","post_name":"jose-luis-cancelo-garcia","to_ping":"","pinged":"","post_modified":"2022-10-14 15:52:04","post_modified_gmt":"2022-10-14 13:52:04","post_content_filtered":"","post_parent":0,"guid":"http:\/\/dev.claret.cat\/autor\/jose-luis-cancelo-garcia\/","menu_order":0,"post_type":"autor","post_mime_type":"","comment_count":"0","filter":"raw"}]},"aioseo_notices":[],"_links":{"self":[{"href":"https:\/\/www.claret.cat\/es\/wp-json\/wp\/v2\/product\/233595","targetHints":{"allow":["GET"]}}],"collection":[{"href":"https:\/\/www.claret.cat\/es\/wp-json\/wp\/v2\/product"}],"about":[{"href":"https:\/\/www.claret.cat\/es\/wp-json\/wp\/v2\/types\/product"}],"wp:featuredmedia":[{"embeddable":true,"href":"https:\/\/www.claret.cat\/es\/wp-json\/wp\/v2\/media\/357607"}],"wp:attachment":[{"href":"https:\/\/www.claret.cat\/es\/wp-json\/wp\/v2\/media?parent=233595"}],"wp:term":[{"taxonomy":"product_brand","embeddable":true,"href":"https:\/\/www.claret.cat\/es\/wp-json\/wp\/v2\/product_brand?post=233595"},{"taxonomy":"product_cat","embeddable":true,"href":"https:\/\/www.claret.cat\/es\/wp-json\/wp\/v2\/product_cat?post=233595"},{"taxonomy":"product_tag","embeddable":true,"href":"https:\/\/www.claret.cat\/es\/wp-json\/wp\/v2\/product_tag?post=233595"}],"curies":[{"name":"wp","href":"https:\/\/api.w.org\/{rel}","templated":true}]}}