{"id":233604,"date":"2022-10-20T20:58:09","date_gmt":"2022-10-20T18:58:09","guid":{"rendered":"http:\/\/dev.claret.cat\/producte\/mauthausen\/"},"modified":"2023-01-28T12:05:29","modified_gmt":"2023-01-28T11:05:29","slug":"mauthausen-9788498929171","status":"publish","type":"product","link":"https:\/\/www.claret.cat\/es\/libro\/mauthausen-9788498929171\/","title":{"rendered":"MAUTHAUSEN"},"content":{"rendered":"<p>Tras luchar en el bando republicano durante la Guerra Civil espa\u00f1ola, Alfonso Maeso Huerta se exilia en Francia. Con el estallido de la Segunda Guerra Mundial, muchos espa\u00f1oles se unen a las filas francesas; pero el avance nazi tira por tierra la lucha antifascista y supone la captura de un sinn\u00famero de prisioneros cuyo destino final son los campos de exterminio. Maeso vivir\u00e1 a\u00f1os terribles en Mauthausen. Este libro supone un homenaje a sus compa\u00f1eros en la desgracia y la catarsis de unos recuerdos que le han acompa\u00f1ado toda la vida. Hombres enfermos que suben ciento ochenta y seis escalones, sombras que acarrean piedras en la cantera de Wiener Graben, hambre y condiciones infrahumanas: sucedi\u00f3 en Mauthausen. Ignacio Mata Maeso elabora su relato a partir de la dura e inolvidable experiencia de su t\u00edo abuelo.<\/p>\n","protected":false},"excerpt":{"rendered":"<p>MATA MAESO, IGNACIO<\/p>\n","protected":false},"featured_media":233605,"template":"","meta":{"_acf_changed":false,"om_disable_all_campaigns":false,"rs_blank_template":"","rs_page_bg_color":"","slide_template_v7":"","inline_featured_image":false,"_monsterinsights_skip_tracking":false,"_monsterinsights_sitenote_active":false,"_monsterinsights_sitenote_note":"","_monsterinsights_sitenote_category":0},"product_brand":[],"product_cat":[85],"product_tag":[],"class_list":{"0":"post-233604","1":"product","2":"type-product","3":"status-publish","4":"has-post-thumbnail","6":"product_cat-historia","8":"first","9":"instock","10":"taxable","11":"shipping-taxable","12":"purchasable","13":"product-type-simple"},"acf":{"autor":"MATA MAESO, IGNACIO","codart":"849892917","libros-coleccion":"","ediciones":"1","encuadernacion":"R\u00fastica","fecha_de_publicacion":"23\/05\/2016","novedad":"0","paginas":"126","subtitulo":"MEMORIAS DE ALFONSO MAESO, UN REPUBLICANO ESPA\u00d1OL EN EL HOLOCAUSTO","orden":"999","portada":"0","idioma":"spa","editorial":[{"ID":147952,"post_author":"3","post_date":"2022-10-14 11:54:29","post_date_gmt":"2022-10-14 09:54:29","post_content":"","post_title":"EDITORIAL CRITICA","post_excerpt":"","post_status":"publish","comment_status":"closed","ping_status":"closed","post_password":"","post_name":"editorial-critica","to_ping":"","pinged":"","post_modified":"2022-10-14 11:54:29","post_modified_gmt":"2022-10-14 09:54:29","post_content_filtered":"","post_parent":0,"guid":"http:\/\/dev.claret.cat\/editorial\/editorial-critica\/","menu_order":0,"post_type":"editorial","post_mime_type":"","comment_count":"0","filter":"raw"}]},"aioseo_notices":[],"_links":{"self":[{"href":"https:\/\/www.claret.cat\/es\/wp-json\/wp\/v2\/product\/233604","targetHints":{"allow":["GET"]}}],"collection":[{"href":"https:\/\/www.claret.cat\/es\/wp-json\/wp\/v2\/product"}],"about":[{"href":"https:\/\/www.claret.cat\/es\/wp-json\/wp\/v2\/types\/product"}],"wp:featuredmedia":[{"embeddable":true,"href":"https:\/\/www.claret.cat\/es\/wp-json\/wp\/v2\/media\/233605"}],"wp:attachment":[{"href":"https:\/\/www.claret.cat\/es\/wp-json\/wp\/v2\/media?parent=233604"}],"wp:term":[{"taxonomy":"product_brand","embeddable":true,"href":"https:\/\/www.claret.cat\/es\/wp-json\/wp\/v2\/product_brand?post=233604"},{"taxonomy":"product_cat","embeddable":true,"href":"https:\/\/www.claret.cat\/es\/wp-json\/wp\/v2\/product_cat?post=233604"},{"taxonomy":"product_tag","embeddable":true,"href":"https:\/\/www.claret.cat\/es\/wp-json\/wp\/v2\/product_tag?post=233604"}],"curies":[{"name":"wp","href":"https:\/\/api.w.org\/{rel}","templated":true}]}}