{"id":233613,"date":"2022-10-20T20:58:24","date_gmt":"2022-10-20T18:58:24","guid":{"rendered":"http:\/\/dev.claret.cat\/producte\/shanghai-de-cerca-2\/"},"modified":"2023-01-28T21:40:39","modified_gmt":"2023-01-28T20:40:39","slug":"shanghai-de-cerca-2-9788408152309","status":"publish","type":"product","link":"https:\/\/www.claret.cat\/es\/libro\/shanghai-de-cerca-2-9788408152309\/","title":{"rendered":"SHANGH\u00c1I DE CERCA 2"},"content":{"rendered":"<p>La electrizante Shangh\u00e1i es donde las aspiraciones de China se hacen realidad. S\u00edmbolo del crecimiento del pa\u00eds y sin\u00f3nimo de oportunidades y de sofisticaci\u00f3n, la ciudad es todo eso y m\u00e1s. Tanto si se busca gastronom\u00eda como moda o edificios futuristas, el optimismo y la acci\u00f3n ininterrumpida de Shangh\u00e1i producen un verdadero viaje en monta\u00f1a rusa: hay que agarrarse bien y divertirse.<br \/> Gracias aesta gu\u00eda de viaje a Shangh\u00e1i, el viajero podr\u00e1 disfrutar de la mejor experiencia y las recomendaciones m\u00e1s interesantes.<\/p>\n","protected":false},"excerpt":{"rendered":"<p>HARPER, DAMIAN<\/p>\n","protected":false},"featured_media":233614,"template":"","meta":{"_acf_changed":false,"om_disable_all_campaigns":false,"rs_blank_template":"","rs_page_bg_color":"","slide_template_v7":"","inline_featured_image":false,"_monsterinsights_skip_tracking":false,"_monsterinsights_sitenote_active":false,"_monsterinsights_sitenote_note":"","_monsterinsights_sitenote_category":0},"product_brand":[],"product_cat":[107],"product_tag":[],"class_list":{"0":"post-233613","1":"product","2":"type-product","3":"status-publish","4":"has-post-thumbnail","6":"product_cat-guies-de-viatge","8":"first","9":"instock","10":"taxable","11":"shipping-taxable","12":"purchasable","13":"product-type-simple"},"acf":{"autor":"HARPER, DAMIAN","codart":"840815230","libros-coleccion":"","ediciones":"1","encuadernacion":"R\u00fastica","fecha_de_publicacion":"23\/05\/2016","novedad":"0","paginas":"160","subtitulo":"","orden":"999","portada":"0","idioma":"spa","editorial":[{"ID":8244,"post_author":"3","post_date":"2022-09-30 09:21:26","post_date_gmt":"2022-09-30 07:21:26","post_content":"","post_title":"GEOPLANETA EDITORIAL","post_excerpt":"","post_status":"publish","comment_status":"closed","ping_status":"closed","post_password":"","post_name":"geoplaneta-editorial","to_ping":"","pinged":"","post_modified":"2022-09-30 09:21:26","post_modified_gmt":"2022-09-30 07:21:26","post_content_filtered":"","post_parent":0,"guid":"http:\/\/dev.claret.cat\/editorial\/geoplaneta-editorial\/","menu_order":0,"post_type":"editorial","post_mime_type":"","comment_count":"0","filter":"raw"}],"autores-libros":[{"ID":153497,"post_author":"3","post_date":"2022-10-14 14:57:14","post_date_gmt":"2022-10-14 12:57:14","post_content":"","post_title":"DAMIAN HARPER","post_excerpt":"","post_status":"publish","comment_status":"closed","ping_status":"closed","post_password":"","post_name":"damian-harper","to_ping":"","pinged":"","post_modified":"2022-10-14 14:57:14","post_modified_gmt":"2022-10-14 12:57:14","post_content_filtered":"","post_parent":0,"guid":"http:\/\/dev.claret.cat\/autor\/damian-harper\/","menu_order":0,"post_type":"autor","post_mime_type":"","comment_count":"0","filter":"raw"}]},"aioseo_notices":[],"_links":{"self":[{"href":"https:\/\/www.claret.cat\/es\/wp-json\/wp\/v2\/product\/233613","targetHints":{"allow":["GET"]}}],"collection":[{"href":"https:\/\/www.claret.cat\/es\/wp-json\/wp\/v2\/product"}],"about":[{"href":"https:\/\/www.claret.cat\/es\/wp-json\/wp\/v2\/types\/product"}],"wp:featuredmedia":[{"embeddable":true,"href":"https:\/\/www.claret.cat\/es\/wp-json\/wp\/v2\/media\/233614"}],"wp:attachment":[{"href":"https:\/\/www.claret.cat\/es\/wp-json\/wp\/v2\/media?parent=233613"}],"wp:term":[{"taxonomy":"product_brand","embeddable":true,"href":"https:\/\/www.claret.cat\/es\/wp-json\/wp\/v2\/product_brand?post=233613"},{"taxonomy":"product_cat","embeddable":true,"href":"https:\/\/www.claret.cat\/es\/wp-json\/wp\/v2\/product_cat?post=233613"},{"taxonomy":"product_tag","embeddable":true,"href":"https:\/\/www.claret.cat\/es\/wp-json\/wp\/v2\/product_tag?post=233613"}],"curies":[{"name":"wp","href":"https:\/\/api.w.org\/{rel}","templated":true}]}}