{"id":233628,"date":"2022-10-20T20:58:46","date_gmt":"2022-10-20T18:58:46","guid":{"rendered":"http:\/\/dev.claret.cat\/producte\/detox-emocional\/"},"modified":"2023-01-28T13:41:56","modified_gmt":"2023-01-28T12:41:56","slug":"detox-emocional-9788499985275","status":"publish","type":"product","link":"https:\/\/www.claret.cat\/es\/libro\/detox-emocional-9788499985275\/","title":{"rendered":"DETOX EMOCIONAL"},"content":{"rendered":"<p>Es tu pareja, pero&#8230; \u00bfte retira su afecto si no haces lo que quiere? \u00bfControla todos tus movimientos? \u00bfDejaste tus proyectos personales con tal de que funcionara la relaci\u00f3n? Te gusta tu trabajo, pero? \u00bfconsideras que no est\u00e1s haciendo lo que realmente quieres? \u00bfTu jefe te hace pensar que te hace un favor por darte trabajo? \u00bfSe apropian de tus ideas? \u00bfEsta frustraci\u00f3n te hace reaccionar de una manera desproporcionada con tus seres queridos? Te consideras alguien equilibrado, pero? \u00bfciertas situaciones y personas te hacen sentir inferior? \u00bfTe preocupas en exceso y siempre piensas lo peor? \u00bfTe sientes solo, sin embargo, no dejas de mirar tu m\u00f3vil cuando est\u00e1s acompa\u00f1ado? Quieres a tu familia, aunque? \u00bfte sientes mal por no haber cumplido las expectativas de tus padres? \u00bfDetestas las reuniones familiares? \u00bfTe tratan como si fueras un ni\u00f1o todav\u00eda y te comparan con tus hermanos? \u00bfTe vuelven los fantasmas de tu ni\u00f1ez cuando est\u00e1s con ellos? Es tu amigo, aunque? \u00bfnotas que te envidia? \u00bfSiempre le encuentra un inconveniente a todo lo que t\u00fa haces? \u00bfSe acerca solo cuando quiere algo de ti? Si has contestado s\u00ed a alguna de estas preguntas, probablemente necesites desintoxicarte emocionalmente. Hay personas, ambientes o creencias que act\u00faan como venenos lentos que invaden el sistema emocional y se apoderan de \u00e9l. De la mano de la psic\u00f3loga Silvia Olmedo identificar\u00e1s y aprender\u00e1s a sacar aquellos t\u00f3xicos que est\u00e1n en tu vida. Porque, salvo en situaciones concretas de dolor, has nacido para sentirte bien y son los t\u00f3xicos emocionales los que est\u00e1n interfiriendo entre la felicidad y t\u00fa.<\/p>\n","protected":false},"excerpt":{"rendered":"<p>OLMEDO, SILVIA<\/p>\n","protected":false},"featured_media":233629,"template":"","meta":{"_acf_changed":false,"om_disable_all_campaigns":false,"rs_blank_template":"","rs_page_bg_color":"","slide_template_v7":"","inline_featured_image":false,"_monsterinsights_skip_tracking":false,"_monsterinsights_sitenote_active":false,"_monsterinsights_sitenote_note":"","_monsterinsights_sitenote_category":0},"product_brand":[],"product_cat":[81],"product_tag":[],"class_list":{"0":"post-233628","1":"product","2":"type-product","3":"status-publish","4":"has-post-thumbnail","6":"product_cat-psicologia","8":"first","9":"instock","10":"taxable","11":"shipping-taxable","12":"purchasable","13":"product-type-simple"},"acf":{"autor":"OLMEDO, SILVIA","codart":"849998527","libros-coleccion":"","ediciones":"1","encuadernacion":"R\u00fastica","fecha_de_publicacion":"23\/05\/2016","novedad":"0","paginas":"224","subtitulo":"C\u00d3MO SACAR DE TU VIDA LO QUE TE IMPIDE SER FELIZ","orden":"999","portada":"0","idioma":"spa"},"aioseo_notices":[],"_links":{"self":[{"href":"https:\/\/www.claret.cat\/es\/wp-json\/wp\/v2\/product\/233628","targetHints":{"allow":["GET"]}}],"collection":[{"href":"https:\/\/www.claret.cat\/es\/wp-json\/wp\/v2\/product"}],"about":[{"href":"https:\/\/www.claret.cat\/es\/wp-json\/wp\/v2\/types\/product"}],"wp:featuredmedia":[{"embeddable":true,"href":"https:\/\/www.claret.cat\/es\/wp-json\/wp\/v2\/media\/233629"}],"wp:attachment":[{"href":"https:\/\/www.claret.cat\/es\/wp-json\/wp\/v2\/media?parent=233628"}],"wp:term":[{"taxonomy":"product_brand","embeddable":true,"href":"https:\/\/www.claret.cat\/es\/wp-json\/wp\/v2\/product_brand?post=233628"},{"taxonomy":"product_cat","embeddable":true,"href":"https:\/\/www.claret.cat\/es\/wp-json\/wp\/v2\/product_cat?post=233628"},{"taxonomy":"product_tag","embeddable":true,"href":"https:\/\/www.claret.cat\/es\/wp-json\/wp\/v2\/product_tag?post=233628"}],"curies":[{"name":"wp","href":"https:\/\/api.w.org\/{rel}","templated":true}]}}