{"id":233646,"date":"2022-10-20T20:59:13","date_gmt":"2022-10-20T18:59:13","guid":{"rendered":"http:\/\/dev.claret.cat\/producte\/los-expedientes-secretos-de-la-guerra-civil\/"},"modified":"2023-01-28T00:33:32","modified_gmt":"2023-01-27T23:33:32","slug":"los-expedientes-secretos-de-la-guerra-civil-9788467047523","status":"publish","type":"product","link":"https:\/\/www.claret.cat\/es\/libro\/los-expedientes-secretos-de-la-guerra-civil-9788467047523\/","title":{"rendered":"LOS EXPEDIENTES SECRETOS DE LA GUERRA CIVIL"},"content":{"rendered":"<p>Fruto de una ardua investigaci\u00f3n en archivos\u00a0p\u00fablicos y privados, incluidos valiosos\u00a0testimonios de familiares de algunas de\u00a0las v\u00edctimas, Zavala reconstruye con admirable\u00a0intriga y pulso narrativo los \u00faltimos\u00a0momentos de personajes clave de la\u00a0Guerra Civil espa\u00f1ola: l\u00edderes anarquistascomo Durruti y Andreu Nin, el jefe mon\u00e1rquico\u00a0Jos\u00e9 Calvo Sotelo, los poetas Federico\u00a0Garc\u00eda Lorca y Miguel Hern\u00e1ndez, el\u00a0fundador de Falange Espa\u00f1ola Jos\u00e9 Antonio\u00a0Primo de Rivera, el padre del Partido\u00a0Reformista Melqu\u00edades \u00c1lvarez, el h\u00e9roe\u00a0del Plus Ultra Ram\u00f3n Franco o Alfonso deBorb\u00f3n, primo del rey Alfonso XIII.<\/p>\n","protected":false},"excerpt":{"rendered":"<p>ZAVALA, JOS\u00c9 MAR\u00cdA<\/p>\n","protected":false},"featured_media":233647,"template":"","meta":{"_acf_changed":false,"om_disable_all_campaigns":false,"rs_blank_template":"","rs_page_bg_color":"","slide_template_v7":"","inline_featured_image":false,"_monsterinsights_skip_tracking":false,"_monsterinsights_sitenote_active":false,"_monsterinsights_sitenote_note":"","_monsterinsights_sitenote_category":0},"product_brand":[],"product_cat":[85],"product_tag":[],"class_list":{"0":"post-233646","1":"product","2":"type-product","3":"status-publish","4":"has-post-thumbnail","6":"product_cat-historia","8":"first","9":"instock","10":"taxable","11":"shipping-taxable","12":"purchasable","13":"product-type-simple"},"acf":{"autor":"ZAVALA, JOS\u00c9 MAR\u00cdA","codart":"846704752","libros-coleccion":"","ediciones":"1","encuadernacion":"R\u00fastica","fecha_de_publicacion":"23\/05\/2016","novedad":"0","paginas":"452","subtitulo":"UNA INVESTIGACI\u00d3N A FONDO SOBRE LAS MUERTES VIOLENTAS EN LOS DOS BANDOS DE DURRU","orden":"999","portada":"0","idioma":"spa","editorial":[{"ID":6247,"post_author":"3","post_date":"2022-07-28 17:48:06","post_date_gmt":"2022-07-28 15:48:06","post_content":"","post_title":"ESPASA, EDITORIAL","post_excerpt":"","post_status":"publish","comment_status":"closed","ping_status":"closed","post_password":"","post_name":"espasa-editorial","to_ping":"","pinged":"","post_modified":"2022-07-28 17:48:06","post_modified_gmt":"2022-07-28 15:48:06","post_content_filtered":"","post_parent":0,"guid":"http:\/\/dev.claret.cat\/editorial\/espasa-editorial\/","menu_order":0,"post_type":"editorial","post_mime_type":"","comment_count":"0","filter":"raw"}],"autores-libros":[{"ID":5646,"post_author":"3","post_date":"2022-07-28 17:28:27","post_date_gmt":"2022-07-28 15:28:27","post_content":"","post_title":"JOS\u00c9 MAR\u00cdA ZAVALA","post_excerpt":"","post_status":"publish","comment_status":"closed","ping_status":"closed","post_password":"","post_name":"jose-maria-zavala","to_ping":"","pinged":"","post_modified":"2022-07-28 17:28:27","post_modified_gmt":"2022-07-28 15:28:27","post_content_filtered":"","post_parent":0,"guid":"http:\/\/dev.claret.cat\/autor\/jose-maria-zavala\/","menu_order":0,"post_type":"autor","post_mime_type":"","comment_count":"0","filter":"raw"}]},"aioseo_notices":[],"_links":{"self":[{"href":"https:\/\/www.claret.cat\/es\/wp-json\/wp\/v2\/product\/233646","targetHints":{"allow":["GET"]}}],"collection":[{"href":"https:\/\/www.claret.cat\/es\/wp-json\/wp\/v2\/product"}],"about":[{"href":"https:\/\/www.claret.cat\/es\/wp-json\/wp\/v2\/types\/product"}],"wp:featuredmedia":[{"embeddable":true,"href":"https:\/\/www.claret.cat\/es\/wp-json\/wp\/v2\/media\/233647"}],"wp:attachment":[{"href":"https:\/\/www.claret.cat\/es\/wp-json\/wp\/v2\/media?parent=233646"}],"wp:term":[{"taxonomy":"product_brand","embeddable":true,"href":"https:\/\/www.claret.cat\/es\/wp-json\/wp\/v2\/product_brand?post=233646"},{"taxonomy":"product_cat","embeddable":true,"href":"https:\/\/www.claret.cat\/es\/wp-json\/wp\/v2\/product_cat?post=233646"},{"taxonomy":"product_tag","embeddable":true,"href":"https:\/\/www.claret.cat\/es\/wp-json\/wp\/v2\/product_tag?post=233646"}],"curies":[{"name":"wp","href":"https:\/\/api.w.org\/{rel}","templated":true}]}}