{"id":233676,"date":"2022-10-20T20:59:59","date_gmt":"2022-10-20T18:59:59","guid":{"rendered":"http:\/\/dev.claret.cat\/producte\/el-viejo-del-puente\/"},"modified":"2023-01-28T03:09:36","modified_gmt":"2023-01-28T02:09:36","slug":"el-viejo-del-puente-9788494494260","status":"publish","type":"product","link":"https:\/\/www.claret.cat\/es\/libro\/el-viejo-del-puente-9788494494260\/","title":{"rendered":"EL VIEJO DEL PUENTE"},"content":{"rendered":"<p>En plena ofensiva fascista, en alg\u00fan lugar del Ebro, un anciano parece anclado a un puente, incapaz de reaccionar. No se sabe si espera la muerte o huye de ella. Se ha visto forzado a abandonar su pueblo natal y lo ha perdido todo por culpa de la barbarie de la guerra. Mientras los republicanos evac\u00faan el lugar, el narrador, un soldado encargado de reconocer las inmediaciones, se dirige a \u00e9l.<br \/> En una situaci\u00f3n tan ef\u00edmera como el encuentro en un puente entre un anciano y un soldado, Hemingway condensa la trayectoria de toda una existencia. Perfila, sin dibujarla, la l\u00ednea de una vida anterior y sugiere, sin contarlo, lo que est\u00e1 sucediendo en ese mismo instante y las posibilidades que emergen de una vida futura -o truncada-.<br \/> Sin embargo, esta prosa sumergida se erige como la parte m\u00e1s importante de la historia. M\u00e1s a\u00fan que la punta del iceberg: en apariencia, un relato sencillo sin acci\u00f3n; o el retrato de un h\u00e9roe duro y resistente, elegante en el sufrimiento, como los que le gustaba retratar en sus obras. <br \/> Hemingway compuso este relato cuando trabajaba en Espa\u00f1a como corresponsal durante la Guerra Civil, a partir de una noticia que envi\u00f3 por cable el 17 de abril de 1938, Domingo de Resurrecci\u00f3n. El viejo del puente ver\u00eda la luz ese mismo a\u00f1o, en forma de relato y no de cr\u00f3nica, primero en la revista Ken Magazine, y poco despu\u00e9s, como parte del libro Cuarenta y nueve primeros cuentos. <br \/> El ep\u00edlogo de Ian Gibson, especialista en historia contempor\u00e1nea, ofrece de forma precisa y rigurosa la contextualizaci\u00f3n de los hechos que subyacen bajo el cuento.<\/p>\n","protected":false},"excerpt":{"rendered":"<p>HEMINGWAY, ERNEST<\/p>\n","protected":false},"featured_media":233677,"template":"","meta":{"_acf_changed":false,"om_disable_all_campaigns":false,"rs_blank_template":"","rs_page_bg_color":"","slide_template_v7":"","inline_featured_image":false,"_monsterinsights_skip_tracking":false,"_monsterinsights_sitenote_active":false,"_monsterinsights_sitenote_note":"","_monsterinsights_sitenote_category":0},"product_brand":[],"product_cat":[87],"product_tag":[],"class_list":{"0":"post-233676","1":"product","2":"type-product","3":"status-publish","4":"has-post-thumbnail","6":"product_cat-literatura","8":"first","9":"instock","10":"taxable","11":"shipping-taxable","12":"purchasable","13":"product-type-simple"},"acf":{"autor":"HEMINGWAY, ERNEST","codart":"849449426","libros-coleccion":"","ediciones":"1","encuadernacion":"Carton\u00e9","fecha_de_publicacion":"20\/05\/2016","novedad":"0","paginas":"56","subtitulo":"","orden":"999","portada":"0","idioma":"spa","editorial":[{"ID":148435,"post_author":"3","post_date":"2022-10-14 11:58:13","post_date_gmt":"2022-10-14 09:58:13","post_content":"","post_title":"LIBROS DEL ZORRO ROJO","post_excerpt":"","post_status":"publish","comment_status":"closed","ping_status":"closed","post_password":"","post_name":"libros-del-zorro-rojo","to_ping":"","pinged":"","post_modified":"2022-10-14 11:58:13","post_modified_gmt":"2022-10-14 09:58:13","post_content_filtered":"","post_parent":0,"guid":"http:\/\/dev.claret.cat\/editorial\/libros-del-zorro-rojo\/","menu_order":0,"post_type":"editorial","post_mime_type":"","comment_count":"0","filter":"raw"}],"autores-libros":[{"ID":155310,"post_author":"3","post_date":"2022-10-14 15:11:49","post_date_gmt":"2022-10-14 13:11:49","post_content":"","post_title":"ERNEST HEMINGWAY","post_excerpt":"","post_status":"publish","comment_status":"closed","ping_status":"closed","post_password":"","post_name":"ernest-hemingway","to_ping":"","pinged":"","post_modified":"2022-10-14 15:11:49","post_modified_gmt":"2022-10-14 13:11:49","post_content_filtered":"","post_parent":0,"guid":"http:\/\/dev.claret.cat\/autor\/ernest-hemingway\/","menu_order":0,"post_type":"autor","post_mime_type":"","comment_count":"0","filter":"raw"}]},"aioseo_notices":[],"_links":{"self":[{"href":"https:\/\/www.claret.cat\/es\/wp-json\/wp\/v2\/product\/233676","targetHints":{"allow":["GET"]}}],"collection":[{"href":"https:\/\/www.claret.cat\/es\/wp-json\/wp\/v2\/product"}],"about":[{"href":"https:\/\/www.claret.cat\/es\/wp-json\/wp\/v2\/types\/product"}],"wp:featuredmedia":[{"embeddable":true,"href":"https:\/\/www.claret.cat\/es\/wp-json\/wp\/v2\/media\/233677"}],"wp:attachment":[{"href":"https:\/\/www.claret.cat\/es\/wp-json\/wp\/v2\/media?parent=233676"}],"wp:term":[{"taxonomy":"product_brand","embeddable":true,"href":"https:\/\/www.claret.cat\/es\/wp-json\/wp\/v2\/product_brand?post=233676"},{"taxonomy":"product_cat","embeddable":true,"href":"https:\/\/www.claret.cat\/es\/wp-json\/wp\/v2\/product_cat?post=233676"},{"taxonomy":"product_tag","embeddable":true,"href":"https:\/\/www.claret.cat\/es\/wp-json\/wp\/v2\/product_tag?post=233676"}],"curies":[{"name":"wp","href":"https:\/\/api.w.org\/{rel}","templated":true}]}}