{"id":233691,"date":"2022-10-20T21:00:24","date_gmt":"2022-10-20T19:00:24","guid":{"rendered":"http:\/\/dev.claret.cat\/producte\/mujeres-de-agua\/"},"modified":"2023-01-28T04:39:55","modified_gmt":"2023-01-28T03:39:55","slug":"mujeres-de-agua-9788466659260","status":"publish","type":"product","link":"https:\/\/www.claret.cat\/es\/libro\/mujeres-de-agua-9788466659260\/","title":{"rendered":"MUJERES DE AGUA"},"content":{"rendered":"<p>LA ESPERADA CONTINUACI\u00d3N DEL BEST SELLER EN UN RINC\u00d3N DEL ALMA.<br \/> Una novela sobre el poder de la amistad.<br \/> Sobre las pasiones humanas y sus misterios.<br \/> Una obra en la que la vida se nos muestra tal y como es:<br \/> realista, dulce, amarga y llena de esperanza.<br \/> Bajo la protecci\u00f3n de un paraguas rojo, Mena, Remedios y Amanda caminan juntas en las p\u00e1ginas de esta conmovedora historia para demostrarnos que la amistad, el amor, la superaci\u00f3n personal y las ganas de seguir adelante son la clave de la felicidad. Con cada uno de sus actos nos ense\u00f1an que todas las mujeres de agua tienen la fortaleza que necesitan para superar los obst\u00e1culos. S\u00f3lo es necesario propon\u00e9rselo.<br \/> No te sorprendas si te descubres en alguna de las p\u00e1ginas de esta novela. Si eso ocurre, no lo dudes. D\u00e9jate llevar. Porque Mujeres de agua es una de esas extraordinarias novelas que te transforma, te hace tomar decisiones y te acompa\u00f1a. Un paraguas rojo bajo el que ya se cobijan miles de lectores.<br \/> \u00abEs una novela valiente, llena de coraje, rebeld\u00eda y emoci\u00f3n que, sin duda, llegar\u00e1 totalmente al coraz\u00f3n del lector.\u00bb La magia de los buenos libros<br \/> \u00ab\u00bfCu\u00e1ntos sentimientos puede albergar un libro? Un libro que habla de esperanza, de aprender a vivir el d\u00eda a d\u00eda sin mirar atr\u00e1s y sin preocuparse de lo que deparar\u00e1 el ma\u00f1ana.\u00bb Lecturas compartidas<br \/> \u00abMujeres de agua hace que puedas saborear la calidad de la escritura y quedes enganchado\/a al estilo de la autora deseando volver a leer obras suyas.\u00bb El club de los libros perdidos de ayer, de hoy y del mundo<br \/> \u00abHermosa, profunda, hipnotizante, triste, literariamente sublime.\u00bb Las mentiras que escrib\u00ed<br \/> \u00abSi lo que buscas es una novela que emocione, Mujeres de agua es sin duda la novela que est\u00e1s buscando.\u00bb El b\u00faho entre libros<br \/> \u00abFiel a su estilo, la autora consigue engancharnos desde la primera p\u00e1gina, desde el primer p\u00e1rrafo, con esa singular forma de escribir que lo envuelve todo en un halo de sentimientos y emociones.\u00bb Libros que voy leyendo<br \/> \u00abUna novela maravillosa, capaz de hacernos llorar, sonre\u00edr y enternecernos a partes iguales.\u00bb Cosas m\u00edas<\/p>\n","protected":false},"excerpt":{"rendered":"<p>CORRALES, ANTONIA J.<\/p>\n","protected":false},"featured_media":233692,"template":"","meta":{"_acf_changed":false,"om_disable_all_campaigns":false,"rs_blank_template":"","rs_page_bg_color":"","slide_template_v7":"","inline_featured_image":false,"_monsterinsights_skip_tracking":false,"_monsterinsights_sitenote_active":false,"_monsterinsights_sitenote_note":"","_monsterinsights_sitenote_category":0},"product_brand":[],"product_cat":[87],"product_tag":[],"class_list":{"0":"post-233691","1":"product","2":"type-product","3":"status-publish","4":"has-post-thumbnail","6":"product_cat-literatura","8":"first","9":"instock","10":"taxable","11":"shipping-taxable","12":"purchasable","13":"product-type-simple"},"acf":{"autor":"CORRALES, ANTONIA J.","codart":"846665926","libros-coleccion":"","ediciones":"1","encuadernacion":"R\u00fastica","fecha_de_publicacion":"20\/05\/2016","novedad":"0","paginas":"274","subtitulo":"","orden":"999","portada":"0","idioma":"spa","editorial":[{"ID":147506,"post_author":"3","post_date":"2022-10-14 11:51:06","post_date_gmt":"2022-10-14 09:51:06","post_content":"","post_title":"B EDICIONES","post_excerpt":"","post_status":"publish","comment_status":"closed","ping_status":"closed","post_password":"","post_name":"b-ediciones","to_ping":"","pinged":"","post_modified":"2022-10-14 11:51:06","post_modified_gmt":"2022-10-14 09:51:06","post_content_filtered":"","post_parent":0,"guid":"http:\/\/dev.claret.cat\/editorial\/b-ediciones\/","menu_order":0,"post_type":"editorial","post_mime_type":"","comment_count":"0","filter":"raw"}]},"aioseo_notices":[],"_links":{"self":[{"href":"https:\/\/www.claret.cat\/es\/wp-json\/wp\/v2\/product\/233691","targetHints":{"allow":["GET"]}}],"collection":[{"href":"https:\/\/www.claret.cat\/es\/wp-json\/wp\/v2\/product"}],"about":[{"href":"https:\/\/www.claret.cat\/es\/wp-json\/wp\/v2\/types\/product"}],"wp:featuredmedia":[{"embeddable":true,"href":"https:\/\/www.claret.cat\/es\/wp-json\/wp\/v2\/media\/233692"}],"wp:attachment":[{"href":"https:\/\/www.claret.cat\/es\/wp-json\/wp\/v2\/media?parent=233691"}],"wp:term":[{"taxonomy":"product_brand","embeddable":true,"href":"https:\/\/www.claret.cat\/es\/wp-json\/wp\/v2\/product_brand?post=233691"},{"taxonomy":"product_cat","embeddable":true,"href":"https:\/\/www.claret.cat\/es\/wp-json\/wp\/v2\/product_cat?post=233691"},{"taxonomy":"product_tag","embeddable":true,"href":"https:\/\/www.claret.cat\/es\/wp-json\/wp\/v2\/product_tag?post=233691"}],"curies":[{"name":"wp","href":"https:\/\/api.w.org\/{rel}","templated":true}]}}