{"id":233808,"date":"2022-10-20T21:03:18","date_gmt":"2022-10-20T19:03:18","guid":{"rendered":"http:\/\/dev.claret.cat\/producte\/el-mar-infinit\/"},"modified":"2025-02-04T18:36:13","modified_gmt":"2025-02-04T17:36:13","slug":"el-mar-infinit-9788427208759","status":"publish","type":"product","link":"https:\/\/www.claret.cat\/es\/libro\/el-mar-infinit-9788427208759\/","title":{"rendered":"EL MAR INFINIT"},"content":{"rendered":"<p>DESPR\u00c9S DE LA CINQUENA ONADA&#8230; ELS ALTRES BUSQUEN SUPERVIVENTS AL MAR INFINIT La Cassie Sullivan i els<br \/> seus companys han sobreviscut a les quatre onades destructores dels Altres. Ara que la ra\u00e7a humana est\u00e0 pr\u00e0 cticament<br \/> exterminada i la cinquena onada ho arrasa tot, s&#8221;enfronten a un dilema: esperar l&#8221;Evan Walker o b\u00e9 fugir per buscar<br \/> d&#8221;altres supervivents abans de caure en mans de l&#8221;enemic. Consumits, per\u00f2 no derrotats. Assetjats, per\u00f2 no sotmesos.<\/p>\n","protected":false},"excerpt":{"rendered":"<p>YANCEY , RICK<\/p>\n","protected":false},"featured_media":233809,"template":"","meta":{"_acf_changed":false,"om_disable_all_campaigns":false,"rs_blank_template":"","rs_page_bg_color":"","slide_template_v7":"","inline_featured_image":false,"_monsterinsights_skip_tracking":false,"_monsterinsights_sitenote_active":false,"_monsterinsights_sitenote_note":"","_monsterinsights_sitenote_category":0},"product_brand":[],"product_cat":[87,353],"product_tag":[],"class_list":{"0":"post-233808","1":"product","2":"type-product","3":"status-publish","4":"has-post-thumbnail","6":"product_cat-literatura","7":"product_cat-literatura-2_humanidades","9":"first","10":"instock","11":"taxable","12":"shipping-taxable","13":"purchasable","14":"product-type-simple"},"acf":{"autor":"YANCEY , RICK","codart":"842720875","libros-coleccion":"","ediciones":"1","encuadernacion":"R\u00fastica","fecha_de_publicacion":"17\/05\/2016","novedad":"0","paginas":"314","subtitulo":"","orden":"999","portada":"0","idioma":"cat","editorial":[{"ID":8268,"post_author":"3","post_date":"2022-09-30 09:21:37","post_date_gmt":"2022-09-30 07:21:37","post_content":"","post_title":"RBA LIBROS SA.","post_excerpt":"","post_status":"publish","comment_status":"closed","ping_status":"closed","post_password":"","post_name":"rba-libros-sa","to_ping":"","pinged":"","post_modified":"2022-09-30 09:21:37","post_modified_gmt":"2022-09-30 07:21:37","post_content_filtered":"","post_parent":0,"guid":"http:\/\/dev.claret.cat\/editorial\/rba-libros-sa\/","menu_order":0,"post_type":"editorial","post_mime_type":"","comment_count":"0","filter":"raw"}],"autores-libros":[{"ID":399011,"post_author":"3","post_date":"2023-02-27 03:01:49","post_date_gmt":"2023-02-27 02:01:49","post_content":"","post_title":"RICK YANCEY","post_excerpt":"","post_status":"publish","comment_status":"closed","ping_status":"closed","post_password":"","post_name":"rick-yancey","to_ping":"","pinged":"","post_modified":"2023-02-27 03:01:49","post_modified_gmt":"2023-02-27 02:01:49","post_content_filtered":"","post_parent":0,"guid":"https:\/\/www.claret.cat\/autor\/rick-yancey\/","menu_order":0,"post_type":"autor","post_mime_type":"","comment_count":"0","filter":"raw"}]},"aioseo_notices":[],"_links":{"self":[{"href":"https:\/\/www.claret.cat\/es\/wp-json\/wp\/v2\/product\/233808","targetHints":{"allow":["GET"]}}],"collection":[{"href":"https:\/\/www.claret.cat\/es\/wp-json\/wp\/v2\/product"}],"about":[{"href":"https:\/\/www.claret.cat\/es\/wp-json\/wp\/v2\/types\/product"}],"wp:featuredmedia":[{"embeddable":true,"href":"https:\/\/www.claret.cat\/es\/wp-json\/wp\/v2\/media\/233809"}],"wp:attachment":[{"href":"https:\/\/www.claret.cat\/es\/wp-json\/wp\/v2\/media?parent=233808"}],"wp:term":[{"taxonomy":"product_brand","embeddable":true,"href":"https:\/\/www.claret.cat\/es\/wp-json\/wp\/v2\/product_brand?post=233808"},{"taxonomy":"product_cat","embeddable":true,"href":"https:\/\/www.claret.cat\/es\/wp-json\/wp\/v2\/product_cat?post=233808"},{"taxonomy":"product_tag","embeddable":true,"href":"https:\/\/www.claret.cat\/es\/wp-json\/wp\/v2\/product_tag?post=233808"}],"curies":[{"name":"wp","href":"https:\/\/api.w.org\/{rel}","templated":true}]}}