{"id":233820,"date":"2022-10-20T21:03:36","date_gmt":"2022-10-20T19:03:36","guid":{"rendered":"http:\/\/dev.claret.cat\/producte\/catalunya-50-cellers-emblematics\/"},"modified":"2023-01-28T00:42:18","modified_gmt":"2023-01-27T23:42:18","slug":"catalunya-50-cellers-emblematics-9788415456490","status":"publish","type":"product","link":"https:\/\/www.claret.cat\/es\/libro\/catalunya-50-cellers-emblematics-9788415456490\/","title":{"rendered":"CATALUNYA. 50 CELLERS EMBLEM\u00c0TICS"},"content":{"rendered":"<p>Catalunya \u00e9s un pa\u00eds de grans vins i l&#8217;enoturisme cada dia t\u00e9 m\u00e9s adeptes. A m\u00e9s vins excepcionals, a Catalunya trobem cellers que es van construir en l&#8217;\u00e8poca del Modernisme i que, per la seva magnific\u00e8ncia, van rebre el nom de catedrals del vi. Per\u00f2 no tot s\u00f3n edificis centenaris; darrerament, s&#8217;han anat incorporant cellers de concepci\u00f3 moderna juntament amb d&#8217;altres de car\u00e0cter familiar. D&#8217;aquesta amalgama hem fet una tria que presentem en aquest llibre Catalunya. 50 cellers emblem\u00e0tics basant-nos en un sol requisit: que fossin edificis interessants, que es poguessin visitar i que produ\u00efssin vins de qualitat.<\/p>\n","protected":false},"excerpt":{"rendered":"<p>BASTART I CASS\u00c9, JORDI<\/p>\n","protected":false},"featured_media":316039,"template":"","meta":{"_acf_changed":false,"om_disable_all_campaigns":false,"rs_blank_template":"","rs_page_bg_color":"","slide_template_v7":"","inline_featured_image":false,"_monsterinsights_skip_tracking":false,"_monsterinsights_sitenote_active":false,"_monsterinsights_sitenote_note":"","_monsterinsights_sitenote_category":0},"product_brand":[],"product_cat":[557,107,105,555],"product_tag":[],"class_list":{"0":"post-233820","1":"product","2":"type-product","3":"status-publish","4":"has-post-thumbnail","6":"product_cat-guias-de-viaje","7":"product_cat-guies-de-viatge","8":"product_cat-regal","9":"product_cat-regalo","11":"first","12":"instock","13":"taxable","14":"shipping-taxable","15":"purchasable","16":"product-type-simple"},"acf":{"autor":"BASTART I CASS\u00c9, JORDI","codart":"841545649","libros-coleccion":"","ediciones":"1","encuadernacion":"Carton\u00e9","fecha_de_publicacion":"17\/05\/2016","novedad":"0","paginas":"120","subtitulo":"","orden":"999","portada":"0","idioma":"cat","editorial":[{"ID":6171,"post_author":"3","post_date":"2022-07-28 17:46:25","post_date_gmt":"2022-07-28 15:46:25","post_content":"","post_title":"COSSETANIA EDICIONS","post_excerpt":"","post_status":"publish","comment_status":"closed","ping_status":"closed","post_password":"","post_name":"cossetania-edicions","to_ping":"","pinged":"","post_modified":"2022-07-28 17:46:25","post_modified_gmt":"2022-07-28 15:46:25","post_content_filtered":"","post_parent":0,"guid":"http:\/\/dev.claret.cat\/editorial\/cossetania-edicions\/","menu_order":0,"post_type":"editorial","post_mime_type":"","comment_count":"0","filter":"raw"}],"autores-libros":[{"ID":159827,"post_author":"3","post_date":"2022-10-14 15:48:03","post_date_gmt":"2022-10-14 13:48:03","post_content":"","post_title":"JORDI BASTART I CASS\u00c9","post_excerpt":"","post_status":"publish","comment_status":"closed","ping_status":"closed","post_password":"","post_name":"jordi-bastart-i-casse","to_ping":"","pinged":"","post_modified":"2022-10-14 15:48:03","post_modified_gmt":"2022-10-14 13:48:03","post_content_filtered":"","post_parent":0,"guid":"http:\/\/dev.claret.cat\/autor\/jordi-bastart-i-casse\/","menu_order":0,"post_type":"autor","post_mime_type":"","comment_count":"0","filter":"raw"}]},"aioseo_notices":[],"_links":{"self":[{"href":"https:\/\/www.claret.cat\/es\/wp-json\/wp\/v2\/product\/233820","targetHints":{"allow":["GET"]}}],"collection":[{"href":"https:\/\/www.claret.cat\/es\/wp-json\/wp\/v2\/product"}],"about":[{"href":"https:\/\/www.claret.cat\/es\/wp-json\/wp\/v2\/types\/product"}],"wp:featuredmedia":[{"embeddable":true,"href":"https:\/\/www.claret.cat\/es\/wp-json\/wp\/v2\/media\/316039"}],"wp:attachment":[{"href":"https:\/\/www.claret.cat\/es\/wp-json\/wp\/v2\/media?parent=233820"}],"wp:term":[{"taxonomy":"product_brand","embeddable":true,"href":"https:\/\/www.claret.cat\/es\/wp-json\/wp\/v2\/product_brand?post=233820"},{"taxonomy":"product_cat","embeddable":true,"href":"https:\/\/www.claret.cat\/es\/wp-json\/wp\/v2\/product_cat?post=233820"},{"taxonomy":"product_tag","embeddable":true,"href":"https:\/\/www.claret.cat\/es\/wp-json\/wp\/v2\/product_tag?post=233820"}],"curies":[{"name":"wp","href":"https:\/\/api.w.org\/{rel}","templated":true}]}}