{"id":233865,"date":"2022-10-20T21:04:41","date_gmt":"2022-10-20T19:04:41","guid":{"rendered":"http:\/\/dev.claret.cat\/producte\/pinta-y-escribe-don-quijote-de-la-mancha\/"},"modified":"2025-01-31T20:30:33","modified_gmt":"2025-01-31T19:30:33","slug":"pinta-y-escribe-don-quijote-de-la-mancha-9788424657628","status":"publish","type":"product","link":"https:\/\/www.claret.cat\/es\/libro\/pinta-y-escribe-don-quijote-de-la-mancha-9788424657628\/","title":{"rendered":"PINTA Y ESCRIBE DON QUIJOTE DE LA MANCHA"},"content":{"rendered":"<p>En un lugar de la Mancha viv\u00eda un hidalgo que quer\u00eda vivir las aventuras de los libros. Con su caballo y su escudero Sancho Panza, Don Quijote se dispon\u00eda a partir para enfrentarse a gigantes, a ej\u00e9rcitos y a lo que hiciese falta&#8230; pero, \u00bfd\u00f3nde est\u00e1n los colores?&lt;BR&gt;&lt;BR&gt;Una maravillosa adaptaci\u00f3n del cl\u00e1sico de Miguel de Cervantes, ahora para pintar y escribir.<\/p>\n","protected":false},"excerpt":{"rendered":"<p>CAMPOY, ANA<\/p>\n","protected":false},"featured_media":233866,"template":"","meta":{"_acf_changed":false,"om_disable_all_campaigns":false,"rs_blank_template":"","rs_page_bg_color":"","slide_template_v7":"","inline_featured_image":false,"_monsterinsights_skip_tracking":false,"_monsterinsights_sitenote_active":false,"_monsterinsights_sitenote_note":"","_monsterinsights_sitenote_category":0},"product_brand":[],"product_cat":[86,352],"product_tag":[],"class_list":{"0":"post-233865","1":"product","2":"type-product","3":"status-publish","4":"has-post-thumbnail","6":"product_cat-infantil","7":"product_cat-infantil-3_infantil-juvenil-spa","9":"first","10":"instock","11":"taxable","12":"shipping-taxable","13":"purchasable","14":"product-type-simple"},"acf":{"autor":"CAMPOY, ANA","codart":"842465762","libros-coleccion":"","ediciones":"1","encuadernacion":"R\u00fastica","fecha_de_publicacion":"13\/05\/2016","novedad":"0","paginas":"24","subtitulo":"","orden":"999","portada":"0","idioma":"spa","editorial":[{"ID":148361,"post_author":"3","post_date":"2022-10-14 11:57:38","post_date_gmt":"2022-10-14 09:57:38","post_content":"","post_title":"LA GALERA, S.A. EDITORIAL","post_excerpt":"","post_status":"publish","comment_status":"closed","ping_status":"closed","post_password":"","post_name":"la-galera-s-a-editorial","to_ping":"","pinged":"","post_modified":"2022-10-14 11:57:38","post_modified_gmt":"2022-10-14 09:57:38","post_content_filtered":"","post_parent":0,"guid":"http:\/\/dev.claret.cat\/editorial\/la-galera-s-a-editorial\/","menu_order":0,"post_type":"editorial","post_mime_type":"","comment_count":"0","filter":"raw"}],"autores-libros":[{"ID":150060,"post_author":"3","post_date":"2022-10-14 14:29:54","post_date_gmt":"2022-10-14 12:29:54","post_content":"","post_title":"ANA CAMPOY","post_excerpt":"","post_status":"publish","comment_status":"closed","ping_status":"closed","post_password":"","post_name":"ana-campoy-2","to_ping":"","pinged":"","post_modified":"2022-10-14 14:29:54","post_modified_gmt":"2022-10-14 12:29:54","post_content_filtered":"","post_parent":0,"guid":"http:\/\/dev.claret.cat\/autor\/ana-campoy-2\/","menu_order":0,"post_type":"autor","post_mime_type":"","comment_count":"0","filter":"raw"}]},"aioseo_notices":[],"_links":{"self":[{"href":"https:\/\/www.claret.cat\/es\/wp-json\/wp\/v2\/product\/233865","targetHints":{"allow":["GET"]}}],"collection":[{"href":"https:\/\/www.claret.cat\/es\/wp-json\/wp\/v2\/product"}],"about":[{"href":"https:\/\/www.claret.cat\/es\/wp-json\/wp\/v2\/types\/product"}],"wp:featuredmedia":[{"embeddable":true,"href":"https:\/\/www.claret.cat\/es\/wp-json\/wp\/v2\/media\/233866"}],"wp:attachment":[{"href":"https:\/\/www.claret.cat\/es\/wp-json\/wp\/v2\/media?parent=233865"}],"wp:term":[{"taxonomy":"product_brand","embeddable":true,"href":"https:\/\/www.claret.cat\/es\/wp-json\/wp\/v2\/product_brand?post=233865"},{"taxonomy":"product_cat","embeddable":true,"href":"https:\/\/www.claret.cat\/es\/wp-json\/wp\/v2\/product_cat?post=233865"},{"taxonomy":"product_tag","embeddable":true,"href":"https:\/\/www.claret.cat\/es\/wp-json\/wp\/v2\/product_tag?post=233865"}],"curies":[{"name":"wp","href":"https:\/\/api.w.org\/{rel}","templated":true}]}}