{"id":23403,"date":"2022-10-02T10:02:18","date_gmt":"2022-10-02T08:02:18","guid":{"rendered":"http:\/\/dev.claret.cat\/producte\/1976-el-ano-que-tu-naciste\/"},"modified":"2026-03-27T11:45:07","modified_gmt":"2026-03-27T10:45:07","slug":"1976-el-ano-que-tu-naciste-9788489589247","status":"publish","type":"product","link":"https:\/\/www.claret.cat\/es\/libro\/1976-el-ano-que-tu-naciste-9788489589247\/","title":{"rendered":"1976 EL A\u00d1O QUE TU NACISTE"},"content":{"rendered":"<p>El libro del a\u00f1o 1976 contiene una cuidada selecci\u00f3n de noticias, im\u00e1genes y curiosidades de lo que pas\u00f3 en 1976. C\u00f3mo era el mundo en aquel a\u00f1o. C\u00f3mo se vest\u00eda, qu\u00e9 se invent\u00f3, cu\u00e1les eran los anuncios, las canciones y las pel\u00edculas del momento, cu\u00e1nto val\u00edan las cosas, qui\u00e9nes eran los famosos y muchas cosas m\u00e1s. Este libro de 1976 forma parte de la popular colecci\u00f3n &#8216;El a\u00f1o que t\u00fa naciste&#8217;. Un regalo ideal para un cumplea\u00f1os o un encuentro entre amigos y familiares. Una idea que sorprender a tus invitados es que se encuentren el libro de su a\u00f1o en la mesa. Ver\u00e1s c\u00f3mo alegran el ambiente y dan lugar a conversaciones apasionadas, llenas de buenos recuerdos. La colecci\u00f3n &#8216;El a\u00f1o que t\u00fa naciste&#8217; va desde 1920 hasta 2003.<\/p>\n","protected":false},"excerpt":{"rendered":"<p>COLLADO BASCOMPTE, ROSA<\/p>\n","protected":false},"featured_media":1027842,"template":"","meta":{"_acf_changed":false,"om_disable_all_campaigns":false,"rs_blank_template":"","rs_page_bg_color":"","slide_template_v7":"","inline_featured_image":false,"_monsterinsights_skip_tracking":false,"_monsterinsights_sitenote_active":false,"_monsterinsights_sitenote_note":"","_monsterinsights_sitenote_category":0},"product_brand":[],"product_cat":[90,540],"product_tag":[],"class_list":{"0":"post-23403","1":"product","2":"type-product","3":"status-publish","4":"has-post-thumbnail","6":"product_cat-altres","7":"product_cat-otros","9":"first","10":"instock","11":"taxable","12":"shipping-taxable","13":"purchasable","14":"product-type-simple"},"acf":{"autor":"COLLADO BASCOMPTE, ROSA","codart":"848958924","libros-coleccion":"El a\u00f1o que tu naciste","ediciones":"1","encuadernacion":"Grapado","fecha_de_publicacion":"01\/01\/1996","novedad":"1","paginas":"24","subtitulo":"","orden":"0","portada":"0","idioma":"spa","editorial":[{"ID":147374,"post_author":"3","post_date":"2022-10-14 11:50:05","post_date_gmt":"2022-10-14 09:50:05","post_content":"","post_title":"ACV EDICIONS","post_excerpt":"","post_status":"publish","comment_status":"closed","ping_status":"closed","post_password":"","post_name":"acv-edicions","to_ping":"","pinged":"","post_modified":"2022-10-14 11:50:05","post_modified_gmt":"2022-10-14 09:50:05","post_content_filtered":"","post_parent":0,"guid":"http:\/\/dev.claret.cat\/editorial\/acv-edicions\/","menu_order":0,"post_type":"editorial","post_mime_type":"","comment_count":"0","filter":"raw"}],"autores-libros":[{"ID":168483,"post_author":"3","post_date":"2022-10-14 22:19:28","post_date_gmt":"2022-10-14 20:19:28","post_content":"","post_title":"ROSA COLLADO BASCOMPTE","post_excerpt":"","post_status":"publish","comment_status":"closed","ping_status":"closed","post_password":"","post_name":"rosa-collado-bascompte","to_ping":"","pinged":"","post_modified":"2022-10-14 22:19:28","post_modified_gmt":"2022-10-14 20:19:28","post_content_filtered":"","post_parent":0,"guid":"http:\/\/dev.claret.cat\/autor\/rosa-collado-bascompte\/","menu_order":0,"post_type":"autor","post_mime_type":"","comment_count":"0","filter":"raw"}],"booktrailer":"","resenas":""},"aioseo_notices":[],"_links":{"self":[{"href":"https:\/\/www.claret.cat\/es\/wp-json\/wp\/v2\/product\/23403","targetHints":{"allow":["GET"]}}],"collection":[{"href":"https:\/\/www.claret.cat\/es\/wp-json\/wp\/v2\/product"}],"about":[{"href":"https:\/\/www.claret.cat\/es\/wp-json\/wp\/v2\/types\/product"}],"wp:featuredmedia":[{"embeddable":true,"href":"https:\/\/www.claret.cat\/es\/wp-json\/wp\/v2\/media\/1027842"}],"wp:attachment":[{"href":"https:\/\/www.claret.cat\/es\/wp-json\/wp\/v2\/media?parent=23403"}],"wp:term":[{"taxonomy":"product_brand","embeddable":true,"href":"https:\/\/www.claret.cat\/es\/wp-json\/wp\/v2\/product_brand?post=23403"},{"taxonomy":"product_cat","embeddable":true,"href":"https:\/\/www.claret.cat\/es\/wp-json\/wp\/v2\/product_cat?post=23403"},{"taxonomy":"product_tag","embeddable":true,"href":"https:\/\/www.claret.cat\/es\/wp-json\/wp\/v2\/product_tag?post=23403"}],"curies":[{"name":"wp","href":"https:\/\/api.w.org\/{rel}","templated":true}]}}