{"id":234067,"date":"2022-10-20T21:09:32","date_gmt":"2022-10-20T19:09:32","guid":{"rendered":"http:\/\/dev.claret.cat\/producte\/treinteenagers\/"},"modified":"2023-01-28T02:29:51","modified_gmt":"2023-01-28T01:29:51","slug":"treinteenagers-9788416489572","status":"publish","type":"product","link":"https:\/\/www.claret.cat\/es\/libro\/treinteenagers-9788416489572\/","title":{"rendered":"TREINTEENAGERS"},"content":{"rendered":"<p>Eso de que los treinta son los nuevos veinte, es una trola. \u00a1La treintena es algo mucho mejor! Por muy bien que te lo pases durante la d\u00e9cada en la que llevas un pato delante, la realidad es que, en esos a\u00f1os, a\u00fan est\u00e1s por hacer. A los treinta y tantos la cosa va de madurar. Toca asentarse en un trabajo fijo (que te guste ya es secundario), hipotecarte por una casa, arrancar el proyecto de montar una familia.Lo de seguir el patr\u00f3n establecido es una opci\u00f3n, pero hay otra menos mainstream, y un pel\u00edn menos madura, que est\u00e1 llena de ventajas. En esa vida alternativa, el trabajo igual no tiene la palabra indefinido en el contrato, pero seguro que es algo con lo que te sientes realizado. A los treinta puedes vivir una d\u00e9cada tan divertida como la de los veinte.<\/p>\n","protected":false},"excerpt":{"rendered":"<p>GARC\u00cdA MIRANDA, CARLOS \/ D\u00cdAZ-FAES, JUAN<\/p>\n","protected":false},"featured_media":234068,"template":"","meta":{"_acf_changed":false,"om_disable_all_campaigns":false,"rs_blank_template":"","rs_page_bg_color":"","slide_template_v7":"","inline_featured_image":false,"_monsterinsights_skip_tracking":false,"_monsterinsights_sitenote_active":false,"_monsterinsights_sitenote_note":"","_monsterinsights_sitenote_category":0},"product_brand":[],"product_cat":[108],"product_tag":[],"class_list":{"0":"post-234067","1":"product","2":"type-product","3":"status-publish","4":"has-post-thumbnail","6":"product_cat-comic","8":"first","9":"instock","10":"taxable","11":"shipping-taxable","12":"purchasable","13":"product-type-simple"},"acf":{"autor":"GARC\u00cdA MIRANDA, CARLOS \/ D\u00cdAZ-FAES, JUAN","codart":"841648957","libros-coleccion":"","ediciones":"1","encuadernacion":"R\u00fastica","fecha_de_publicacion":"04\/05\/2016","novedad":"0","paginas":"160","subtitulo":"","orden":"999","portada":"0","idioma":"spa","autores-libros":[{"ID":152257,"post_author":"3","post_date":"2022-10-14 14:47:20","post_date_gmt":"2022-10-14 12:47:20","post_content":"","post_title":"CARLOS GARCIA MIRANDA","post_excerpt":"","post_status":"publish","comment_status":"closed","ping_status":"closed","post_password":"","post_name":"carlos-garcia-miranda","to_ping":"","pinged":"","post_modified":"2022-10-14 14:47:20","post_modified_gmt":"2022-10-14 12:47:20","post_content_filtered":"","post_parent":0,"guid":"http:\/\/dev.claret.cat\/autor\/carlos-garcia-miranda\/","menu_order":0,"post_type":"autor","post_mime_type":"","comment_count":"0","filter":"raw"}]},"aioseo_notices":[],"_links":{"self":[{"href":"https:\/\/www.claret.cat\/es\/wp-json\/wp\/v2\/product\/234067","targetHints":{"allow":["GET"]}}],"collection":[{"href":"https:\/\/www.claret.cat\/es\/wp-json\/wp\/v2\/product"}],"about":[{"href":"https:\/\/www.claret.cat\/es\/wp-json\/wp\/v2\/types\/product"}],"wp:featuredmedia":[{"embeddable":true,"href":"https:\/\/www.claret.cat\/es\/wp-json\/wp\/v2\/media\/234068"}],"wp:attachment":[{"href":"https:\/\/www.claret.cat\/es\/wp-json\/wp\/v2\/media?parent=234067"}],"wp:term":[{"taxonomy":"product_brand","embeddable":true,"href":"https:\/\/www.claret.cat\/es\/wp-json\/wp\/v2\/product_brand?post=234067"},{"taxonomy":"product_cat","embeddable":true,"href":"https:\/\/www.claret.cat\/es\/wp-json\/wp\/v2\/product_cat?post=234067"},{"taxonomy":"product_tag","embeddable":true,"href":"https:\/\/www.claret.cat\/es\/wp-json\/wp\/v2\/product_tag?post=234067"}],"curies":[{"name":"wp","href":"https:\/\/api.w.org\/{rel}","templated":true}]}}