{"id":234124,"date":"2022-10-20T21:10:54","date_gmt":"2022-10-20T19:10:54","guid":{"rendered":"http:\/\/dev.claret.cat\/producte\/exploradores-y-descubrimientos\/"},"modified":"2023-01-28T04:14:43","modified_gmt":"2023-01-28T03:14:43","slug":"exploradores-y-descubrimientos-9781474915380","status":"publish","type":"product","link":"https:\/\/www.claret.cat\/es\/libro\/exploradores-y-descubrimientos-9781474915380\/","title":{"rendered":"EXPLORADORES Y DESCUBRIMIENTOS"},"content":{"rendered":"<p>Un libro fascinante para aprender de una manera amena un sinf\u00edn de cosas sobre los exploradores y los descubrimientos m\u00e1s importantes de la historia. Bajo sus solapas se esconden multitud de datos interesantes sobre el viaje a China de Marco Polo en 1271, la vuelta al mundo en 28 a\u00f1os de Ibn Battuta, el descubrimiento del Nuevo Mundo de Crist\u00f3bal Col\u00f3n, la exploraci\u00f3n de los Polos, la navegaci\u00f3n espacial y mucho m\u00e1s.<\/p>\n","protected":false},"excerpt":{"rendered":"<p>BONE EMILY<\/p>\n","protected":false},"featured_media":234125,"template":"","meta":{"_acf_changed":false,"om_disable_all_campaigns":false,"rs_blank_template":"","rs_page_bg_color":"","slide_template_v7":"","inline_featured_image":false,"_monsterinsights_skip_tracking":false,"_monsterinsights_sitenote_active":false,"_monsterinsights_sitenote_note":"","_monsterinsights_sitenote_category":0},"product_brand":[],"product_cat":[86],"product_tag":[],"class_list":{"0":"post-234124","1":"product","2":"type-product","3":"status-publish","4":"has-post-thumbnail","6":"product_cat-infantil","8":"first","9":"instock","10":"taxable","11":"shipping-taxable","12":"purchasable","13":"product-type-simple"},"acf":{"autor":"BONE EMILY","codart":"147491538","libros-coleccion":"","ediciones":"1","encuadernacion":"Carpeta","fecha_de_publicacion":"03\/05\/2016","novedad":"0","paginas":"16","subtitulo":"","orden":"999","portada":"0","idioma":"spa","editorial":[{"ID":8272,"post_author":"3","post_date":"2022-09-30 09:21:39","post_date_gmt":"2022-09-30 07:21:39","post_content":"","post_title":"USBORNE PUBLISHING LTD.","post_excerpt":"","post_status":"publish","comment_status":"closed","ping_status":"closed","post_password":"","post_name":"usborne-publishing-ltd","to_ping":"","pinged":"","post_modified":"2022-09-30 09:21:39","post_modified_gmt":"2022-09-30 07:21:39","post_content_filtered":"","post_parent":0,"guid":"http:\/\/dev.claret.cat\/editorial\/usborne-publishing-ltd\/","menu_order":0,"post_type":"editorial","post_mime_type":"","comment_count":"0","filter":"raw"}],"autores-libros":[{"ID":151805,"post_author":"3","post_date":"2022-10-14 14:43:46","post_date_gmt":"2022-10-14 12:43:46","post_content":"","post_title":"BONE EMILY","post_excerpt":"","post_status":"publish","comment_status":"closed","ping_status":"closed","post_password":"","post_name":"bone-emily","to_ping":"","pinged":"","post_modified":"2022-10-14 14:43:46","post_modified_gmt":"2022-10-14 12:43:46","post_content_filtered":"","post_parent":0,"guid":"http:\/\/dev.claret.cat\/autor\/bone-emily\/","menu_order":0,"post_type":"autor","post_mime_type":"","comment_count":"0","filter":"raw"}]},"aioseo_notices":[],"_links":{"self":[{"href":"https:\/\/www.claret.cat\/es\/wp-json\/wp\/v2\/product\/234124","targetHints":{"allow":["GET"]}}],"collection":[{"href":"https:\/\/www.claret.cat\/es\/wp-json\/wp\/v2\/product"}],"about":[{"href":"https:\/\/www.claret.cat\/es\/wp-json\/wp\/v2\/types\/product"}],"wp:featuredmedia":[{"embeddable":true,"href":"https:\/\/www.claret.cat\/es\/wp-json\/wp\/v2\/media\/234125"}],"wp:attachment":[{"href":"https:\/\/www.claret.cat\/es\/wp-json\/wp\/v2\/media?parent=234124"}],"wp:term":[{"taxonomy":"product_brand","embeddable":true,"href":"https:\/\/www.claret.cat\/es\/wp-json\/wp\/v2\/product_brand?post=234124"},{"taxonomy":"product_cat","embeddable":true,"href":"https:\/\/www.claret.cat\/es\/wp-json\/wp\/v2\/product_cat?post=234124"},{"taxonomy":"product_tag","embeddable":true,"href":"https:\/\/www.claret.cat\/es\/wp-json\/wp\/v2\/product_tag?post=234124"}],"curies":[{"name":"wp","href":"https:\/\/api.w.org\/{rel}","templated":true}]}}